{"id":1572,"date":"2018-07-26T16:52:28","date_gmt":"2018-07-26T16:52:28","guid":{"rendered":"http:\/\/www.tada.si\/?page_id=1572"},"modified":"2026-03-06T14:22:56","modified_gmt":"2026-03-06T12:22:56","slug":"o-podjetju","status":"publish","type":"page","link":"https:\/\/www.tada.si\/en\/o-podjetju\/","title":{"rendered":"O NAS"},"content":{"rendered":"<p data-start=\"179\" data-end=\"519\">Podjetje <strong data-start=\"188\" data-end=\"204\">TA-DA d.o.o.<\/strong>, ustanovljeno leta 1993, je vodilno na slovenskem trgu na podro\u010dju nadzornih sistemov, namenjenih tako doma\u010di kot profesionalni uporabi. Na\u0161a strokovna ekipa zagotavlja <strong data-start=\"374\" data-end=\"444\">brezpla\u010dno svetovanje, podporo pri monta\u017ei in strokovno namestitev<\/strong> sistemov, s \u010dimer strankam zagotavljamo celovito in zanesljivo storitev.<\/p>\n<p data-start=\"521\" data-end=\"811\">Smo <strong data-start=\"525\" data-end=\"594\">neposredni uvozniki nadzornih sistemov, alarmov in sorodne opreme<\/strong>, ki se odlikujejo po uporabnosti, enostavnem upravljanju na daljavo in brez\u017ei\u010dnem delovanju. Zavezani smo k <strong data-start=\"703\" data-end=\"747\">najvi\u0161ji kakovosti in konkuren\u010dnim cenam<\/strong>, saj nenehno sledimo tehnolo\u0161kim trendom in novostim na trgu.<\/p>\n<p data-start=\"813\" data-end=\"1144\">Poleg nadzornih sistemov ponujamo tudi <strong data-start=\"852\" data-end=\"905\">kakovostne telekomunikacijske storitve in izdelke.<\/strong>\u00a0Pri nas lahko uredite vse od <strong data-start=\"982\" data-end=\"1092\">menjave SIM kartic, do nakupa novega telefonskega aparata<\/strong>, pri \u010demer vam zagotavljamo strokovno svetovanje.<\/p>\n<p data-start=\"1146\" data-end=\"1300\">Obi\u0161\u010dete nas lahko v <strong data-start=\"1167\" data-end=\"1201\">Ljubljani, na Litostrojski 42d<\/strong>, kjer si lahko v \u017eivo ogledate delovanje sistemov in se na podlagi tega la\u017eje odlo\u010dite za nakup.<\/p>","protected":false},"excerpt":{"rendered":"<p>Podjetje TA-DA d.o.o., ustanovljeno leta 1993, je vodilno na slovenskem trgu na podro\u010dju nadzornih sistemov, namenjenih tako doma\u010di kot profesionalni uporabi. Na\u0161a strokovna ekipa zagotavlja brezpla\u010dno svetovanje, podporo pri monta\u017ei in strokovno namestitev sistemov, s \u010dimer strankam zagotavljamo celovito in zanesljivo storitev. Smo neposredni uvozniki nadzornih sistemov, alarmov in sorodne opreme, ki se odlikujejo po [&hellip;]<\/p>\n","protected":false},"author":2113,"featured_media":0,"parent":0,"menu_order":0,"comment_status":"closed","ping_status":"closed","template":"","meta":{"inline_featured_image":false,"footnotes":""},"class_list":["post-1572","page","type-page","status-publish","czr-hentry"],"_links":{"self":[{"href":"https:\/\/www.tada.si\/en\/wp-json\/wp\/v2\/pages\/1572","targetHints":{"allow":["GET"]}}],"collection":[{"href":"https:\/\/www.tada.si\/en\/wp-json\/wp\/v2\/pages"}],"about":[{"href":"https:\/\/www.tada.si\/en\/wp-json\/wp\/v2\/types\/page"}],"author":[{"embeddable":true,"href":"https:\/\/www.tada.si\/en\/wp-json\/wp\/v2\/users\/2113"}],"replies":[{"embeddable":true,"href":"https:\/\/www.tada.si\/en\/wp-json\/wp\/v2\/comments?post=1572"}],"version-history":[{"count":3,"href":"https:\/\/www.tada.si\/en\/wp-json\/wp\/v2\/pages\/1572\/revisions"}],"predecessor-version":[{"id":10897,"href":"https:\/\/www.tada.si\/en\/wp-json\/wp\/v2\/pages\/1572\/revisions\/10897"}],"wp:attachment":[{"href":"https:\/\/www.tada.si\/en\/wp-json\/wp\/v2\/media?parent=1572"}],"curies":[{"name":"wp","href":"https:\/\/api.w.org\/{rel}","templated":true}]}}