{"id":6148,"date":"2022-12-21T23:43:04","date_gmt":"2022-12-21T21:43:04","guid":{"rendered":"http:\/\/www.tada.si\/?page_id=6148"},"modified":"2022-12-21T23:43:06","modified_gmt":"2022-12-21T21:43:06","slug":"politika-zasebnosti","status":"publish","type":"page","link":"https:\/\/www.tada.si\/en\/politika-zasebnosti\/","title":{"rendered":"Politika zasebnosti"},"content":{"rendered":"<p><strong>Varovanje podatkov<br><\/strong>Lastnik spletnega mesta tada.si zagotavlja varovanje osebnih podatkov, ki bodo uporabljeni izklju\u010dno v namene obve\u0161\u010danja o poteku naro\u010dila (v primeru opravljenega nakupa v spletni trgovini), ter po\u0161iljanje reklamnega gradiva. Lastnik jam\u010di, da bodo podatki obiskovalcev in uporabnikov uporabljeni le v namen nemotenega poteka naro\u010dil in ne bodo predani tretji osebi. V primeru te\u017eav oz. nejasnosti pri uporabi spletnega mesta si lastnik spletnega mesta pridr\u017euje pravico do stika s potro\u0161nikom prek sredstev komunikacije na daljavo.<\/p>\n\n\n\n<p>Obiskovalec z izvedeno registracijo dovoljuje lastniku spletnega mesta zbiranje in uporabo osebnih podatkov, ki jih vnese pri registraciji. Vsi podatki, ki jih obiskovalec navede pri registraciji so namenjeni le poslovanju ponudnika, ki jih ne posreduje v druge namene ali tretji osebi. Trajno hranimo podatke, ki jih je obiskovalec vnesel ob registraciji v ra\u010dunalni\u0161ki sistem, ki je ustrezno varovan in za\u0161\u010diten. Ob morebitnem &#8220;vdoru&#8221; v ra\u010dunalni\u0161ki sistem ne nosimo odgovornosti!<br><strong><br>Katere osebne podatke dr\u017eimo in kako jih lahko spremenite<br><\/strong>Poro\u010dilo o va\u0161ih osebnih podatkih lahko pridobite preko na\u0161ega email naslov: info@tada.si. Sledite korakom za pridobitev poro\u010dila in navodilom za popravek ali popolno odstranitev va\u0161ih podatkov. Kako lahko urejate va\u0161e osebne podatke ali jih nadzirate posamezno, je odvisno od na\u010dina oddaje podatkov pri naro\u010dilu z ustvarjanjem uporabni\u0161kega ra\u010duna, naro\u010dilu kot gost, ali vpis va\u0161ega email naslova v Newsletter. Vedno lahko izberete, ali \u017eelite prejemati promocijska obvestila, telefonske klice ali klasi\u010dno po\u0161to od podjetja TA-DA d.o.o., Litostrojska 42 d, 1000 Ljubljana.<\/p>","protected":false},"excerpt":{"rendered":"<p>Varovanje podatkovLastnik spletnega mesta tada.si zagotavlja varovanje osebnih podatkov, ki bodo uporabljeni izklju\u010dno v namene obve\u0161\u010danja o poteku naro\u010dila (v primeru opravljenega nakupa v spletni trgovini), ter po\u0161iljanje reklamnega gradiva. Lastnik jam\u010di, da bodo podatki obiskovalcev in uporabnikov uporabljeni le v namen nemotenega poteka naro\u010dil in ne bodo predani tretji osebi. V primeru te\u017eav oz. [&hellip;]<\/p>\n","protected":false},"author":2115,"featured_media":0,"parent":0,"menu_order":0,"comment_status":"closed","ping_status":"closed","template":"","meta":{"inline_featured_image":false,"footnotes":""},"class_list":["post-6148","page","type-page","status-publish","czr-hentry"],"_links":{"self":[{"href":"https:\/\/www.tada.si\/en\/wp-json\/wp\/v2\/pages\/6148","targetHints":{"allow":["GET"]}}],"collection":[{"href":"https:\/\/www.tada.si\/en\/wp-json\/wp\/v2\/pages"}],"about":[{"href":"https:\/\/www.tada.si\/en\/wp-json\/wp\/v2\/types\/page"}],"author":[{"embeddable":true,"href":"https:\/\/www.tada.si\/en\/wp-json\/wp\/v2\/users\/2115"}],"replies":[{"embeddable":true,"href":"https:\/\/www.tada.si\/en\/wp-json\/wp\/v2\/comments?post=6148"}],"version-history":[{"count":1,"href":"https:\/\/www.tada.si\/en\/wp-json\/wp\/v2\/pages\/6148\/revisions"}],"predecessor-version":[{"id":6149,"href":"https:\/\/www.tada.si\/en\/wp-json\/wp\/v2\/pages\/6148\/revisions\/6149"}],"wp:attachment":[{"href":"https:\/\/www.tada.si\/en\/wp-json\/wp\/v2\/media?parent=6148"}],"curies":[{"name":"wp","href":"https:\/\/api.w.org\/{rel}","templated":true}]}}