{"id":916,"date":"2018-07-05T15:11:56","date_gmt":"2018-07-05T15:11:56","guid":{"rendered":"http:\/\/www.tada.si\/?page_id=916"},"modified":"2026-03-06T14:14:06","modified_gmt":"2026-03-06T12:14:06","slug":"splosni-pogoji","status":"publish","type":"page","link":"https:\/\/www.tada.si\/en\/splosni-pogoji\/","title":{"rendered":"Splo\u0161ni pogoji poslovanja"},"content":{"rendered":"<p><strong>Splo\u0161ni pogoji poslovanja spletne trgovine<br \/>\n<\/strong>Spletno mesto tada.si vsebuje spletno trgovino, ki deluje v skladu z Zakonom o varstvu potro\u0161nikov. Ob prijavi v sistem obiskovalec pridobi uporabni\u0161ko ime in geslo, s katerima ob vsakem obisku spletnega mesta lahko dostopa tudi do svojega ra\u010duna (Uporabni\u0161ki profil) oz. pridobi pravico do nakupa. Uporabni\u0161ko ime in geslo se uporabnika nedvoumno dolo\u010data in povezujeta z vnesenimi podatki. Splo\u0161ni pogoji poslovanja obravnavajo delovanje spletne trgovine, pravice uporabnika ter poslovni odnos med lastnikom spletne trgovine, ponudniki artiklov in potro\u0161nikom.<\/p>\n<p><strong>Cene in a\u017eurnost podatkov<br \/>\n<\/strong>Vse cene so v EUR in vsebujejo predpisani DDV. Zavezanci za DDV so dol\u017eni ob registraciji navesti tudi svojo dav\u010dno \u0161tevilko. Cene veljajo do objave novih cen na spletni strani www.tada.si.<br \/>\nPonudnik sku\u0161a \u010dim bolje skrbeti za a\u017eurnost in pravilnost podatkov, ki so navedeni na spletu. Kljub temu pa se lastnosti artiklov, dobavni rok in cena spreminjajo, tako da obstaja mo\u017enost, da ponudnik ne utegne so\u010dasno s spremembo popraviti podatkov na spletnih straneh. V takem primeru se kupca obvesti o spremembah ter omogo\u010di preklic ali zamenjavo naro\u010denega artikla.<br \/>\nV primeru, da se cena artikla tekom obdelave naro\u010dila spremeni, bo ponudnik kupca o tem obvestil. Ponudnik bo po svojih najbolj\u0161ih mo\u010deh sku\u0161al v vsakem primeru kupcu zagotoviti ni\u017ejo ceno oz. ponuditi ustrezno re\u0161itev, ki bo \u0161la v obojestransko zadovoljstvo.<br \/>\nStro\u0161ki embala\u017ee, pakiranja in dostave so pav\u0161alni in zna\u0161ajo 3,90 EUR. Pri naro\u010dilu blaga v vrednosti nad 100,00 EUR so zgoraj na\u0161teti stro\u0161ki brezpla\u010dni. Po\u0161iljamo preko Po\u0161te Slovenije in ponudnika DPD v dogovorjenem roku.<\/p>\n<p><strong>Naro\u010danje<br \/>\n<\/strong>Naro\u010danje poteka prek interneta 24 ur na dan, vse dni v letu. Potro\u0161nik izbira in naro\u010di izdelke, ki so mu na voljo v spletni trgovini, razvr\u0161\u010dene v kategorijah.<br \/>\nPo oddaji naro\u010dila kupec prejme obvestilo po elektronski po\u0161ti, da je naro\u010dilo sprejeto. V njem so navedeni izdelki in koli\u010dine, ki jih je kupec izbral. Kupcu so iz\u010drpni podatki o statusu in vsebini naro\u010dila vselej dostopni v spletni trgovini v rubriki Profil obiskovalca (povezava Va\u0161 profil). O morebitni spremembi naro\u010dila oz. preklica, mora kupec o tem ponudnika obvestiti na email naslov info@tada.si, kjer mora navesti tudi \u0161tevilko nakupa, ki je omenjena v elektronskem sporo\u010dilu o nakupu. Ponudnik v obljubljenem roku blago diskretno zapakira, odpo\u0161lje in o tem po elektronski po\u0161ti obvesti kupca. V omenjenem elektronskem sporo\u010dilu pou\u010di kupca tudi o politiki vra\u010danja blaga, kam se lahko obrne v primeru zamude pri dostavi in kam se lahko obrne v primeru prito\u017ebe.<\/p>\n<p><strong>Pravica do odstopa od nakupa, vra\u010dilo blaga<br \/>\n<\/strong>Kupec ima pravico, da v 14 dneh od prevzema blaga podjetju sporo\u010di, da odstopa od nakupa, ne da bi mu bilo potrebno navesti razlog za svojo odlo\u010ditev. \u0160teje se, da je sporo\u010dilo pravo\u010dasno, \u010de je po\u0161iljka oddana v roku. Edini stro\u0161ek, ki bremeni kupca v zvezi z odstopom od nakupa, je neposreden stro\u0161ek vra\u010dila blaga. Slednjega mora vrniti podjetju najkasneje v 14 dneh po sporo\u010dilu o odstopu. \u010ce je kupec odstopil od nakupa, mu mora podjetje vrniti vsa opravljena pla\u010dila. Vra\u010dilo pla\u010dil mora podjetje opraviti takoj, ko je to mogo\u010de, najkasneje pa v 14 dneh po prejemu sporo\u010dila o odstopu pogodbe. \u010ce je podjetje zamudilo z vra\u010dilom vpla\u010dil, mora kupcu poleg zakonitih zamudnih obresti pla\u010dati \u0161e 1\/10 prejetih pla\u010dil za vsakih dopolnjenih 30 dni zamude pri vra\u010dilu. V primeru vra\u010dila artikla, mora kupec artikel pred predajo prevozniku ustrezno za\u0161\u010dititi. Artikel mora za\u0161\u010dititi z originalno embala\u017eo ali embala\u017eo, ki lahko artikel za\u0161\u010diti enako kot ga je originalna embala\u017ea. Stro\u0161ke po\u0161iljanja vedno krije po\u0161iljatelj, razen \u010de je vnaprej dogovorjeno druga\u010de. <strong>Po\u0161iljk z odkupnino ne sprejemamo<\/strong>.<\/p>\n<p><strong>Na\u010dini pla\u010dila<br \/>\n<\/strong>V spletni prodajalni ponudnik omogo\u010da pla\u010dilo po predra\u010dunu, preko PayPal-a in po povzetju z gotovino ob prevzemu. Po\u0161tnemu uslu\u017ebencu ali dostavljalcu ob prevzemu paketa izro\u010dite gotovino in po\u0161ta bo za vas opravila pla\u010dilo, pri \u010demer Po\u0161ti Slovenije pla\u010date provizijo za izvedbo storitve odkupa v vi\u0161ini 1,22\u20ac z DDV (Cenik Po\u0161te Slovenije veljaven od 21.5.2019).<\/p>\n<p>Kupoprodajna pogodba (naro\u010dilo) je v elektronski obliki shranjena na stre\u017eniku upravljalca spletnega mesta in tako kupcu dostopna 24 ur na dan v njegovem uporabni\u0161kem profilu.<\/p>\n<p><strong>Stvarne napake<\/strong><br \/>\nProdajalec odgovarja za napake na blagu skladno z ugotavljanjem njegove odgovornosti po dolo\u010dilih Obligacijskega zakonika in dolo\u010dilih ZVPot. Pri tem prodajalec odgovarja za stvarne napake na blagu , ki se poka\u017eejo\u00a0v dveh letih od prevzema blaga oziroma v enem letu za rabljeno blago, skladno z ZVPot. Potro\u0161nik lahko uveljavlja svoje pravice iz naslova stvarne napake, \u010de o napaki obvesti prodajalca v roku dveh mesecev od dneva, ko je bila napaka odkrita. Potro\u0161nik mora v obvestilu o napaki natan\u010dneje opisati napako in prodajalcu omogo\u010diti, da stvar pregleda. Obvestilo o napaki lahko potro\u0161nik prodajalcu sporo\u010di osebno, o \u010demer mu prodajalec mora izdati potrdilo, ali ga po\u0161lje v prodajalno, kjer je bilo blago kupljeno, ali pa zastopniku prodajalca, s katerim je sklenil pogodbo. Prodajalec ne odgovarja za stvarne napake na blagu, ki se poka\u017eejo potem, ko mineta dve leti od izro\u010ditve. \u0160teje se, da je napaka na blagu obstajala \u017ee v \u010dasu izro\u010ditve, \u010de se pojavi v roku \u0161est mesecev od izro\u010ditve. \u010ce obstoj napake na blagu oziroma nepravilnost pri opravljeni storitvi ni sporna, mora podjetje \u010dimprej, vendar najpozneje v roku osmih dni ugoditi potro\u0161nikovi zahtevi iz 37.c in 38. \u010dlena Zakona o varstvu potro\u0161nikov. Podjetje mora pisno odgovoriti potro\u0161niku na zahtevo najpozneje v osmih dneh po njenem prejemu, \u010de je obstoj napake na blagu oziroma nepravilnost pri opravljeni storitvi sporen.<\/p>\n<p><strong>Garancija<\/strong><\/p>\n<p>Proizvajalec je v skladu z zakonom dol\u017ean kupcu zagotoviti garancijo za brezhibno delovanje kupljenega blaga. Garancijo lahko kupec uveljavlja neposredno pri proizvajalcu, njegovem poobla\u0161\u010denem servisu ali pri prodajalcu.<\/p>\n<p>Garancija je veljavna le ob upo\u0161tevanju navodil, s potrjenim garancijskim listom. Garancijski roki so navedeni na garancijskem listu. Informacija o garanciji je predstavljena tudi na strani s predstavitvijo artikla.<\/p>\n<p>Garancija na izdelke velja dvanajst (12) mesecev za dodatno opremo:, slu\u0161alke, USB kable, baterije, prenosne baterije, preklopne torbice in silikonske ovitke (garancija ne upo\u0161teva mehanskih po\u0161kodb in obrabe materiala zaradi uporabe ob normalni uporabi).<\/p>\n<p>V primeru, da je garancijski rok dalj\u0161i od 12 mesecev, je trajanje garancije navedeno v opisu posameznega artikla.<\/p>\n<p><strong>Prito\u017ebe in spori<\/strong><br \/>\nPonudnik spo\u0161tuje veljavno zakonodajo o varstvu potro\u0161nikov. Ponudnik se po vseh mo\u010deh trudi izpolnjevati svojo dol\u017enost vzpostaviti u\u010dinkovit sistem obravnavanja prito\u017eb in dolo\u010diti osebo, s katero se, v primeru te\u017eav, kupec lahko pove\u017ee telefonsko ali po elektronski po\u0161ti. Prito\u017eba se odda prek e-po\u0161tnega naslova info@tada.si. Postopek obravnave prito\u017ebe je zaupen. Ponudnik se zaveda, da je bistvena zna\u010dilnost potro\u0161ni\u0161kega spora, vsaj kar zadeva sodno re\u0161evanje, njegova nesorazmernost med ekonomsko vrednostjo zahtevka in stro\u0161ki, ki nastanejo pri re\u0161evanju samega spora. To je tudi glavna ovira, da potro\u0161nik ne spro\u017ei spora pred sodi\u0161\u010dem. Zato se ponudnik prizadeva po svojih najbolj\u0161ih mo\u010deh, da se morebitni spori re\u0161ijo sporazumno.<\/p>\n<p>Kupec lahko vlo\u017ei prito\u017ebo tudi preko platforme za <a href=\"https:\/\/ec.europa.eu\/consumers\/odr\/main\/index.cfm?event=main.home2.show&amp;lng=SL\" target=\"_blank\" rel=\"noopener\"><span style=\"color: windowtext;\">Spletno re\u0161evanje potro\u0161ni\u0161kih sporov<\/span><\/a>.<\/p>\n<p><strong>Izvensodno re\u0161evanje sporov<\/strong><br \/>\nPodjetje TA-DA d.o.o. ne priznava nobenega izvajalca IRPS.<\/p>\n<p><strong>Varovanje podatkov<br \/>\n<\/strong>Lastnik spletnega mesta tada.si. zagotavlja varovanje osebnih podatkov, ki bodo uporabljeni izklju\u010dno v namene obve\u0161\u010danja o poteku naro\u010dila (v primeru, da obiskovalec v spletni trgovini opravi nakup) ter po\u0161iljanje reklamnega gradiva. Lastnik jam\u010di, da bodo podatki obiskovalcev in uporabnikov uporabljeni le v namen nemotenega poteka naro\u010dil in ne bodo predani tretji osebi. V primeru te\u017eav oz. nejasnosti pri uporabi spletnega mesta si lastnik spletnega mesta pridr\u017euje pravico do stika s potro\u0161nikom prek sredstev komunikacij na daljavo. Obiskovalec z izvedeno registracijo dovoljuje lastniku spletnega mesta zbiranje in uporabo osebnih podatkov, ki jih vnese pri registraciji. Vsi podatki, ki jih obiskovalec navede pri registraciji so namenjeni le poslovanju ponudnika, ki jih ne posreduje v druge namene ali tretji osebi. Trajno hranimo podatke, ki jih je obiskovalec vnesel ob registraciji v ra\u010dunalni\u0161ki sistem, ki je ustrezno varovan in za\u0161\u010diten. Ob morebitnem &#8220;vdoru&#8221; v ra\u010dunalni\u0161ki sistem ne nosimo odgovornosti!<\/p>\n<p><strong>Avtorske pravice<\/strong><\/p>\n<p>Spletno mesto tada.si. je v lasti podjetja TA-DA d.o.o. Vse pravice so pridr\u017eane. Vsebine na spletnih straneh lahko vsebujejo gradivo, katerega avtorske pravice so lahko tudi last tretjih oseb. Zato je vsakr\u0161no posredovanje informacij iz spletnih strani dovoljeno samo s pisno odobritvijo lastnika. Pridr\u017eujemo si pravico do spremembe pogojev brez predhodnega obvestila.<\/p>\n<p>Vsi artikli lahko vsebujejo reklamne nalepke na\u0161ega podjetja.<\/p>\n<p>Nazadnje spremenjeno: 29.07.2019<\/p>","protected":false},"excerpt":{"rendered":"<p>Splo\u0161ni pogoji poslovanja spletne trgovine Spletno mesto tada.si vsebuje spletno trgovino, ki deluje v skladu z Zakonom o varstvu potro\u0161nikov. Ob prijavi v sistem obiskovalec pridobi uporabni\u0161ko ime in geslo, s katerima ob vsakem obisku spletnega mesta lahko dostopa tudi do svojega ra\u010duna (Uporabni\u0161ki profil) oz. pridobi pravico do nakupa. Uporabni\u0161ko ime in geslo se [&hellip;]<\/p>\n","protected":false},"author":2113,"featured_media":0,"parent":0,"menu_order":0,"comment_status":"closed","ping_status":"closed","template":"","meta":{"inline_featured_image":false,"footnotes":""},"class_list":["post-916","page","type-page","status-publish","czr-hentry"],"_links":{"self":[{"href":"https:\/\/www.tada.si\/en\/wp-json\/wp\/v2\/pages\/916","targetHints":{"allow":["GET"]}}],"collection":[{"href":"https:\/\/www.tada.si\/en\/wp-json\/wp\/v2\/pages"}],"about":[{"href":"https:\/\/www.tada.si\/en\/wp-json\/wp\/v2\/types\/page"}],"author":[{"embeddable":true,"href":"https:\/\/www.tada.si\/en\/wp-json\/wp\/v2\/users\/2113"}],"replies":[{"embeddable":true,"href":"https:\/\/www.tada.si\/en\/wp-json\/wp\/v2\/comments?post=916"}],"version-history":[{"count":2,"href":"https:\/\/www.tada.si\/en\/wp-json\/wp\/v2\/pages\/916\/revisions"}],"predecessor-version":[{"id":10896,"href":"https:\/\/www.tada.si\/en\/wp-json\/wp\/v2\/pages\/916\/revisions\/10896"}],"wp:attachment":[{"href":"https:\/\/www.tada.si\/en\/wp-json\/wp\/v2\/media?parent=916"}],"curies":[{"name":"wp","href":"https:\/\/api.w.org\/{rel}","templated":true}]}}