{"id":920,"date":"2018-07-05T15:16:00","date_gmt":"2018-07-05T15:16:00","guid":{"rendered":"http:\/\/www.tada.si\/?page_id=920"},"modified":"2026-02-26T11:20:54","modified_gmt":"2026-02-26T09:20:54","slug":"dostava-in-prevzem","status":"publish","type":"page","link":"https:\/\/www.tada.si\/en\/dostava-in-prevzem\/","title":{"rendered":"Dostava in prevzem"},"content":{"rendered":"<p><strong>KDAJ<br \/>\n<\/strong>Na\u0161e podjetje se zavezuje, da bo blago dostavilo v najkraj\u0161em mo\u017enem \u010dasu. Ponudnik zagotavlja rok dobave 10 dni. V primeru ve\u010djega naro\u010dila, je dobavni rok po dogovoru. \u010ce katerega od naro\u010denih artiklov ni na zalogi, vas bomo obvestili s pomo\u010djo komunikacijskih sredstev, ki ste jih navedli ob va\u0161i prijavi. Dostava se vr\u0161i naslednji delovni dan od dneva odpreme. Ob odpremi po\u0161iljke boste prejeli obvestilo.<\/p>\n<p><strong>KDO<\/strong><br \/>\nBlago, naro\u010deno v spletni trgovini, dostavljamo s pogodbeno dostavno slu\u017ebo (Po\u0161ta Slovenije ali DPD).<\/p>\n<p><strong>STRO\u0160KI<\/strong><br \/>\nPri nakupu izdelkov nad 100 EUR krije stro\u0161ke dostave za naro\u010dene izdelke na\u0161e podjetje, ki upravlja spletno trgovino.<\/p>\n<p><strong>OPOZORILO<\/strong><br \/>\nOb prevzemu po\u0161iljke vam Po\u0161ta Slovenije zara\u010duna stro\u0161ke na\u0161ega po\u0161iljanja 3.90 EUR, ki je pav\u0161alno, v kolikor pa je naro\u010dilo ve\u010d kot 100 EUR, teh stro\u0161kov nimate.<\/p>\n<p><strong>KAM<\/strong><br \/>\nDostava se vr\u0161i na naslov, ki ga vnesete ob oddaji naro\u010dila. Poleg primarnega naslova lahko dolo\u010dite dodaten naslov, \u010de \u017eelite dostavo na ta naslov. O spremembi naslova dostave nas lahko obvestite tudi preko e-maila.<br \/>\nV primeru pla\u010dila po povzetju prosimo poskrbite, da bo imel prejemnik po\u0161iljke pri sebi dovolj gotovine za pla\u010dilo odkupnine.<br \/>\n\u010ce vas v \u010dasu dostave ni doma, bo uslu\u017ebenec Po\u0161te Slovenije pustil sporo\u010dilo, na podlagi katerega se boste dogovorili za ponovno dostavo ali prevzem v najbli\u017eji poslovalnici Po\u0161te Slovenije.<\/p>","protected":false},"excerpt":{"rendered":"<p>KDAJ Na\u0161e podjetje se zavezuje, da bo blago dostavilo v najkraj\u0161em mo\u017enem \u010dasu. Ponudnik zagotavlja rok dobave 10 dni. V primeru ve\u010djega naro\u010dila, je dobavni rok po dogovoru. \u010ce katerega od naro\u010denih artiklov ni na zalogi, vas bomo obvestili s pomo\u010djo komunikacijskih sredstev, ki ste jih navedli ob va\u0161i prijavi. Dostava se vr\u0161i naslednji delovni [&hellip;]<\/p>\n","protected":false},"author":2113,"featured_media":0,"parent":0,"menu_order":0,"comment_status":"closed","ping_status":"closed","template":"","meta":{"inline_featured_image":false,"footnotes":""},"class_list":["post-920","page","type-page","status-publish","czr-hentry"],"_links":{"self":[{"href":"https:\/\/www.tada.si\/en\/wp-json\/wp\/v2\/pages\/920","targetHints":{"allow":["GET"]}}],"collection":[{"href":"https:\/\/www.tada.si\/en\/wp-json\/wp\/v2\/pages"}],"about":[{"href":"https:\/\/www.tada.si\/en\/wp-json\/wp\/v2\/types\/page"}],"author":[{"embeddable":true,"href":"https:\/\/www.tada.si\/en\/wp-json\/wp\/v2\/users\/2113"}],"replies":[{"embeddable":true,"href":"https:\/\/www.tada.si\/en\/wp-json\/wp\/v2\/comments?post=920"}],"version-history":[{"count":3,"href":"https:\/\/www.tada.si\/en\/wp-json\/wp\/v2\/pages\/920\/revisions"}],"predecessor-version":[{"id":10563,"href":"https:\/\/www.tada.si\/en\/wp-json\/wp\/v2\/pages\/920\/revisions\/10563"}],"wp:attachment":[{"href":"https:\/\/www.tada.si\/en\/wp-json\/wp\/v2\/media?parent=920"}],"curies":[{"name":"wp","href":"https:\/\/api.w.org\/{rel}","templated":true}]}}