{"id":922,"date":"2018-07-05T15:16:36","date_gmt":"2018-07-05T15:16:36","guid":{"rendered":"http:\/\/www.tada.si\/?page_id=922"},"modified":"2022-08-22T20:57:16","modified_gmt":"2022-08-22T18:57:16","slug":"vrnitev-blaga","status":"publish","type":"page","link":"https:\/\/www.tada.si\/en\/vrnitev-blaga\/","title":{"rendered":"Vrnitev blaga"},"content":{"rendered":"<p>Kupec lahko naro\u010dilo kadarkoli prekli\u010de oz. odstopi od pogodbe v roku 14 dni od prevzema blaga s posredovanjem preklica na elektronski naslov: info@tada.si. Edini stro\u0161ek, ki bremeni potro\u0161nika v zvezi z odstopom od pogodbe, je stro\u0161ek vra\u010dila blaga. Blago je potrebno vrniti prodajalcu najkasneje v roku 14 dni od oddanega sporo\u010dila o odstopu od pogodbe (nakupa). Kupec pravo\u010dasno vrne blago, \u010de ga po\u0161lje pred iztekom 14 dnevnega roka.<\/p>\n<p>Prejeto blago mora kupec vrniti nepo\u0161kodovano in v nespremenjeni koli\u010dini, razen \u010de je blago uni\u010deno, pokvarjeno, izgubljeno ali se je njegova koli\u010dina zmanj\u0161ala, ne da bi bil za to kriv potro\u0161nik.<br \/>\nPri vra\u010dilu artiklov, kjer so bila kori\u0161\u010dena sredstva z \u00a0ra\u010duna ali promocijska koda, se ta sredstva upo\u0161tevajo kot popust in se ob vra\u010dilu ne vrnejo (vrne se vpla\u010dan znesek), prav tako se sredstva ne vrnejo na ra\u010dun spletne trgovine &#8211; razen v primeru, \u010de je bil kori\u0161\u010den darilni bon; ta se upo\u0161teva kot pla\u010dilno sredstvo in se ob vra\u010dilu blaga vrne na uporabnikov ra\u010dun, vpla\u010dani znesek pa se vrne na enak na\u010din, s katerim je kupec oz. stranka opravila nakup blaga.<br \/>\nVra\u010dilo kupnine bo izvedeno nemudoma oziroma najkasneje v roku 14 dni od prejema sporo\u010dila o odstopu od pogodbe. Kupnina se kupcu vrne z enakim pla\u010dilnim sredstvom, kot ga je ta uporabil pri nakupu izdelkov, razen \u010de le ta izrecno zahteva uporabo drugega pla\u010dilnega sredstva in \u010de\u00a0 kupec zaradi tega ne nosi nobenih stro\u0161kov! Vrnitev prejetega blaga podjetju v roku za odstop od pogodbe se \u0161teje za sporo\u010dilo o odstopu od pogodbe.<\/p>\n<p>Obrazec za vra\u010dilo artiklov si lahko natisnete v zavihku na dnu strani.<\/p>\n<p><strong>Vra\u010dilo po\u0161kodovanih po\u0161iljk &#8211; reklamacija<\/strong><br \/>\n\u010ce ste ob prevzemu po\u0161iljke opazili, da je artikel ali paket fizi\u010dno po\u0161kodovan, v njem manjka vsebina ali ka\u017ee znake odprtja, morate spro\u017eiti postopek reklamacije pri Po\u0161ti Slovenije. To storite tako, da paket v najkraj\u0161em mo\u017enem \u010dasu odnesete na po\u0161tno enoto, ki\u00a0 je paket dostavila in po\u0161tne uslu\u017ebence opozorite, da je potrebno izpolniti obrazec Zapisnik o po\u0161kodovani po\u0161iljki, ki ga nato tudi podpi\u0161ete. Skupaj s Po\u0161to Slovenije bomo poskrbeli, da bo reklamacija re\u0161ena v najkraj\u0161em mo\u017enem \u010dasu.<\/p>\n<p><strong>Pomembno<\/strong><br \/>\nKo vra\u010date artikel prodajalcu (TA-DA d.o.o., Litostrojska 42 d, 1000 Ljubljana), je potrebno prilo\u017eiti obrazec za vra\u010dilo blaga, ki ga lahko natisnete na koncu strani pod zavihkom Obrazec za vra\u010dilo. Prilo\u017eite tudi kopijo ra\u010duna.<\/p>\n<p>Naslov za vra\u010dilo blaga prodajalcu je TA-DA d.o.o., Litostrojska 42 d 1000 Ljubljana.<br \/>\nPriporo\u010damo, da uporabite dostavno slu\u017ebo, ki omogo\u010da sledenje po\u0161iljke ter da blago ustrezno pripravite za transport (uporabite ustrezno varno embala\u017eo).<br \/>\nStro\u0161ke po\u0161iljanja vedno krije po\u0161iljatelj, razen, \u010de je vnaprej dogovorjeno druga\u010de.\u00a0<strong>Po\u0161iljk z odkupnino ne sprejemamo.<\/strong><\/p>\n<p><strong><a href=\"http:\/\/www.tada.si\/wp-content\/uploads\/2022\/08\/obrazec-za-vracilo-blaga-tada-1.docx\">Obrazec za vra\u010dilo blaga.<\/a>\u00a0<\/strong><\/p>\n<p>V primeru dodatnih vpra\u0161anj nam pi\u0161ite na info@tada.si.<\/p>","protected":false},"excerpt":{"rendered":"<p>Kupec lahko naro\u010dilo kadarkoli prekli\u010de oz. odstopi od pogodbe v roku 14 dni od prevzema blaga s posredovanjem preklica na elektronski naslov: info@tada.si. Edini stro\u0161ek, ki bremeni potro\u0161nika v zvezi z odstopom od pogodbe, je stro\u0161ek vra\u010dila blaga. Blago je potrebno vrniti prodajalcu najkasneje v roku 14 dni od oddanega sporo\u010dila o odstopu od pogodbe [&hellip;]<\/p>\n","protected":false},"author":2113,"featured_media":0,"parent":0,"menu_order":0,"comment_status":"closed","ping_status":"closed","template":"","meta":{"inline_featured_image":false,"footnotes":""},"class_list":["post-922","page","type-page","status-publish","czr-hentry"],"_links":{"self":[{"href":"https:\/\/www.tada.si\/en\/wp-json\/wp\/v2\/pages\/922","targetHints":{"allow":["GET"]}}],"collection":[{"href":"https:\/\/www.tada.si\/en\/wp-json\/wp\/v2\/pages"}],"about":[{"href":"https:\/\/www.tada.si\/en\/wp-json\/wp\/v2\/types\/page"}],"author":[{"embeddable":true,"href":"https:\/\/www.tada.si\/en\/wp-json\/wp\/v2\/users\/2113"}],"replies":[{"embeddable":true,"href":"https:\/\/www.tada.si\/en\/wp-json\/wp\/v2\/comments?post=922"}],"version-history":[{"count":0,"href":"https:\/\/www.tada.si\/en\/wp-json\/wp\/v2\/pages\/922\/revisions"}],"wp:attachment":[{"href":"https:\/\/www.tada.si\/en\/wp-json\/wp\/v2\/media?parent=922"}],"curies":[{"name":"wp","href":"https:\/\/api.w.org\/{rel}","templated":true}]}}