{"id":10018,"date":"2026-02-06T11:10:18","date_gmt":"2026-02-06T09:10:18","guid":{"rendered":"https:\/\/www.tada.si\/?post_type=product&#038;p=10018"},"modified":"2026-02-06T11:18:23","modified_gmt":"2026-02-06T09:18:23","slug":"kljucek-rfid-in-mf-1356-mhz","status":"publish","type":"product","link":"https:\/\/www.tada.si\/en\/trgovina\/avtomatizacija-doma\/citalci\/kljucek-rfid-in-mf-1356-mhz\/","title":{"rendered":"Klju\u010dek RFID IN-MF 13,56 MHz"},"content":{"rendered":"<h2>RFID klju\u010dki za uporabo v kombinaciji z RFID \u010ditalcem.<\/h2>\n<p>RFID klju\u010dki tags so brezkontaktne identifikacijske naprave, ki omogo\u010dajo hitro in zanesljivo prepoznavanje v razli\u010dnih sistemih za nadzor dostopa. Delujejo na razli\u010dnih frekvencah in so zdru\u017eljivi z ve\u010dino RFID \u010ditalnikov. Kompaktna zasnova omogo\u010da enostavno prena\u0161anje na klju\u010dih ali v torbicah. Idealni so za uporabo v varnostnih sistemih, pisarni\u0161kih okoljih in drugih identifikacijskih aplikacijah.<\/p>\n<p>&nbsp;<\/p>\n<p><img loading=\"lazy\" decoding=\"async\" class=\"alignnone\" src=\"https:\/\/m.media-amazon.com\/images\/I\/51EPM8SMPNL._AC_UF1000,1000_QL80_.jpg\" alt=\"\u010citalec RFID IN-EM\" width=\"459\" height=\"399\" \/><\/p>","protected":false},"excerpt":{"rendered":"<p>Klju\u010dek RFID 13,56 MHz MIFARE obesek v modri barvi.<\/p>\n<p>Oglejte si \u0161e ostalo ponudbo <a href=\"https:\/\/www.tada.si\/en\/product-category\/citalci\/\">\u010ditalcev za kontrolo vstopa na na\u0161i spletni strani.<\/a><\/p>","protected":false},"featured_media":10017,"comment_status":"open","ping_status":"closed","template":"","meta":{"inline_featured_image":false},"product_brand":[],"product_cat":[178],"product_tag":[],"class_list":{"0":"post-10018","1":"product","2":"type-product","3":"status-publish","4":"has-post-thumbnail","6":"product_cat-citalci","7":"pa_tip-kvadraten","8":"pa_tip-okrogel","10":"first","11":"instock","12":"taxable","13":"shipping-taxable","14":"purchasable","15":"product-type-variable","16":"czr-hentry"},"_links":{"self":[{"href":"https:\/\/www.tada.si\/en\/wp-json\/wp\/v2\/product\/10018","targetHints":{"allow":["GET"]}}],"collection":[{"href":"https:\/\/www.tada.si\/en\/wp-json\/wp\/v2\/product"}],"about":[{"href":"https:\/\/www.tada.si\/en\/wp-json\/wp\/v2\/types\/product"}],"replies":[{"embeddable":true,"href":"https:\/\/www.tada.si\/en\/wp-json\/wp\/v2\/comments?post=10018"}],"wp:featuredmedia":[{"embeddable":true,"href":"https:\/\/www.tada.si\/en\/wp-json\/wp\/v2\/media\/10017"}],"wp:attachment":[{"href":"https:\/\/www.tada.si\/en\/wp-json\/wp\/v2\/media?parent=10018"}],"wp:term":[{"taxonomy":"product_brand","embeddable":true,"href":"https:\/\/www.tada.si\/en\/wp-json\/wp\/v2\/product_brand?post=10018"},{"taxonomy":"product_cat","embeddable":true,"href":"https:\/\/www.tada.si\/en\/wp-json\/wp\/v2\/product_cat?post=10018"},{"taxonomy":"product_tag","embeddable":true,"href":"https:\/\/www.tada.si\/en\/wp-json\/wp\/v2\/product_tag?post=10018"}],"curies":[{"name":"wp","href":"https:\/\/api.w.org\/{rel}","templated":true}]}}