{"id":10368,"date":"2026-02-19T16:11:29","date_gmt":"2026-02-19T14:11:29","guid":{"rendered":"https:\/\/www.tada.si\/?post_type=product&#038;p=10368"},"modified":"2026-03-05T09:09:09","modified_gmt":"2026-03-05T07:09:09","slug":"hikvision-kamera-ds2cd1123g0e","status":"publish","type":"product","link":"https:\/\/www.tada.si\/en\/trgovina\/alarmni-in-video-nadzor\/hikvision\/dome-kamere\/hikvision-kamera-ds2cd1123g0e\/","title":{"rendered":"HikVision kamera DS-2CD1123G0E-I"},"content":{"rendered":"<h3><a href=\"https:\/\/www.hikvision.com\/en\/products\/IP-Products\/Network-Cameras\/value-series\/ds-2cd1123g0e-i\/\" target=\"_blank\" rel=\"noopener\">HikVision kamera DS-2CD1123G0E-I<\/a><\/h3>\n<p data-start=\"91\" data-end=\"446\">Profesionalna <strong data-start=\"105\" data-end=\"143\">DS-2CD1123G0E-I 2MP dome IP kamera<\/strong> zagotavlja jasno in teko\u010do sliko v lo\u010dljivosti 2 MP (1920 \u00d7 1080) pri 25 fps ter zanesljivo za\u0161\u010dito va\u0161ega objekta. Opremljena je z IR LED osvetlitvijo z dometom do 30 metrov, ki omogo\u010da no\u010dni nadzor tudi v popolni temi, in D-WDR tehnologijo za izbolj\u0161ano vidljivost v kontrastnih svetlobnih pogojih.<\/p>\n<p data-start=\"448\" data-end=\"759\">Visoko ob\u010dutljiv 2 MP senzor (0,01\u202fLux @ F1.2) in napredna video obdelava zagotavljata odli\u010dno kakovost slike tudi pri nizki svetlobi. Podprta je \u0161iroka paleta video formatov (H.265+\/H.265\/H.264+\/H.264\/MJPEG), dvostreamni prenos in bitna hitrost od 32 Kbps do 8 Mbps za u\u010dinkovito optimizacijo pasovne \u0161irine.<\/p>\n<p data-start=\"761\" data-end=\"1090\">Kamera podpira napajanje 12\u202fVDC ali PoE, kar omogo\u010da enostavno in fleksibilno monta\u017eo. Robustno ohi\u0161je z za\u0161\u010dito <strong data-start=\"874\" data-end=\"882\">IP67<\/strong> pred vodo in prahom ter <strong data-start=\"907\" data-end=\"915\">IK10<\/strong> pred vandalizmom zagotavlja vzdr\u017eljivost tako za notranjo kot zunanjo uporabo. Za la\u017ejo namestitev je na voljo ve\u010d vrst nosilcev (DS-1280ZJ-DM18, DS-1272ZJ-110, DS-1258ZJ).<\/p>\n<p data-start=\"1092\" data-end=\"1258\">Idealna je za hi\u0161e, poslovne objekte, skladi\u0161\u010da, parkiri\u0161\u010da in vhode, kjer potrebujete zanesljiv nadzor z visoko kakovostjo slike, no\u010dnim vidom in robustno za\u0161\u010dito.<\/p>\n<ul data-start=\"215\" data-end=\"1271\">\n<li data-start=\"215\" data-end=\"255\">\n<p data-start=\"217\" data-end=\"255\"><strong data-start=\"217\" data-end=\"232\">Tip:<\/strong> Dome IP video<\/p>\n<\/li>\n<li data-start=\"256\" data-end=\"335\">\n<p data-start=\"258\" data-end=\"335\"><strong data-start=\"258\" data-end=\"273\">Resolucija:<\/strong> 2 megapiksla (1920 \u00d7 1080), z 25 sli\u010dicami na sekundo (fps)<\/p>\n<\/li>\n<li data-start=\"336\" data-end=\"413\">\n<p data-start=\"338\" data-end=\"361\"><strong data-start=\"338\" data-end=\"359\">Video kompresija:<\/strong><\/p>\n<ul data-start=\"364\" data-end=\"413\">\n<li data-start=\"364\" data-end=\"381\">\n<p data-start=\"366\" data-end=\"381\">H.265+, H.265<\/p>\n<\/li>\n<li data-start=\"384\" data-end=\"401\">\n<p data-start=\"386\" data-end=\"401\">H.264+, H.264<\/p>\n<\/li>\n<li data-start=\"404\" data-end=\"413\">\n<p data-start=\"406\" data-end=\"413\">MJPEG<\/p>\n<\/li>\n<\/ul>\n<\/li>\n<li data-start=\"414\" data-end=\"511\">\n<p data-start=\"416\" data-end=\"511\"><strong data-start=\"416\" data-end=\"442\">Bitna hitrost prenosa:<\/strong> 32 Kbps \u2013 8 Mbps, omogo\u010da optimizacijo kakovosti in pasovne \u0161irine<\/p>\n<\/li>\n<li data-start=\"512\" data-end=\"563\">\n<p data-start=\"514\" data-end=\"563\"><strong data-start=\"514\" data-end=\"535\">\u0160tevilo streamov:<\/strong> 2 neodvisna video streama<\/p>\n<\/li>\n<li data-start=\"564\" data-end=\"608\">\n<p data-start=\"566\" data-end=\"608\"><strong data-start=\"566\" data-end=\"579\">Objektiv:<\/strong> Fiksni 2.8 mm, \u0161irokokoten<\/p>\n<\/li>\n<li data-start=\"609\" data-end=\"702\">\n<p data-start=\"611\" data-end=\"702\"><strong data-start=\"611\" data-end=\"628\">Ob\u010dutljivost:<\/strong> 0.01 Lux @ F1.2 (izredno dobra vidljivost tudi pri zelo nizki svetlobi)<\/p>\n<\/li>\n<li data-start=\"703\" data-end=\"820\">\n<p data-start=\"705\" data-end=\"820\"><strong data-start=\"705\" data-end=\"734\">Dinami\u010dni razpon (D-WDR):<\/strong> Digital Wide Dynamic Range \u2013 izbolj\u0161ana vidljivost v kontrastnih svetlobnih pogojih<\/p>\n<\/li>\n<li data-start=\"821\" data-end=\"883\">\n<p data-start=\"823\" data-end=\"883\"><strong data-start=\"823\" data-end=\"844\">IR osvetljevalka:<\/strong> do 30 metrov, omogo\u010da no\u010dno snemanje<\/p>\n<\/li>\n<li data-start=\"884\" data-end=\"1018\">\n<p data-start=\"886\" data-end=\"902\"><strong data-start=\"886\" data-end=\"900\">Napajanje:<\/strong><\/p>\n<ul data-start=\"905\" data-end=\"1018\">\n<li data-start=\"905\" data-end=\"943\">\n<p data-start=\"907\" data-end=\"943\">12 VDC (napajanje preko adapterja)<\/p>\n<\/li>\n<li data-start=\"946\" data-end=\"1018\">\n<p data-start=\"948\" data-end=\"1018\">PoE (Power over Ethernet) \u2013 en kabel za prenos podatkov in napajanje<\/p>\n<\/li>\n<\/ul>\n<\/li>\n<li data-start=\"1019\" data-end=\"1121\">\n<p data-start=\"1021\" data-end=\"1034\"><strong data-start=\"1021\" data-end=\"1032\">Ohi\u0161je:<\/strong><\/p>\n<ul data-start=\"1037\" data-end=\"1121\">\n<li data-start=\"1037\" data-end=\"1083\">\n<p data-start=\"1039\" data-end=\"1083\">IP67 \u2013 popolna za\u0161\u010dita pred prahom in vodo<\/p>\n<\/li>\n<li data-start=\"1086\" data-end=\"1121\">\n<p data-start=\"1088\" data-end=\"1121\">IK10 \u2013 odporna proti vandalizmu<\/p>\n<\/li>\n<\/ul>\n<\/li>\n<li data-start=\"1122\" data-end=\"1271\">\n<p data-start=\"1124\" data-end=\"1163\"><strong data-start=\"1124\" data-end=\"1161\">Priklju\u010dki za monta\u017eo (opcijsko):<\/strong><\/p>\n<ul data-start=\"1166\" data-end=\"1271\">\n<li data-start=\"1166\" data-end=\"1194\">\n<p data-start=\"1168\" data-end=\"1194\">Podno\u017eje: DS-1280ZJ-DM18<\/p>\n<\/li>\n<li data-start=\"1197\" data-end=\"1225\">\n<p data-start=\"1199\" data-end=\"1225\">L-nosilec: DS-1272ZJ-110<\/p>\n<\/li>\n<li data-start=\"1228\" data-end=\"1271\">\n<p data-start=\"1230\" data-end=\"1271\">Drugi nosilci: DS-1272ZJ-110, DS-1258ZJ<\/p>\n<\/li>\n<\/ul>\n<\/li>\n<\/ul>","protected":false},"excerpt":{"rendered":"<p><strong>HikVision DS-2CD1123G0E-I(2.8mm)<\/strong> je 2MP dome IP kamera z video kompresijo H.265+\/H.265\/H.264+\/H.264, ki omogo\u010da kakovostno snemanje pri 25 fps. Opremljena je z 2.8\u202fmm objektivom, D-WDR za kontrastne svetlobne pogoje, IR LED osvetlitvijo do 30\u202fm in ob\u010dutljivostjo 0.01\u202fLux za no\u010dno snemanje. Kamera podpira napajanje 12\u202fVDC ali PoE, ima IP67\/IP IK10 za\u0161\u010dito in je zdru\u017eljiva z razli\u010dnimi nosilci za monta\u017eo.<\/p>\n<p><a href=\"https:\/\/www.tada.si\/en\/product-category\/video-nadzor\/hikvision\/\">Oglejte si \u0161e ostalo na\u0161o HikVision ponudbo.<\/a><\/p>","protected":false},"featured_media":10481,"comment_status":"open","ping_status":"closed","template":"","meta":{"inline_featured_image":false},"product_brand":[],"product_cat":[72,376,208],"product_tag":[],"class_list":{"0":"post-10368","1":"product","2":"type-product","3":"status-publish","4":"has-post-thumbnail","6":"product_cat-alarmni-in-video-nadzor","7":"product_cat-dome-kamere","8":"product_cat-hikvision","10":"first","11":"instock","12":"taxable","13":"shipping-taxable","14":"purchasable","15":"product-type-simple","16":"czr-hentry"},"_links":{"self":[{"href":"https:\/\/www.tada.si\/en\/wp-json\/wp\/v2\/product\/10368","targetHints":{"allow":["GET"]}}],"collection":[{"href":"https:\/\/www.tada.si\/en\/wp-json\/wp\/v2\/product"}],"about":[{"href":"https:\/\/www.tada.si\/en\/wp-json\/wp\/v2\/types\/product"}],"replies":[{"embeddable":true,"href":"https:\/\/www.tada.si\/en\/wp-json\/wp\/v2\/comments?post=10368"}],"wp:featuredmedia":[{"embeddable":true,"href":"https:\/\/www.tada.si\/en\/wp-json\/wp\/v2\/media\/10481"}],"wp:attachment":[{"href":"https:\/\/www.tada.si\/en\/wp-json\/wp\/v2\/media?parent=10368"}],"wp:term":[{"taxonomy":"product_brand","embeddable":true,"href":"https:\/\/www.tada.si\/en\/wp-json\/wp\/v2\/product_brand?post=10368"},{"taxonomy":"product_cat","embeddable":true,"href":"https:\/\/www.tada.si\/en\/wp-json\/wp\/v2\/product_cat?post=10368"},{"taxonomy":"product_tag","embeddable":true,"href":"https:\/\/www.tada.si\/en\/wp-json\/wp\/v2\/product_tag?post=10368"}],"curies":[{"name":"wp","href":"https:\/\/api.w.org\/{rel}","templated":true}]}}