{"id":10373,"date":"2026-02-19T16:24:57","date_gmt":"2026-02-19T14:24:57","guid":{"rendered":"https:\/\/www.tada.si\/?post_type=product&#038;p=10373"},"modified":"2026-03-05T09:08:58","modified_gmt":"2026-03-05T07:08:58","slug":"hikvision-kamera-ds-2cd1027g0-l","status":"publish","type":"product","link":"https:\/\/www.tada.si\/en\/trgovina\/alarmni-in-video-nadzor\/hikvision\/bullet-kamere\/hikvision-kamera-ds-2cd1027g0-l\/","title":{"rendered":"HikVision kamera DS-2CD1027G0-L"},"content":{"rendered":"<h3 data-start=\"410\" data-end=\"465\"><a href=\"https:\/\/www.hikvision.com\/mena-en\/products\/IP-Products\/Network-Cameras\/colorvu-series\/ds-2cd1027g0-l\/\" target=\"_blank\" rel=\"noopener\">HikVision DS\u20112CD1027G0\u2011L<\/a><\/h3>\n<p data-start=\"467\" data-end=\"803\">Profesionalna <strong data-start=\"481\" data-end=\"508\">DS\u20112CD1027G0\u2011L (2.8\u202fmm)<\/strong> mre\u017ena bullet kamera iz serije <strong data-start=\"540\" data-end=\"556\">ColorVu Lite<\/strong> nudi kakovostno 2\u202fMP (1920 \u00d7 1080) sliko z barvnimi posnetki tudi v zelo slabih svetlobnih pogojih. Idealna je za zunanje nadzorne sisteme, saj zdru\u017euje \u0161irok kot, robustno izvedbo in napredno obdelavo slike.<\/p>\n<h3 data-start=\"805\" data-end=\"829\">Klju\u010dne zna\u010dilnosti:<\/h3>\n<ul data-start=\"830\" data-end=\"2264\">\n<li data-start=\"830\" data-end=\"931\">\n<p data-start=\"832\" data-end=\"931\"><strong data-start=\"832\" data-end=\"847\">Tip kamere:<\/strong> Bullet IP video nadzor s fiksno 2.8\u202fmm le\u010do<\/p>\n<\/li>\n<li data-start=\"932\" data-end=\"1051\">\n<p data-start=\"934\" data-end=\"1051\"><strong data-start=\"934\" data-end=\"949\">Resolucija:<\/strong> 2\u202fMP (1920 \u00d7 1080) z do 25\u202ffps pri 50\u202fHz ali 30\u202ffps pri 60\u202fHz<\/p>\n<\/li>\n<li data-start=\"1052\" data-end=\"1195\">\n<p data-start=\"1054\" data-end=\"1195\"><strong data-start=\"1054\" data-end=\"1075\">Video kompresija:<\/strong> H.265+, H.265, H.264+, H.264, MJPEG \u2013 optimizira pasovno \u0161irino in shranjevanje<\/p>\n<\/li>\n<li data-start=\"1196\" data-end=\"1273\">\n<p data-start=\"1198\" data-end=\"1273\"><strong data-start=\"1198\" data-end=\"1216\">Bitna hitrost:<\/strong> 32\u202fKbps \u2013 8\u202fMbps<\/p>\n<\/li>\n<li data-start=\"1274\" data-end=\"1407\">\n<p data-start=\"1276\" data-end=\"1407\"><strong data-start=\"1276\" data-end=\"1287\">Senzor:<\/strong> 1\/2.8\u2033 Progressive Scan CMOS; minimalno svetlobno zaznavanje 0.001\u202fLux (barvno)<\/p>\n<\/li>\n<li data-start=\"1408\" data-end=\"1543\">\n<p data-start=\"1410\" data-end=\"1543\"><strong data-start=\"1410\" data-end=\"1434\">Barvni no\u010dni nadzor:<\/strong> ColorVu tehnologija z dodatno \u00bbwhite light\u00ab osvetlitvijo do <strong data-start=\"1495\" data-end=\"1503\">30\u202fm<\/strong><\/p>\n<\/li>\n<li data-start=\"1544\" data-end=\"1675\">\n<p data-start=\"1546\" data-end=\"1675\"><strong data-start=\"1546\" data-end=\"1567\">Dinami\u010dni razpon:<\/strong> Digital WDR za bolj\u0161o vidljivost v kontrastnih svetlobnih pogojih<\/p>\n<\/li>\n<li data-start=\"1676\" data-end=\"1770\">\n<p data-start=\"1678\" data-end=\"1770\"><strong data-start=\"1678\" data-end=\"1700\">FOV (vidno polje):<\/strong> 2.8\u202fmm \u2013 ~105\u00b0 horizontalno<\/p>\n<\/li>\n<li data-start=\"1771\" data-end=\"1861\">\n<p data-start=\"1773\" data-end=\"1861\"><strong data-start=\"1773\" data-end=\"1802\">Dodatne slike izbolj\u0161ave:<\/strong> BLC, HLC, 3D DNR<\/p>\n<\/li>\n<li data-start=\"1862\" data-end=\"1958\">\n<p data-start=\"1864\" data-end=\"1958\"><strong data-start=\"1864\" data-end=\"1878\">Napajanje:<\/strong> 12\u202fV\u202fDC ali <strong data-start=\"1891\" data-end=\"1916\">PoE (802.3af Class 3)<\/strong><\/p>\n<\/li>\n<li data-start=\"1959\" data-end=\"2053\">\n<p data-start=\"1961\" data-end=\"2053\"><strong data-start=\"1961\" data-end=\"1973\">Omre\u017eje:<\/strong> 1 \u00d7 RJ45 (10\/100\u202fMbps), ONVIF podpora<\/p>\n<\/li>\n<li data-start=\"2054\" data-end=\"2176\">\n<p data-start=\"2056\" data-end=\"2176\"><strong data-start=\"2056\" data-end=\"2071\">Robustnost:<\/strong> IP67 za\u0161\u010dita pred vodo in prahom \u2013 primerna za outdoor monta\u017eo<\/p>\n<\/li>\n<li data-start=\"2177\" data-end=\"2264\">\n<p data-start=\"2179\" data-end=\"2264\"><strong data-start=\"2179\" data-end=\"2205\">Temperatura delovanja:<\/strong> \u201330\u202f\u00b0C do +60\u202f\u00b0C<\/p>\n<\/li>\n<\/ul>","protected":false},"excerpt":{"rendered":"<p><strong data-start=\"2294\" data-end=\"2337\"><span class=\"hover:entity-accent entity-underline inline cursor-pointer align-baseline\"><span class=\"whitespace-normal\">Hikvision DS-2CD1027G0-L(2.8mm)<\/span><\/span><\/strong> je zanesljiva 2\u202fMP ColorVu bullet IP kamera za zunanji nadzor z barvnimi posnetki 24\/7, \u0161irokim vidnim kotom, dodatno svetlobo do 30\u202fm, naprednimi video formatih in IP67 za\u0161\u010dito. Odli\u010dna je za nadzor vhodov, parkiri\u0161\u010d, objektov in dvori\u0161\u010d, kjer \u017eelite kakovostno sliko tudi v slabih svetlobnih pogojih.<\/p>\n<p><a href=\"https:\/\/www.tada.si\/en\/product-category\/video-nadzor\/hikvision\/\">Oglejte si \u0161e ostalo na\u0161o HikVision ponudbo.<\/a><\/p>","protected":false},"featured_media":10374,"comment_status":"open","ping_status":"closed","template":"","meta":{"inline_featured_image":false},"product_brand":[],"product_cat":[72,375,208],"product_tag":[],"class_list":{"0":"post-10373","1":"product","2":"type-product","3":"status-publish","4":"has-post-thumbnail","6":"product_cat-alarmni-in-video-nadzor","7":"product_cat-bullet-kamere","8":"product_cat-hikvision","10":"first","11":"instock","12":"taxable","13":"shipping-taxable","14":"purchasable","15":"product-type-simple","16":"czr-hentry"},"_links":{"self":[{"href":"https:\/\/www.tada.si\/en\/wp-json\/wp\/v2\/product\/10373","targetHints":{"allow":["GET"]}}],"collection":[{"href":"https:\/\/www.tada.si\/en\/wp-json\/wp\/v2\/product"}],"about":[{"href":"https:\/\/www.tada.si\/en\/wp-json\/wp\/v2\/types\/product"}],"replies":[{"embeddable":true,"href":"https:\/\/www.tada.si\/en\/wp-json\/wp\/v2\/comments?post=10373"}],"wp:featuredmedia":[{"embeddable":true,"href":"https:\/\/www.tada.si\/en\/wp-json\/wp\/v2\/media\/10374"}],"wp:attachment":[{"href":"https:\/\/www.tada.si\/en\/wp-json\/wp\/v2\/media?parent=10373"}],"wp:term":[{"taxonomy":"product_brand","embeddable":true,"href":"https:\/\/www.tada.si\/en\/wp-json\/wp\/v2\/product_brand?post=10373"},{"taxonomy":"product_cat","embeddable":true,"href":"https:\/\/www.tada.si\/en\/wp-json\/wp\/v2\/product_cat?post=10373"},{"taxonomy":"product_tag","embeddable":true,"href":"https:\/\/www.tada.si\/en\/wp-json\/wp\/v2\/product_tag?post=10373"}],"curies":[{"name":"wp","href":"https:\/\/api.w.org\/{rel}","templated":true}]}}