{"id":10414,"date":"2026-02-20T13:12:55","date_gmt":"2026-02-20T11:12:55","guid":{"rendered":"https:\/\/www.tada.si\/?post_type=product&#038;p=10414"},"modified":"2026-03-04T16:16:54","modified_gmt":"2026-03-04T14:16:54","slug":"hikvision-kamera-ds-2cd2646g2-izs","status":"publish","type":"product","link":"https:\/\/www.tada.si\/en\/trgovina\/alarmni-in-video-nadzor\/hikvision\/bullet-kamere\/hikvision-kamera-ds-2cd2646g2-izs\/","title":{"rendered":"HikVision kamera DS-2CD2646G2-IZS"},"content":{"rendered":"<h3><a href=\"https:\/\/www.hikvision.com\/en\/products\/IP-Products\/Network-Cameras\/Pro-Series-EasyIP-\/ds-2cd2646g2-izs\/?subName=DS-2CD2646G2-IZS+%28C%29\" target=\"_blank\" rel=\"noopener\">HikVision DS-2CD2646G2-IZS<\/a><\/h3>\n<p>Profesionalna <strong data-start=\"936\" data-end=\"1002\">4\u202fMP AcuSense varifokalna IP kamera Hikvision DS\u20112CD2643G2\u2011IZS<\/strong> zagotavlja izjemno kakovost slike (2688\u202f\u00d7\u202f1520) z napredno klasifikacijo ciljev (\u010dlovek\/vozilo), kar bistveno zmanj\u0161a la\u017ene alarme. Motorizirana le\u010da 2.8\u201312\u202fmm omogo\u010da prilagodljivo nastavitev vidnega polja, medtem ko digitalna obdelava z 120\u202fdB \u0161irokim dinami\u010dnim razponom (WDR) prina\u0161a jasne posnetke tudi v zahtevnih svetlobnih pogojih. Kamera je opremljena z inteligentnim IR osvetljevalcem z dosega do 60\u202fmetrov za no\u010dni nadzor in podpira H.265+\/H.265\/H.264+ kompresijo za u\u010dinkovito uporabo pasovne \u0161irine. Robustno ohi\u0161je z <strong data-start=\"1534\" data-end=\"1604\">IP67 za\u0161\u010dito pred vodo in prahom ter IK10 odporom proti vandalizmu<\/strong> omogo\u010da zanesljivo delovanje tako v notranjih kot zunanjih okoljih.<\/p>\n<p data-start=\"1762\" data-end=\"1779\"><strong data-start=\"1762\" data-end=\"1777\">Tip kamere:<\/strong><\/p>\n<ul data-start=\"1780\" data-end=\"1877\">\n<li data-start=\"1780\" data-end=\"1877\">\n<p data-start=\"1782\" data-end=\"1877\">Bullet IP nadzorna kamera s 4\u202fMP resolucijo (2688\u202f\u00d7\u202f1520)<\/p>\n<\/li>\n<\/ul>\n<p data-start=\"1879\" data-end=\"1899\"><strong data-start=\"1879\" data-end=\"1897\">Senzor in vid:<\/strong><\/p>\n<ul data-start=\"1900\" data-end=\"2131\">\n<li data-start=\"1900\" data-end=\"1968\">\n<p data-start=\"1902\" data-end=\"1968\">1\/3\u2033 Progressive Scan CMOS<\/p>\n<\/li>\n<li data-start=\"1969\" data-end=\"2069\">\n<p data-start=\"1971\" data-end=\"2069\">Minimalna osvetlitev: 0,005\u202fLux @ F1.6 (barva), 0\u202fLux z IR<\/p>\n<\/li>\n<li data-start=\"2070\" data-end=\"2131\">\n<p data-start=\"2072\" data-end=\"2131\">Dan\/no\u010d IR cut filter<\/p>\n<\/li>\n<\/ul>\n<p data-start=\"2133\" data-end=\"2148\"><strong data-start=\"2133\" data-end=\"2146\">Objektiv:<\/strong><\/p>\n<ul data-start=\"2149\" data-end=\"2367\">\n<li data-start=\"2149\" data-end=\"2231\">\n<p data-start=\"2151\" data-end=\"2231\">Motorized varifokalni objektiv 2.8\u201312\u202fmm<\/p>\n<\/li>\n<li data-start=\"2232\" data-end=\"2311\">\n<p data-start=\"2234\" data-end=\"2311\">Horizontalni vidni kot: 95.8\u00b0\u201329.2\u00b0<\/p>\n<\/li>\n<li data-start=\"2312\" data-end=\"2367\">\n<p data-start=\"2314\" data-end=\"2367\">Apertura F1.6<\/p>\n<\/li>\n<\/ul>\n<p data-start=\"2369\" data-end=\"2390\"><strong data-start=\"2369\" data-end=\"2388\">No\u010dni vid \/ IR:<\/strong><\/p>\n<ul data-start=\"2391\" data-end=\"2536\">\n<li data-start=\"2391\" data-end=\"2459\">\n<p data-start=\"2393\" data-end=\"2459\">IR osvetljevalec do 60\u202fm<\/p>\n<\/li>\n<li data-start=\"2460\" data-end=\"2536\">\n<p data-start=\"2462\" data-end=\"2536\">Smart IR za enakomerno no\u010dno sliko<\/p>\n<\/li>\n<\/ul>\n<p data-start=\"2538\" data-end=\"2550\"><strong data-start=\"2538\" data-end=\"2548\">Video:<\/strong><\/p>\n<ul data-start=\"2551\" data-end=\"2805\">\n<li data-start=\"2551\" data-end=\"2643\">\n<p data-start=\"2553\" data-end=\"2643\">Do 25\u202ffps @ 2688\u202f\u00d7\u202f1520 (50\u202fHz) \/ 30\u202ffps (60\u202fHz)<\/p>\n<\/li>\n<li data-start=\"2644\" data-end=\"2731\">\n<p data-start=\"2646\" data-end=\"2731\">Kompresija: H.265+\/H.265\/H.264+\/H.264\/MJPEG<\/p>\n<\/li>\n<li data-start=\"2732\" data-end=\"2805\">\n<p data-start=\"2734\" data-end=\"2805\">Bitna hitrost: 32\u202fKbps\u20138\u202fMbps<\/p>\n<\/li>\n<\/ul>\n<p data-start=\"2807\" data-end=\"2849\"><strong data-start=\"2807\" data-end=\"2847\">Dinami\u010dni razpon &amp; izbolj\u0161ave slike:<\/strong><\/p>\n<ul data-start=\"2850\" data-end=\"2920\">\n<li data-start=\"2850\" data-end=\"2920\">\n<p data-start=\"2852\" data-end=\"2920\">120\u202fdB WDR, BLC, HLC, 3D DNR<\/p>\n<\/li>\n<\/ul>\n<p data-start=\"2922\" data-end=\"2954\"><strong data-start=\"2922\" data-end=\"2952\">AcuSense pametne funkcije:<\/strong><\/p>\n<ul data-start=\"2955\" data-end=\"3149\">\n<li data-start=\"2955\" data-end=\"3040\">\n<p data-start=\"2957\" data-end=\"3040\">Detekcija in klasifikacija ljudi in vozil<\/p>\n<\/li>\n<li data-start=\"3041\" data-end=\"3149\">\n<p data-start=\"3043\" data-end=\"3149\">Pametni dogodki: pre\u010dkanje linije, vdor v cono, video manipulacija<\/p>\n<\/li>\n<\/ul>\n<p data-start=\"3151\" data-end=\"3182\"><strong data-start=\"3151\" data-end=\"3180\">Shranjevanje in povezave:<\/strong><\/p>\n<ul data-start=\"3183\" data-end=\"3413\">\n<li data-start=\"3183\" data-end=\"3258\">\n<p data-start=\"3185\" data-end=\"3258\">Vgrajen microSD slot, do 512\u202fGB<\/p>\n<\/li>\n<li data-start=\"3259\" data-end=\"3323\">\n<p data-start=\"3261\" data-end=\"3323\">1 \u00d7 RJ45 10\/100\u202fMbps<\/p>\n<\/li>\n<li data-start=\"3324\" data-end=\"3413\">\n<p data-start=\"3326\" data-end=\"3413\">Protokoli vklju\u010dno s TCP\/IP, HTTPS, RTSP, ONVIF<\/p>\n<\/li>\n<\/ul>\n<p data-start=\"3415\" data-end=\"3435\"><strong data-start=\"3415\" data-end=\"3433\">Audio &amp; alarm:<\/strong><\/p>\n<ul data-start=\"3436\" data-end=\"3580\">\n<li data-start=\"3436\" data-end=\"3511\">\n<p data-start=\"3438\" data-end=\"3511\">1 \u00d7 vhod audio, 1 \u00d7 izhod audio<\/p>\n<\/li>\n<li data-start=\"3512\" data-end=\"3580\">\n<p data-start=\"3514\" data-end=\"3580\">Alarm: 1 \u00d7 vhod, 1 \u00d7 izhod<\/p>\n<\/li>\n<\/ul>\n<p data-start=\"3582\" data-end=\"3598\"><strong data-start=\"3582\" data-end=\"3596\">Napajanje:<\/strong><\/p>\n<ul data-start=\"3599\" data-end=\"3665\">\n<li data-start=\"3599\" data-end=\"3665\">\n<p data-start=\"3601\" data-end=\"3665\">12\u202fVDC ali PoE (802.3at)<\/p>\n<\/li>\n<\/ul>\n<p data-start=\"3667\" data-end=\"3690\"><strong data-start=\"3667\" data-end=\"3688\">Za\u0161\u010dita &amp; ohi\u0161je:<\/strong><\/p>\n<ul data-start=\"3691\" data-end=\"3830\">\n<li data-start=\"3691\" data-end=\"3766\">\n<p data-start=\"3693\" data-end=\"3766\">IP67 \u2013 za\u0161\u010dita pred vodo\/prahom<\/p>\n<\/li>\n<li data-start=\"3767\" data-end=\"3830\">\n<p data-start=\"3769\" data-end=\"3830\">IK10 \u2013 vandal odporna<\/p>\n<\/li>\n<\/ul>\n<p data-start=\"3832\" data-end=\"3855\"><strong data-start=\"3832\" data-end=\"3853\">Dimenzije &amp; te\u017ea:<\/strong><\/p>\n<ul data-start=\"3856\" data-end=\"3927\">\n<li data-start=\"3856\" data-end=\"3927\">\n<p data-start=\"3858\" data-end=\"3927\">308.5 \u00d7 97.9 \u00d7 93\u202fmm, ~1390\u202fg<\/p>\n<\/li>\n<\/ul>","protected":false},"excerpt":{"rendered":"<p>Profesionalna 4\u202fMP AcuSense varifokalna IP nadzorna kamera Hikvision DS\u20112CD2646G2\u2011IZS z motorizirano le\u010do (2.8\u201312\u202fmm) omogo\u010da visoko lo\u010dljivost slike (2688\u202f\u00d7\u202f1520), pametno detekcijo ljudi\/vozil in no\u010dni vid do 60\u202fm. Robustna je proti vremenskim vplivom in vandalizmu, primerna za notranjo in zunanjo uporabo.<\/p>\n<p><a href=\"https:\/\/www.tada.si\/en\/product-category\/video-nadzor\/hikvision\/\">Oglejte si \u0161e ostalo na\u0161o HikVision ponudbo.<\/a><\/p>","protected":false},"featured_media":10411,"comment_status":"open","ping_status":"closed","template":"","meta":{"inline_featured_image":false},"product_brand":[],"product_cat":[72,375,208],"product_tag":[],"class_list":{"0":"post-10414","1":"product","2":"type-product","3":"status-publish","4":"has-post-thumbnail","6":"product_cat-alarmni-in-video-nadzor","7":"product_cat-bullet-kamere","8":"product_cat-hikvision","10":"first","11":"instock","12":"taxable","13":"shipping-taxable","14":"purchasable","15":"product-type-simple","16":"czr-hentry"},"_links":{"self":[{"href":"https:\/\/www.tada.si\/en\/wp-json\/wp\/v2\/product\/10414","targetHints":{"allow":["GET"]}}],"collection":[{"href":"https:\/\/www.tada.si\/en\/wp-json\/wp\/v2\/product"}],"about":[{"href":"https:\/\/www.tada.si\/en\/wp-json\/wp\/v2\/types\/product"}],"replies":[{"embeddable":true,"href":"https:\/\/www.tada.si\/en\/wp-json\/wp\/v2\/comments?post=10414"}],"wp:featuredmedia":[{"embeddable":true,"href":"https:\/\/www.tada.si\/en\/wp-json\/wp\/v2\/media\/10411"}],"wp:attachment":[{"href":"https:\/\/www.tada.si\/en\/wp-json\/wp\/v2\/media?parent=10414"}],"wp:term":[{"taxonomy":"product_brand","embeddable":true,"href":"https:\/\/www.tada.si\/en\/wp-json\/wp\/v2\/product_brand?post=10414"},{"taxonomy":"product_cat","embeddable":true,"href":"https:\/\/www.tada.si\/en\/wp-json\/wp\/v2\/product_cat?post=10414"},{"taxonomy":"product_tag","embeddable":true,"href":"https:\/\/www.tada.si\/en\/wp-json\/wp\/v2\/product_tag?post=10414"}],"curies":[{"name":"wp","href":"https:\/\/api.w.org\/{rel}","templated":true}]}}