{"id":10418,"date":"2026-02-20T13:55:54","date_gmt":"2026-02-20T11:55:54","guid":{"rendered":"https:\/\/www.tada.si\/?post_type=product&#038;p=10418"},"modified":"2026-03-04T16:15:52","modified_gmt":"2026-03-04T14:15:52","slug":"hikvision-kamera-ds-2cd2683g2-izs","status":"publish","type":"product","link":"https:\/\/www.tada.si\/en\/trgovina\/alarmni-in-video-nadzor\/hikvision\/bullet-kamere\/hikvision-kamera-ds-2cd2683g2-izs\/","title":{"rendered":"HikVision kamera DS-2CD2683G2-IZS"},"content":{"rendered":"<h2><a href=\"https:\/\/www.hikvision.com\/en\/products\/IP-Products\/Network-Cameras\/Pro-Series-EasyIP-\/ds-2cd2683g2-izs\/?subName=DS-2CD2683G2-IZS\" target=\"_blank\" rel=\"noopener\">HikVision DS-2CD2683G2-IZS<\/a><\/h2>\n<p>Profesionalna <strong data-start=\"862\" data-end=\"923\">8\u202fMP AcuSense IP bullet kamera Hikvision DS\u20112CD2683G2\u2011IZS<\/strong> zagotavlja izjemno kakovost slike v lo\u010dljivosti 3840 \u00d7 2160 s pametnimi funkcijami detekcije ljudi in vozil, ki zmanj\u0161ujejo la\u017ene alarme in izbolj\u0161ujejo u\u010dinkovitost nadzora. Motoriziran varifokalni objektiv 2.8\u201312\u202fmm omogo\u010da prilagodljivo vidno polje, medtem ko digitalna obdelava s <strong data-start=\"1208\" data-end=\"1227\">120\u202fdB True WDR<\/strong> prina\u0161a jasne posnetke tudi v kontrastnih svetlobnih pogojih. Inteligentna IR osvetlitev s dometom do 60\u202fm omogo\u010da u\u010dinkovit no\u010dni nadzor. Kamera podpira video kompresijo H.265+\/H.265\/H.264+\/H.264\/MJPEG za bolj\u0161o optimizacijo pasovne \u0161irine in shranjevanja. Robustno ohi\u0161je s stopnjami <strong data-start=\"1514\" data-end=\"1522\">IP67<\/strong> (za\u0161\u010dita pred vodo in prahom) ter <strong data-start=\"1557\" data-end=\"1565\">IK10<\/strong> (odporno proti vandalizmu) omogo\u010da zanesljivo delovanje v zahtevnih okoljih.<\/p>\n<p data-start=\"1732\" data-end=\"1749\"><strong data-start=\"1732\" data-end=\"1747\">Tip kamere:<\/strong><\/p>\n<ul data-start=\"1750\" data-end=\"1849\">\n<li data-start=\"1750\" data-end=\"1849\">\n<p data-start=\"1752\" data-end=\"1849\">IP bullet nadzorna kamera z lo\u010dljivostjo 8\u202fMP (3840 \u00d7 2160)<\/p>\n<\/li>\n<\/ul>\n<p data-start=\"1851\" data-end=\"1871\"><strong data-start=\"1851\" data-end=\"1869\">Senzor in vid:<\/strong><\/p>\n<ul data-start=\"1872\" data-end=\"2112\">\n<li data-start=\"1872\" data-end=\"1949\">\n<p data-start=\"1874\" data-end=\"1949\">1\/2.8\u2033 Progressive Scan CMOS senzor<\/p>\n<\/li>\n<li data-start=\"1950\" data-end=\"2050\">\n<p data-start=\"1952\" data-end=\"2050\">Minimalna osvetlitev: 0.005\u202fLux @ F1.6 (barva), 0\u202fLux z IR<\/p>\n<\/li>\n<li data-start=\"2051\" data-end=\"2112\">\n<p data-start=\"2053\" data-end=\"2112\">Dan\/no\u010d IR cut filter<\/p>\n<\/li>\n<\/ul>\n<p data-start=\"2114\" data-end=\"2129\"><strong data-start=\"2114\" data-end=\"2127\">Objektiv:<\/strong><\/p>\n<ul data-start=\"2130\" data-end=\"2360\">\n<li data-start=\"2130\" data-end=\"2212\">\n<p data-start=\"2132\" data-end=\"2212\">Motorized varifokalni objektiv 2.8\u201312\u202fmm<\/p>\n<\/li>\n<li data-start=\"2213\" data-end=\"2297\">\n<p data-start=\"2215\" data-end=\"2297\">Horizontalni vidni kot: pribli\u017eno 108\u00b0\u201330\u00b0<\/p>\n<\/li>\n<li data-start=\"2298\" data-end=\"2360\">\n<p data-start=\"2300\" data-end=\"2360\">Fiksna zaslonka F1.6<\/p>\n<\/li>\n<\/ul>\n<p data-start=\"2362\" data-end=\"2383\"><strong data-start=\"2362\" data-end=\"2381\">No\u010dni vid \/ IR:<\/strong><\/p>\n<ul data-start=\"2384\" data-end=\"2562\">\n<li data-start=\"2384\" data-end=\"2471\">\n<p data-start=\"2386\" data-end=\"2471\">IR osvetljevalec z dometom do 60\u202fm (850\u202fnm)<\/p>\n<\/li>\n<li data-start=\"2472\" data-end=\"2562\">\n<p data-start=\"2474\" data-end=\"2562\">Smart IR osvetlitev za uravnavanje mo\u010di svetlobe<\/p>\n<\/li>\n<\/ul>\n<p data-start=\"2564\" data-end=\"2590\"><strong data-start=\"2564\" data-end=\"2588\">Video in kompresija:<\/strong><\/p>\n<ul data-start=\"2591\" data-end=\"2879\">\n<li data-start=\"2591\" data-end=\"2711\">\n<p data-start=\"2593\" data-end=\"2711\">Glavni stream: do 20\u202ffps @ 3840 \u00d7 2160; do 25\/30\u202ffps pri ni\u017ejih lo\u010dljivostih<\/p>\n<\/li>\n<li data-start=\"2712\" data-end=\"2806\">\n<p data-start=\"2714\" data-end=\"2806\">Podpora kompresiji H.265+\/H.265\/H.264+\/H.264\/MJPEG<\/p>\n<\/li>\n<li data-start=\"2807\" data-end=\"2879\">\n<p data-start=\"2809\" data-end=\"2879\">Bitna hitrost: 32\u202fKbps\u201316\u202fMbps<\/p>\n<\/li>\n<\/ul>\n<p data-start=\"2881\" data-end=\"2918\"><strong data-start=\"2881\" data-end=\"2916\">Dinami\u010dni razpon in izbolj\u0161ave:<\/strong><\/p>\n<ul data-start=\"2919\" data-end=\"2994\">\n<li data-start=\"2919\" data-end=\"2994\">\n<p data-start=\"2921\" data-end=\"2994\">120\u202fdB True WDR, BLC, HLC, 3D DNR<\/p>\n<\/li>\n<\/ul>\n<p data-start=\"2996\" data-end=\"3024\"><strong data-start=\"2996\" data-end=\"3022\">AcuSense inteligencia:<\/strong><\/p>\n<ul data-start=\"3025\" data-end=\"3130\">\n<li data-start=\"3025\" data-end=\"3130\">\n<p data-start=\"3027\" data-end=\"3130\">Pametna detekcija ljudi in vozil s podporo za alarmne spro\u017eilce<\/p>\n<\/li>\n<\/ul>\n<p data-start=\"3132\" data-end=\"3163\"><strong data-start=\"3132\" data-end=\"3161\">Shranjevanje in povezave:<\/strong><\/p>\n<ul data-start=\"3164\" data-end=\"3327\">\n<li data-start=\"3164\" data-end=\"3247\">\n<p data-start=\"3166\" data-end=\"3247\">Vgrajen microSD slot, podpora do 512\u202fGB<\/p>\n<\/li>\n<li data-start=\"3248\" data-end=\"3327\">\n<p data-start=\"3250\" data-end=\"3327\">1 \u00d7 RJ45 10\/100\u202fMbps Ethernet vmesnik<\/p>\n<\/li>\n<\/ul>\n<p data-start=\"3329\" data-end=\"3349\"><strong data-start=\"3329\" data-end=\"3347\">Audio &amp; alarm:<\/strong><\/p>\n<ul data-start=\"3350\" data-end=\"3497\">\n<li data-start=\"3350\" data-end=\"3424\">\n<p data-start=\"3352\" data-end=\"3424\">1 \u00d7 avdio vhod\/1 \u00d7 avdio izhod<\/p>\n<\/li>\n<li data-start=\"3425\" data-end=\"3497\">\n<p data-start=\"3427\" data-end=\"3497\">1 \u00d7 alarm vhod\/1 \u00d7 alarm izhod<\/p>\n<\/li>\n<\/ul>\n<p data-start=\"3499\" data-end=\"3515\"><strong data-start=\"3499\" data-end=\"3513\">Napajanje:<\/strong><\/p>\n<ul data-start=\"3516\" data-end=\"3582\">\n<li data-start=\"3516\" data-end=\"3582\">\n<p data-start=\"3518\" data-end=\"3582\">12\u202fVDC ali PoE (802.3at)<\/p>\n<\/li>\n<\/ul>\n<p data-start=\"3584\" data-end=\"3607\"><strong data-start=\"3584\" data-end=\"3605\">Za\u0161\u010dita &amp; ohi\u0161je:<\/strong><\/p>\n<ul data-start=\"3608\" data-end=\"3760\">\n<li data-start=\"3608\" data-end=\"3686\">\n<p data-start=\"3610\" data-end=\"3686\">IP67 \u2013 za\u0161\u010dita pred vodo in prahom<\/p>\n<\/li>\n<li data-start=\"3687\" data-end=\"3760\">\n<p data-start=\"3689\" data-end=\"3760\">IK10 \u2013 odporna proti vandalizmu<\/p>\n<\/li>\n<\/ul>\n<p data-start=\"3762\" data-end=\"3785\"><strong data-start=\"3762\" data-end=\"3783\">Dimenzije &amp; te\u017ea:<\/strong><\/p>\n<ul data-start=\"3786\" data-end=\"3867\">\n<li data-start=\"3786\" data-end=\"3867\">\n<p data-start=\"3788\" data-end=\"3867\">Pribli\u017eno 308.5 \u00d7 97.9 \u00d7 93\u202fmm, ~1385\u202fg<\/p>\n<\/li>\n<\/ul>","protected":false},"excerpt":{"rendered":"<p>Profesionalna <strong data-start=\"236\" data-end=\"317\">8\u202fMP AcuSense motorized varifokal IP bullet kamera Hikvision DS\u20112CD2683G2\u2011IZS<\/strong> z lo\u010dljivostjo 3840 \u00d7 2160, motoriziranim objektivom 2.8\u201312\u202fmm in pametno detekcijo ljudi\/vozil za natan\u010den nadzor. Kamera ima no\u010dni vid do 60\u202fm, 120\u202fdB WDR in robustno za\u0161\u010dito IP67\/IK10 za notranjo in zunanjo uporabo.<\/p>\n<p><a href=\"https:\/\/www.tada.si\/en\/product-category\/video-nadzor\/hikvision\/\">Oglejte si \u0161e ostalo na\u0161o HikVision ponudbo.<\/a><\/p>","protected":false},"featured_media":10421,"comment_status":"open","ping_status":"closed","template":"","meta":{"inline_featured_image":false},"product_brand":[],"product_cat":[72,375,208],"product_tag":[],"class_list":{"0":"post-10418","1":"product","2":"type-product","3":"status-publish","4":"has-post-thumbnail","6":"product_cat-alarmni-in-video-nadzor","7":"product_cat-bullet-kamere","8":"product_cat-hikvision","10":"first","11":"instock","12":"taxable","13":"shipping-taxable","14":"purchasable","15":"product-type-simple","16":"czr-hentry"},"_links":{"self":[{"href":"https:\/\/www.tada.si\/en\/wp-json\/wp\/v2\/product\/10418","targetHints":{"allow":["GET"]}}],"collection":[{"href":"https:\/\/www.tada.si\/en\/wp-json\/wp\/v2\/product"}],"about":[{"href":"https:\/\/www.tada.si\/en\/wp-json\/wp\/v2\/types\/product"}],"replies":[{"embeddable":true,"href":"https:\/\/www.tada.si\/en\/wp-json\/wp\/v2\/comments?post=10418"}],"wp:featuredmedia":[{"embeddable":true,"href":"https:\/\/www.tada.si\/en\/wp-json\/wp\/v2\/media\/10421"}],"wp:attachment":[{"href":"https:\/\/www.tada.si\/en\/wp-json\/wp\/v2\/media?parent=10418"}],"wp:term":[{"taxonomy":"product_brand","embeddable":true,"href":"https:\/\/www.tada.si\/en\/wp-json\/wp\/v2\/product_brand?post=10418"},{"taxonomy":"product_cat","embeddable":true,"href":"https:\/\/www.tada.si\/en\/wp-json\/wp\/v2\/product_cat?post=10418"},{"taxonomy":"product_tag","embeddable":true,"href":"https:\/\/www.tada.si\/en\/wp-json\/wp\/v2\/product_tag?post=10418"}],"curies":[{"name":"wp","href":"https:\/\/api.w.org\/{rel}","templated":true}]}}