{"id":10427,"date":"2026-02-20T14:48:28","date_gmt":"2026-02-20T12:48:28","guid":{"rendered":"https:\/\/www.tada.si\/?post_type=product&#038;p=10427"},"modified":"2026-03-04T16:14:51","modified_gmt":"2026-03-04T14:14:51","slug":"hikvision-kamera-ds-2cd2746g2-izs","status":"publish","type":"product","link":"https:\/\/www.tada.si\/en\/trgovina\/alarmni-in-video-nadzor\/hikvision\/dome-kamere\/hikvision-kamera-ds-2cd2746g2-izs\/","title":{"rendered":"HikVision kamera DS-2CD2746G2-IZS"},"content":{"rendered":"<h3><a href=\"https:\/\/www.hikvision.com\/en\/products\/IP-Products\/Network-Cameras\/Pro-Series-EasyIP-\/ds-2cd2746g2-izs\/?subName=DS-2CD2746G2-IZS+%28C%29\" target=\"_blank\" rel=\"noopener\">HikVision DS-2CD2746G2-IZS<\/a><\/h3>\n<p><strong data-start=\"924\" data-end=\"965\"><span class=\"hover:entity-accent entity-underline inline cursor-pointer align-baseline\"><span class=\"whitespace-normal\">Hikvision DS\u20112CD2746G2\u2011IZS<\/span><\/span><\/strong> je napredna 4\u202fMP AcuSense motorizirana varifokalna dome IP kamera s senzorjem 1\/3\u2033 Progressive Scan CMOS. Omogo\u010da jasno in teko\u010do sliko z lo\u010dljivostjo do 2688\u202f\u00d7\u202f1520 ter napredne funkcije video obdelave, vklju\u010dno s <strong data-start=\"1176\" data-end=\"1195\">120\u202fdB True WDR<\/strong> za bolj\u0161o vidljivost v kontrastnih pogojih in u\u010dinkovito <strong data-start=\"1253\" data-end=\"1274\">H.265+ kompresijo<\/strong> za optimizacijo pasovne \u0161irine in shranjevanja.<\/p>\n<p>Kamera ima motorni objektiv 2.8\u201312\u202fmm za prilagajanje vidnega polja ter inteligentno IR osvetlitev z dometom do pribli\u017eno 40\u202fm za no\u010dni nadzor. S kontinuiranim algoritmom strojnega u\u010denja podpira klasifikacijo ljudi in vozil ter mo\u017enost spro\u017eitve pametnih dogodkov (pre\u010dkanje linije, vdor,\u2026) za zanesljiv nadzor brez nepotrebnih la\u017enih alarmov. Robustno ohi\u0161je s <strong data-start=\"1686\" data-end=\"1710\">stopnjo za\u0161\u010dite IP66<\/strong> pred vodo in prahom ter <strong data-start=\"1735\" data-end=\"1743\">IK10<\/strong> pred vandalizmom zagotavlja zanesljivo delovanje v notranjih in zunanjih okoljih.<\/p>\n<p data-start=\"1915\" data-end=\"1932\"><strong data-start=\"1915\" data-end=\"1930\">Tip kamere:<\/strong><\/p>\n<ul data-start=\"1933\" data-end=\"2031\">\n<li data-start=\"1933\" data-end=\"2031\">\n<p data-start=\"1935\" data-end=\"2031\">Dome IP nadzorna kamera z lo\u010dljivostjo 4\u202fMP (2688 \u00d7 1520).<\/p>\n<\/li>\n<\/ul>\n<p data-start=\"2033\" data-end=\"2053\"><strong data-start=\"2033\" data-end=\"2051\">Senzor in vid:<\/strong><\/p>\n<ul data-start=\"2054\" data-end=\"2298\">\n<li data-start=\"2054\" data-end=\"2130\">\n<p data-start=\"2056\" data-end=\"2130\">1\/3\u2033 Progressive Scan CMOS senzor.<\/p>\n<\/li>\n<li data-start=\"2131\" data-end=\"2232\">\n<p data-start=\"2133\" data-end=\"2232\">Minimalna osvetlitev: 0.003\u202fLux @ F1.4 (barva), 0\u202fLux z IR.<\/p>\n<\/li>\n<li data-start=\"2233\" data-end=\"2298\">\n<p data-start=\"2235\" data-end=\"2298\">IR cut filter za dan\/no\u010d.<\/p>\n<\/li>\n<\/ul>\n<p data-start=\"2300\" data-end=\"2315\"><strong data-start=\"2300\" data-end=\"2313\">Objektiv:<\/strong><\/p>\n<ul data-start=\"2316\" data-end=\"2536\">\n<li data-start=\"2316\" data-end=\"2399\">\n<p data-start=\"2318\" data-end=\"2399\">Motorized varifokalni objektiv 2.8\u201312\u202fmm.<\/p>\n<\/li>\n<li data-start=\"2400\" data-end=\"2478\">\n<p data-start=\"2402\" data-end=\"2478\">Horizontalni vidni kot: ~108\u00b0\u201330\u00b0.<\/p>\n<\/li>\n<li data-start=\"2479\" data-end=\"2536\">\n<p data-start=\"2481\" data-end=\"2536\">Apertura: F1.4.<\/p>\n<\/li>\n<\/ul>\n<p data-start=\"2538\" data-end=\"2559\"><strong data-start=\"2538\" data-end=\"2557\">No\u010dni vid \/ IR:<\/strong><\/p>\n<ul data-start=\"2560\" data-end=\"2722\">\n<li data-start=\"2560\" data-end=\"2640\">\n<p data-start=\"2562\" data-end=\"2640\">IR osvetljevalec z dometom do ~40\u202fm.<\/p>\n<\/li>\n<li data-start=\"2641\" data-end=\"2722\">\n<p data-start=\"2643\" data-end=\"2722\">Smart IR nadzor za uravnavanje mo\u010di IR.<\/p>\n<\/li>\n<\/ul>\n<p data-start=\"2724\" data-end=\"2750\"><strong data-start=\"2724\" data-end=\"2748\">Video in kompresija:<\/strong><\/p>\n<ul data-start=\"2751\" data-end=\"2998\">\n<li data-start=\"2751\" data-end=\"2834\">\n<p data-start=\"2753\" data-end=\"2834\">Glavni stream: do 25\u202ffps (2688 \u00d7 1520).<\/p>\n<\/li>\n<li data-start=\"2835\" data-end=\"2923\">\n<p data-start=\"2837\" data-end=\"2923\">Kompresija: H.265+\/H.265\/H.264+\/H.264\/MJPEG.<\/p>\n<\/li>\n<li data-start=\"2924\" data-end=\"2998\">\n<p data-start=\"2926\" data-end=\"2998\">Bitna hitrost: 32\u202fKbps\u202f\u2013\u202f8\u202fMbps.<\/p>\n<\/li>\n<\/ul>\n<p data-start=\"3000\" data-end=\"3021\"><strong data-start=\"3000\" data-end=\"3019\">Obdelava slike:<\/strong><\/p>\n<ul data-start=\"3022\" data-end=\"3098\">\n<li data-start=\"3022\" data-end=\"3098\">\n<p data-start=\"3024\" data-end=\"3098\">120\u202fdB True WDR, BLC, HLC, 3D DNR.<\/p>\n<\/li>\n<\/ul>\n<p data-start=\"3100\" data-end=\"3123\"><strong data-start=\"3100\" data-end=\"3121\">Pametne funkcije:<\/strong><\/p>\n<ul data-start=\"3124\" data-end=\"3314\">\n<li data-start=\"3124\" data-end=\"3210\">\n<p data-start=\"3126\" data-end=\"3210\">Detekcija in klasifikacija ljudi in vozil.<\/p>\n<\/li>\n<li data-start=\"3211\" data-end=\"3314\">\n<p data-start=\"3213\" data-end=\"3314\">Pametni dogodki: pre\u010dkanje linije, vdor, sprememba scene itd.<\/p>\n<\/li>\n<\/ul>\n<p data-start=\"3316\" data-end=\"3347\"><strong data-start=\"3316\" data-end=\"3345\">Shranjevanje in povezave:<\/strong><\/p>\n<ul data-start=\"3348\" data-end=\"3499\">\n<li data-start=\"3348\" data-end=\"3426\">\n<p data-start=\"3350\" data-end=\"3426\">MicroSD\/SDHC\/SDXC slot, do 512\u202fGB.<\/p>\n<\/li>\n<li data-start=\"3427\" data-end=\"3499\">\n<p data-start=\"3429\" data-end=\"3499\">1 \u00d7 RJ45 10\/100\u202fMbps Ethernet.<\/p>\n<\/li>\n<\/ul>\n<p data-start=\"3501\" data-end=\"3521\"><strong data-start=\"3501\" data-end=\"3519\">Audio &amp; alarm:<\/strong><\/p>\n<ul data-start=\"3522\" data-end=\"3674\">\n<li data-start=\"3522\" data-end=\"3600\">\n<p data-start=\"3524\" data-end=\"3600\">1 \u00d7 avdio vhod\/1 \u00d7 izhod (3.5\u202fmm).<\/p>\n<\/li>\n<li data-start=\"3601\" data-end=\"3674\">\n<p data-start=\"3603\" data-end=\"3674\">1 \u00d7 alarm vhod\/1 \u00d7 alarm izhod.<\/p>\n<\/li>\n<\/ul>\n<p data-start=\"3676\" data-end=\"3692\"><strong data-start=\"3676\" data-end=\"3690\">Napajanje:<\/strong><\/p>\n<ul data-start=\"3693\" data-end=\"3774\">\n<li data-start=\"3693\" data-end=\"3774\">\n<p data-start=\"3695\" data-end=\"3774\">12\u202fVDC ali PoE (IEEE 802.3af, Class\u202f3).<\/p>\n<\/li>\n<\/ul>\n<p data-start=\"3776\" data-end=\"3799\"><strong data-start=\"3776\" data-end=\"3797\">Za\u0161\u010dita &amp; ohi\u0161je:<\/strong><\/p>\n<ul data-start=\"3800\" data-end=\"3954\">\n<li data-start=\"3800\" data-end=\"3879\">\n<p data-start=\"3802\" data-end=\"3879\">IP66 \u2013 za\u0161\u010dita pred vodo in prahom.<\/p>\n<\/li>\n<li data-start=\"3880\" data-end=\"3954\">\n<p data-start=\"3882\" data-end=\"3954\">IK10 \u2013 odporna proti vandalizmu.<\/p>\n<\/li>\n<\/ul>\n<p data-start=\"3956\" data-end=\"3979\"><strong data-start=\"3956\" data-end=\"3977\">Dimenzije &amp; te\u017ea:<\/strong><\/p>\n<ul data-start=\"3980\" data-end=\"4060\">\n<li data-start=\"3980\" data-end=\"4060\">\n<p data-start=\"3982\" data-end=\"4060\">\u00d8153.5\u202fmm \u00d7 133.1\u202fmm, pribli\u017eno 845\u202fg.<\/p>\n<\/li>\n<\/ul>","protected":false},"excerpt":{"rendered":"<p>Profesionalna <strong data-start=\"255\" data-end=\"334\">4\u202fMP AcuSense motorized varifokal dome IP kamera Hikvision DS\u20112CD2746G2\u2011IZS<\/strong> zagotavlja visoko kakovost slike (2688 \u00d7\u202f1520), motorni zoom 2.8\u201312\u202fmm, inteligentno klasifikacijo ljudi\/vozil in no\u010dni IR vid do ~40\u202fm. Kamera je odporna na vremenske vplive (IP66) in vandalizem (IK10), primerna za notranje in zunanje namene.<\/p>\n<p><a href=\"https:\/\/www.tada.si\/en\/product-category\/video-nadzor\/hikvision\/\">Oglejte si \u0161e ostalo na\u0161o HikVision ponudbo.<\/a><\/p>","protected":false},"featured_media":10492,"comment_status":"open","ping_status":"closed","template":"","meta":{"inline_featured_image":false},"product_brand":[],"product_cat":[72,376,208],"product_tag":[],"class_list":{"0":"post-10427","1":"product","2":"type-product","3":"status-publish","4":"has-post-thumbnail","6":"product_cat-alarmni-in-video-nadzor","7":"product_cat-dome-kamere","8":"product_cat-hikvision","10":"first","11":"instock","12":"taxable","13":"shipping-taxable","14":"purchasable","15":"product-type-simple","16":"czr-hentry"},"_links":{"self":[{"href":"https:\/\/www.tada.si\/en\/wp-json\/wp\/v2\/product\/10427","targetHints":{"allow":["GET"]}}],"collection":[{"href":"https:\/\/www.tada.si\/en\/wp-json\/wp\/v2\/product"}],"about":[{"href":"https:\/\/www.tada.si\/en\/wp-json\/wp\/v2\/types\/product"}],"replies":[{"embeddable":true,"href":"https:\/\/www.tada.si\/en\/wp-json\/wp\/v2\/comments?post=10427"}],"wp:featuredmedia":[{"embeddable":true,"href":"https:\/\/www.tada.si\/en\/wp-json\/wp\/v2\/media\/10492"}],"wp:attachment":[{"href":"https:\/\/www.tada.si\/en\/wp-json\/wp\/v2\/media?parent=10427"}],"wp:term":[{"taxonomy":"product_brand","embeddable":true,"href":"https:\/\/www.tada.si\/en\/wp-json\/wp\/v2\/product_brand?post=10427"},{"taxonomy":"product_cat","embeddable":true,"href":"https:\/\/www.tada.si\/en\/wp-json\/wp\/v2\/product_cat?post=10427"},{"taxonomy":"product_tag","embeddable":true,"href":"https:\/\/www.tada.si\/en\/wp-json\/wp\/v2\/product_tag?post=10427"}],"curies":[{"name":"wp","href":"https:\/\/api.w.org\/{rel}","templated":true}]}}