{"id":10433,"date":"2026-02-20T16:12:05","date_gmt":"2026-02-20T14:12:05","guid":{"rendered":"https:\/\/www.tada.si\/?post_type=product&#038;p=10433"},"modified":"2026-03-04T16:13:28","modified_gmt":"2026-03-04T14:13:28","slug":"hikvision-kamera-ds-2cd2t43g2-2i","status":"publish","type":"product","link":"https:\/\/www.tada.si\/en\/trgovina\/alarmni-in-video-nadzor\/hikvision\/hikvision-kamera-ds-2cd2t43g2-2i\/","title":{"rendered":"HikVision kamera DS-2CD2T43G2-2I"},"content":{"rendered":"<h3><a href=\"https:\/\/www.hikvision.com\/en\/products\/IP-Products\/Network-Cameras\/Pro-Series-EasyIP-\/ds-2cd2t43g2-2i-4i\/?subName=DS-2CD2T43G2-4I\" target=\"_blank\" rel=\"noopener\">HikVision DS-2CD2T43G2-2I<\/a><\/h3>\n<p>Napredna <strong data-start=\"934\" data-end=\"970\">4 MP AcuSense IP nadzorna kamera<\/strong> z lo\u010dljivostjo do <strong data-start=\"989\" data-end=\"1004\">2688 \u00d7 1520<\/strong>, ki zagotavlja jasno video sliko in pametno klasifikacijo ciljev (ljudi in vozil), kar bistveno zmanj\u0161a la\u017ene alarme v primerjavi s standardnimi detekcijami. Podpira <strong data-start=\"1171\" data-end=\"1221\">u\u010dinkovito H.265\/H.265+\/H.264 video kompresijo<\/strong> za bolj\u0161o optimizacijo pasovne \u0161irine in shranjevanja ter <strong data-start=\"1280\" data-end=\"1319\">120 dB \u0161irok dinami\u010dni razpon (WDR)<\/strong> za izbolj\u0161ano vidljivost v kontrastnih svetlobnih pogojih. Kamera ima <strong data-start=\"1390\" data-end=\"1410\">suho fiksno le\u010do<\/strong> (2.8 mm, 4 mm ali 6 mm opcijsko) in inteligentni <strong data-start=\"1460\" data-end=\"1508\">IR osvetljevalec z dometom do pribli\u017eno 60 m<\/strong>, kar omogo\u010da zanesljiv no\u010dni nadzor. Robustno ohi\u0161je s stopnjo <strong data-start=\"1572\" data-end=\"1580\">IP67<\/strong> pred prahom in vodo omogo\u010da zanesljivo delovanje v razli\u010dnih vremenskih pogojih.<\/p>\n<p data-start=\"1751\" data-end=\"1768\"><strong data-start=\"1751\" data-end=\"1766\">Tip kamere:<\/strong><\/p>\n<ul data-start=\"1769\" data-end=\"1868\">\n<li data-start=\"1769\" data-end=\"1868\">\n<p data-start=\"1771\" data-end=\"1868\">IP bullet nadzorna kamera z lo\u010dljivostjo 4 MP (2688 \u00d7 1520)<\/p>\n<\/li>\n<\/ul>\n<p data-start=\"1870\" data-end=\"1906\"><strong data-start=\"1870\" data-end=\"1904\">Senzor in svetlobne lastnosti:<\/strong><\/p>\n<ul data-start=\"1907\" data-end=\"2151\">\n<li data-start=\"1907\" data-end=\"1982\">\n<p data-start=\"1909\" data-end=\"1982\">1\/3\u2033 Progressive Scan CMOS senzor<\/p>\n<\/li>\n<li data-start=\"1983\" data-end=\"2083\">\n<p data-start=\"1985\" data-end=\"2083\">Minimalna osvetlitev: 0.005 Lux @ F1.6 (barva), 0 Lux z IR<\/p>\n<\/li>\n<li data-start=\"2084\" data-end=\"2151\">\n<p data-start=\"2086\" data-end=\"2151\">Dan\/no\u010d IR cut filter (ICR)<\/p>\n<\/li>\n<\/ul>\n<p data-start=\"2153\" data-end=\"2168\"><strong data-start=\"2153\" data-end=\"2166\">Objektiv:<\/strong><\/p>\n<ul data-start=\"2169\" data-end=\"2414\">\n<li data-start=\"2169\" data-end=\"2257\">\n<p data-start=\"2171\" data-end=\"2257\">Fiksni objektiv: 2.8 mm \/ 4 mm \/ 6 mm opcijsko<\/p>\n<\/li>\n<li data-start=\"2258\" data-end=\"2358\">\n<p data-start=\"2260\" data-end=\"2358\">Vidni kot: 2.8 mm ~103\u00b0 horizontalno, 4 mm ~84\u00b0, 6 mm ~52\u00b0<\/p>\n<\/li>\n<li data-start=\"2359\" data-end=\"2414\">\n<p data-start=\"2361\" data-end=\"2414\">F1.6 zaslonka<\/p>\n<\/li>\n<\/ul>\n<p data-start=\"2416\" data-end=\"2437\"><strong data-start=\"2416\" data-end=\"2435\">No\u010dni vid \/ IR:<\/strong><\/p>\n<ul data-start=\"2438\" data-end=\"2609\">\n<li data-start=\"2438\" data-end=\"2516\">\n<p data-start=\"2440\" data-end=\"2516\">IR osvetljevalec do ~60 m (850 nm)<\/p>\n<\/li>\n<li data-start=\"2517\" data-end=\"2609\">\n<p data-start=\"2519\" data-end=\"2609\">Smart IR uravnavanje mo\u010di za enakomerno osvetlitev<\/p>\n<\/li>\n<\/ul>\n<p data-start=\"2611\" data-end=\"2637\"><strong data-start=\"2611\" data-end=\"2635\">Video in kompresija:<\/strong><\/p>\n<ul data-start=\"2638\" data-end=\"2887\">\n<li data-start=\"2638\" data-end=\"2725\">\n<p data-start=\"2640\" data-end=\"2725\">Glavni stream: do 25\/30 fps pri 2688 \u00d7 1520<\/p>\n<\/li>\n<li data-start=\"2726\" data-end=\"2813\">\n<p data-start=\"2728\" data-end=\"2813\">Kompresija: H.265+\/H.265\/H.264+\/H.264\/MJPEG<\/p>\n<\/li>\n<li data-start=\"2814\" data-end=\"2887\">\n<p data-start=\"2816\" data-end=\"2887\">Bitna hitrost: 32 Kbps \u2013 8 Mbps<\/p>\n<\/li>\n<\/ul>\n<p data-start=\"2889\" data-end=\"2925\"><strong data-start=\"2889\" data-end=\"2923\">Dinami\u010dni razpon &amp; izbolj\u0161ave:<\/strong><\/p>\n<ul data-start=\"2926\" data-end=\"2996\">\n<li data-start=\"2926\" data-end=\"2996\">\n<p data-start=\"2928\" data-end=\"2996\">120 dB WDR, BLC, HLC, 3D DNR<\/p>\n<\/li>\n<\/ul>\n<p data-start=\"2998\" data-end=\"3021\"><strong data-start=\"2998\" data-end=\"3019\">Pametne funkcije:<\/strong><\/p>\n<ul data-start=\"3022\" data-end=\"3216\">\n<li data-start=\"3022\" data-end=\"3114\">\n<p data-start=\"3024\" data-end=\"3114\">Detekcija gibanja z klasifikacijo ljudi in vozil<\/p>\n<\/li>\n<li data-start=\"3115\" data-end=\"3216\">\n<p data-start=\"3117\" data-end=\"3216\">Pametni dogodki: pre\u010dkanje linije, vdor, video manipulacija<\/p>\n<\/li>\n<\/ul>\n<p data-start=\"3218\" data-end=\"3249\"><strong data-start=\"3218\" data-end=\"3247\">Shranjevanje in povezave:<\/strong><\/p>\n<ul data-start=\"3250\" data-end=\"3401\">\n<li data-start=\"3250\" data-end=\"3319\">\n<p data-start=\"3252\" data-end=\"3319\">RJ45 10\/100 Mbps Ethernet<\/p>\n<\/li>\n<li data-start=\"3320\" data-end=\"3401\">\n<p data-start=\"3322\" data-end=\"3401\">Vgrajen microSD slot, podpora do 512 GB<\/p>\n<\/li>\n<\/ul>\n<p data-start=\"3403\" data-end=\"3419\"><strong data-start=\"3403\" data-end=\"3417\">Napajanje:<\/strong><\/p>\n<ul data-start=\"3420\" data-end=\"3491\">\n<li data-start=\"3420\" data-end=\"3491\">\n<p data-start=\"3422\" data-end=\"3491\">12 VDC ali PoE (IEEE 802.3af)<\/p>\n<\/li>\n<\/ul>\n<p data-start=\"3493\" data-end=\"3517\"><strong data-start=\"3493\" data-end=\"3515\">Za\u0161\u010dita in ohi\u0161je:<\/strong><\/p>\n<ul data-start=\"3518\" data-end=\"3594\">\n<li data-start=\"3518\" data-end=\"3594\">\n<p data-start=\"3520\" data-end=\"3594\">IP67 \u2013 za\u0161\u010dita pred vodo in prahom<\/p>\n<\/li>\n<\/ul>\n<p data-start=\"3596\" data-end=\"3619\"><strong data-start=\"3596\" data-end=\"3617\">Dimenzije &amp; te\u017ea:<\/strong><\/p>\n<ul data-start=\"3620\" data-end=\"3695\">\n<li data-start=\"3620\" data-end=\"3695\">\n<p data-start=\"3622\" data-end=\"3695\">\u00d8105 \u00d7 299.7 mm, pribli\u017eno 1070 g<\/p>\n<\/li>\n<\/ul>\n<p data-start=\"3697\" data-end=\"3719\"><strong data-start=\"3697\" data-end=\"3717\">Delovne razmere:<\/strong><\/p>\n<ul data-start=\"3720\" data-end=\"3810\">\n<li data-start=\"3720\" data-end=\"3810\">\n<p data-start=\"3722\" data-end=\"3810\">\u201330 \u00b0C do 60 \u00b0C, 95 % vla\u017enost brez kondenzacije<\/p>\n<\/li>\n<\/ul>","protected":false},"excerpt":{"rendered":"<p data-start=\"263\" data-end=\"594\">Profesionalna <strong data-start=\"277\" data-end=\"344\">4 MP AcuSense fiksna bullet IP kamera Hikvision DS-2CD2T43G2-2I<\/strong> ponuja kakovostno sliko (2688 \u00d7 1520) z napredno klasifikacijo ljudi\/vozil za manj la\u017enih alarmov, <strong data-start=\"444\" data-end=\"458\">120 dB WDR<\/strong> in <strong data-start=\"462\" data-end=\"490\">IR no\u010dnim vidom do ~60 m<\/strong> v robustnem ohi\u0161ju <strong data-start=\"510\" data-end=\"518\">IP67<\/strong>. Idealna za zunanje nadzorne sisteme.<\/p>\n<p data-start=\"263\" data-end=\"594\"><a href=\"https:\/\/www.tada.si\/en\/product-category\/video-nadzor\/hikvision\/\">Oglejte si \u0161e ostalo na\u0161o HikVision ponudbo.<\/a><\/p>","protected":false},"featured_media":10434,"comment_status":"open","ping_status":"closed","template":"","meta":{"inline_featured_image":false},"product_brand":[],"product_cat":[208,72,375],"product_tag":[],"class_list":{"0":"post-10433","1":"product","2":"type-product","3":"status-publish","4":"has-post-thumbnail","6":"product_cat-hikvision","7":"product_cat-alarmni-in-video-nadzor","8":"product_cat-bullet-kamere","10":"first","11":"instock","12":"taxable","13":"shipping-taxable","14":"purchasable","15":"product-type-simple","16":"czr-hentry"},"_links":{"self":[{"href":"https:\/\/www.tada.si\/en\/wp-json\/wp\/v2\/product\/10433","targetHints":{"allow":["GET"]}}],"collection":[{"href":"https:\/\/www.tada.si\/en\/wp-json\/wp\/v2\/product"}],"about":[{"href":"https:\/\/www.tada.si\/en\/wp-json\/wp\/v2\/types\/product"}],"replies":[{"embeddable":true,"href":"https:\/\/www.tada.si\/en\/wp-json\/wp\/v2\/comments?post=10433"}],"wp:featuredmedia":[{"embeddable":true,"href":"https:\/\/www.tada.si\/en\/wp-json\/wp\/v2\/media\/10434"}],"wp:attachment":[{"href":"https:\/\/www.tada.si\/en\/wp-json\/wp\/v2\/media?parent=10433"}],"wp:term":[{"taxonomy":"product_brand","embeddable":true,"href":"https:\/\/www.tada.si\/en\/wp-json\/wp\/v2\/product_brand?post=10433"},{"taxonomy":"product_cat","embeddable":true,"href":"https:\/\/www.tada.si\/en\/wp-json\/wp\/v2\/product_cat?post=10433"},{"taxonomy":"product_tag","embeddable":true,"href":"https:\/\/www.tada.si\/en\/wp-json\/wp\/v2\/product_tag?post=10433"}],"curies":[{"name":"wp","href":"https:\/\/api.w.org\/{rel}","templated":true}]}}