{"id":10436,"date":"2026-02-20T16:18:53","date_gmt":"2026-02-20T14:18:53","guid":{"rendered":"https:\/\/www.tada.si\/?post_type=product&#038;p=10436"},"modified":"2026-03-04T16:12:22","modified_gmt":"2026-03-04T14:12:22","slug":"hikvision-kamera-ds-2cd2t45g0p-i","status":"publish","type":"product","link":"https:\/\/www.tada.si\/en\/trgovina\/alarmni-in-video-nadzor\/hikvision\/bullet-kamere\/hikvision-kamera-ds-2cd2t45g0p-i\/","title":{"rendered":"HikVision kamera DS-2CD2T45G0P-I"},"content":{"rendered":"<h3><a href=\"https:\/\/www.hikvision.com\/europe\/products\/IP-Products\/Network-Cameras\/Pro-Series-EasyIP-\/ds-2cd2t45g0p-i\/\" target=\"_blank\" rel=\"noopener\">HikVision DS-2CD2T45G0P-I<\/a><\/h3>\n<p>Profesionalna in zmogljiva <strong data-start=\"913\" data-end=\"947\">4 MP IP bullet nadzorna kamera<\/strong>, zasnovana za zunanjo uporabo, ki zdru\u017euje visoko lo\u010dljivost slike (2688 \u00d7 1520) s super \u0161irokim vidnim poljem 180\u00b0 (fiksni objektiv 1.68 mm), kar omogo\u010da zajem ve\u010djega prostora z ene to\u010dke. Kamera uporablja <strong data-start=\"1156\" data-end=\"1175\">True WDR 120 dB<\/strong> za izbolj\u0161ano sliko tudi v kontrastnih svetlobnih pogojih ter <strong data-start=\"1238\" data-end=\"1288\">efektivno H.265+\/H.265\/H.264+\/H.264 kompresijo<\/strong> za optimizacijo pasovne \u0161irine in shranjevanja. Inteligentna IR osvetlitev dose\u017ee do <strong data-start=\"1374\" data-end=\"1383\">~20 m<\/strong> za no\u010dno snemanje, vgrajen <strong data-start=\"1411\" data-end=\"1422\">microSD<\/strong> slot omogo\u010da lokalno shranjevanje (do 256 GB), robustno <strong data-start=\"1479\" data-end=\"1487\">IP67<\/strong> ohi\u0161je pa zagotavlja odpornost na vremenske vplive. Podpira tudi napredne video dogodke, kot so detekcija vdorov, pre\u010dkanje linije, odstranjevanje objektov in detekcija obraza.<\/p>\n<p data-start=\"1754\" data-end=\"1771\"><strong data-start=\"1754\" data-end=\"1769\">ip kamere:<\/strong><\/p>\n<ul data-start=\"1772\" data-end=\"1876\">\n<li data-start=\"1772\" data-end=\"1876\">\n<p data-start=\"1774\" data-end=\"1876\">Bullet IP nadzorna kamera z lo\u010dljivostjo <strong data-start=\"1815\" data-end=\"1837\">4 MP (2688 \u00d7 1520)<\/strong>.<\/p>\n<\/li>\n<\/ul>\n<p data-start=\"1878\" data-end=\"1914\"><strong data-start=\"1878\" data-end=\"1912\">Senzor in svetlobne lastnosti:<\/strong><\/p>\n<ul data-start=\"1915\" data-end=\"2163\">\n<li data-start=\"1915\" data-end=\"1993\">\n<p data-start=\"1917\" data-end=\"1993\">1\/2.7\u2033 Progressive Scan CMOS senzor.<\/p>\n<\/li>\n<li data-start=\"1994\" data-end=\"2097\">\n<p data-start=\"1996\" data-end=\"2097\">Minimalna osvetlitev: 0.028 Lux @ (F2.0, AGC ON); 0 Lux z IR.<\/p>\n<\/li>\n<li data-start=\"2098\" data-end=\"2163\">\n<p data-start=\"2100\" data-end=\"2163\">Day\/Night ICR Cut filter.<\/p>\n<\/li>\n<\/ul>\n<p data-start=\"2165\" data-end=\"2180\"><strong data-start=\"2165\" data-end=\"2178\">Objektiv:<\/strong><\/p>\n<ul data-start=\"2181\" data-end=\"2379\">\n<li data-start=\"2181\" data-end=\"2275\">\n<p data-start=\"2183\" data-end=\"2275\">Fiksni ultra \u0161irokokotni objektiv <strong data-start=\"2217\" data-end=\"2234\">1.68 mm, F2.0<\/strong>.<\/p>\n<\/li>\n<li data-start=\"2276\" data-end=\"2379\">\n<p data-start=\"2278\" data-end=\"2379\">Vidni kot: horizontalno 180\u00b0, vertikalno 101\u00b0, diagonalno 180\u00b0.<\/p>\n<\/li>\n<\/ul>\n<p data-start=\"2381\" data-end=\"2402\"><strong data-start=\"2381\" data-end=\"2400\">No\u010dni vid \/ IR:<\/strong><\/p>\n<ul data-start=\"2403\" data-end=\"2583\">\n<li data-start=\"2403\" data-end=\"2486\">\n<p data-start=\"2405\" data-end=\"2486\">IR osvetljevalec do pribli\u017eno <strong data-start=\"2435\" data-end=\"2443\">20 m<\/strong>.<\/p>\n<\/li>\n<li data-start=\"2487\" data-end=\"2583\">\n<p data-start=\"2489\" data-end=\"2583\">Smart Supplement Light za enakomerno no\u010dno osvetlitev.<\/p>\n<\/li>\n<\/ul>\n<p data-start=\"2585\" data-end=\"2611\"><strong data-start=\"2585\" data-end=\"2609\">Video in kompresija:<\/strong><\/p>\n<ul data-start=\"2612\" data-end=\"2900\">\n<li data-start=\"2612\" data-end=\"2709\">\n<p data-start=\"2614\" data-end=\"2709\">Podpora <strong data-start=\"2622\" data-end=\"2651\">H.265+\/H.265\/H.264+\/H.264<\/strong> video formatom.<\/p>\n<\/li>\n<li data-start=\"2710\" data-end=\"2824\">\n<p data-start=\"2712\" data-end=\"2824\">Glavni tok do <strong data-start=\"2726\" data-end=\"2736\">25 fps<\/strong> pri 2688 \u00d7 1520 (50 Hz) \/ <strong data-start=\"2763\" data-end=\"2773\">24 fps<\/strong> (60 Hz).<\/p>\n<\/li>\n<li data-start=\"2825\" data-end=\"2900\">\n<p data-start=\"2827\" data-end=\"2900\">Bitna hitrost: 32 Kbps \u2013 16 Mbps.<\/p>\n<\/li>\n<\/ul>\n<p data-start=\"2902\" data-end=\"2944\"><strong data-start=\"2902\" data-end=\"2942\">Dinami\u010dni razpon &amp; izbolj\u0161ave slike:<\/strong><\/p>\n<ul data-start=\"2945\" data-end=\"3025\">\n<li data-start=\"2945\" data-end=\"3025\">\n<p data-start=\"2947\" data-end=\"3025\"><strong data-start=\"2947\" data-end=\"2966\">120 dB True WDR<\/strong>, BLC, HLC, 3D DNR.<\/p>\n<\/li>\n<\/ul>\n<p data-start=\"3027\" data-end=\"3050\"><strong data-start=\"3027\" data-end=\"3048\">Pametne funkcije:<\/strong><\/p>\n<ul data-start=\"3051\" data-end=\"3232\">\n<li data-start=\"3051\" data-end=\"3232\">\n<p data-start=\"3053\" data-end=\"3232\">Smart dogodki: pre\u010dkanje linije, vdor, neattended baggage (brez nadzora), odstranitev objekta, detekcija obraza, zaznavanje sprememb scene.<\/p>\n<\/li>\n<\/ul>\n<p data-start=\"3234\" data-end=\"3265\"><strong data-start=\"3234\" data-end=\"3263\">Shranjevanje in povezave:<\/strong><\/p>\n<ul data-start=\"3266\" data-end=\"3459\">\n<li data-start=\"3266\" data-end=\"3368\">\n<p data-start=\"3268\" data-end=\"3368\">Vgrajen <strong data-start=\"3276\" data-end=\"3297\">microSD\/SDHC\/SDXC<\/strong> slot, podpora do <strong data-start=\"3315\" data-end=\"3325\">256 GB<\/strong>.<\/p>\n<\/li>\n<li data-start=\"3369\" data-end=\"3459\">\n<p data-start=\"3371\" data-end=\"3459\"><strong data-start=\"3371\" data-end=\"3404\">1 \u00d7 RJ45 10\/100 Mbps Ethernet<\/strong> (PoE 802.3af).<\/p>\n<\/li>\n<\/ul>\n<p data-start=\"3461\" data-end=\"3477\"><strong data-start=\"3461\" data-end=\"3475\">Napajanje:<\/strong><\/p>\n<ul data-start=\"3478\" data-end=\"3554\">\n<li data-start=\"3478\" data-end=\"3554\">\n<p data-start=\"3480\" data-end=\"3554\"><strong data-start=\"3480\" data-end=\"3491\">12 V DC<\/strong> ali <strong data-start=\"3496\" data-end=\"3513\">PoE (802.3af)<\/strong>.<\/p>\n<\/li>\n<\/ul>\n<p data-start=\"3556\" data-end=\"3579\"><strong data-start=\"3556\" data-end=\"3577\">Za\u0161\u010dita &amp; ohi\u0161je:<\/strong><\/p>\n<ul data-start=\"3580\" data-end=\"3763\">\n<li data-start=\"3580\" data-end=\"3681\">\n<p data-start=\"3582\" data-end=\"3681\"><strong data-start=\"3582\" data-end=\"3590\">IP67<\/strong> \u2013 za\u0161\u010dita pred vodo in prahom (zunanja uporaba).<\/p>\n<\/li>\n<li data-start=\"3682\" data-end=\"3763\">\n<p data-start=\"3684\" data-end=\"3763\">Kovinsko ohi\u0161je za bolj\u0161o vzdr\u017eljivost.<\/p>\n<\/li>\n<\/ul>\n<p data-start=\"3765\" data-end=\"3788\"><strong data-start=\"3765\" data-end=\"3786\">Dimenzije &amp; te\u017ea:<\/strong><\/p>\n<ul data-start=\"3789\" data-end=\"3871\">\n<li data-start=\"3789\" data-end=\"3871\">\n<p data-start=\"3791\" data-end=\"3871\">Pribli\u017eno <strong data-start=\"3801\" data-end=\"3822\">\u00d8 105 mm \u00d7 278 mm<\/strong>, ~570 g.<\/p>\n<\/li>\n<\/ul>\n<p data-start=\"3873\" data-end=\"3895\"><strong data-start=\"3873\" data-end=\"3893\">Delovne razmere:<\/strong><\/p>\n<ul data-start=\"3896\" data-end=\"4004\">\n<li data-start=\"3896\" data-end=\"4004\">\n<p data-start=\"3898\" data-end=\"4004\">Delovanje: <strong data-start=\"3909\" data-end=\"3928\">\u201330 \u00b0C do 60 \u00b0C<\/strong>; vla\u017enost \u2264 95 % brez kondenzacije.<\/p>\n<\/li>\n<\/ul>","protected":false},"excerpt":{"rendered":"<p data-start=\"217\" data-end=\"576\">Profesionalna <strong data-start=\"231\" data-end=\"282\">4 MP bullet IP kamera Hikvision DS-2CD2T45G0P-I<\/strong> s super \u0161irokokotnim objektivom 1.68 mm in vidnim kotom 180\u00b0, ki zagotavlja \u0161irok pregled nad obmo\u010djem. Kamera podpira <strong data-start=\"402\" data-end=\"423\">H.265+ kompresijo<\/strong>, <strong data-start=\"425\" data-end=\"439\">120 dB WDR<\/strong> in IR no\u010dni vid do <strong data-start=\"459\" data-end=\"468\">~20 m<\/strong>, ima <strong data-start=\"474\" data-end=\"493\">vgrajen microSD<\/strong> slot in <strong data-start=\"502\" data-end=\"518\">IP67 za\u0161\u010dito<\/strong> za zunanjo uporabo.<\/p>\n<p data-start=\"217\" data-end=\"576\"><a href=\"https:\/\/www.tada.si\/en\/product-category\/video-nadzor\/hikvision\/\">Oglejte si \u0161e ostalo na\u0161o HikVision ponudbo.<\/a><\/p>","protected":false},"featured_media":10437,"comment_status":"open","ping_status":"closed","template":"","meta":{"inline_featured_image":false},"product_brand":[],"product_cat":[72,375,208],"product_tag":[],"class_list":{"0":"post-10436","1":"product","2":"type-product","3":"status-publish","4":"has-post-thumbnail","6":"product_cat-alarmni-in-video-nadzor","7":"product_cat-bullet-kamere","8":"product_cat-hikvision","10":"first","11":"instock","12":"taxable","13":"shipping-taxable","14":"purchasable","15":"product-type-simple","16":"czr-hentry"},"_links":{"self":[{"href":"https:\/\/www.tada.si\/en\/wp-json\/wp\/v2\/product\/10436","targetHints":{"allow":["GET"]}}],"collection":[{"href":"https:\/\/www.tada.si\/en\/wp-json\/wp\/v2\/product"}],"about":[{"href":"https:\/\/www.tada.si\/en\/wp-json\/wp\/v2\/types\/product"}],"replies":[{"embeddable":true,"href":"https:\/\/www.tada.si\/en\/wp-json\/wp\/v2\/comments?post=10436"}],"wp:featuredmedia":[{"embeddable":true,"href":"https:\/\/www.tada.si\/en\/wp-json\/wp\/v2\/media\/10437"}],"wp:attachment":[{"href":"https:\/\/www.tada.si\/en\/wp-json\/wp\/v2\/media?parent=10436"}],"wp:term":[{"taxonomy":"product_brand","embeddable":true,"href":"https:\/\/www.tada.si\/en\/wp-json\/wp\/v2\/product_brand?post=10436"},{"taxonomy":"product_cat","embeddable":true,"href":"https:\/\/www.tada.si\/en\/wp-json\/wp\/v2\/product_cat?post=10436"},{"taxonomy":"product_tag","embeddable":true,"href":"https:\/\/www.tada.si\/en\/wp-json\/wp\/v2\/product_tag?post=10436"}],"curies":[{"name":"wp","href":"https:\/\/api.w.org\/{rel}","templated":true}]}}