{"id":10452,"date":"2026-02-21T12:02:40","date_gmt":"2026-02-21T10:02:40","guid":{"rendered":"https:\/\/www.tada.si\/?post_type=product&#038;p=10452"},"modified":"2026-02-21T18:49:09","modified_gmt":"2026-02-21T16:49:09","slug":"target-blu-eye-2-vgradni-sistem-za-zaznavanje-in-opozarjanje-intervencijskih-vozil","status":"publish","type":"product","link":"https:\/\/www.tada.si\/en\/trgovina\/radar-detektorji\/target-blu-eye-2-vgradni-sistem-za-zaznavanje-in-opozarjanje-intervencijskih-vozil\/","title":{"rendered":"Target blu eye 2 vgradni sistem za zaznavanje in opozarjanje intervencijskih vozil"},"content":{"rendered":"<h3><a href=\"https:\/\/blu-eye.eu\/en\/product-information\/target-blu-eye-2\" target=\"_blank\" rel=\"noopener\">Target blu eye 2 vgradni sistem za zaznavanje in opozarjanje intervencijskih vozil<\/a><\/h3>\n<p data-start=\"204\" data-end=\"278\"><strong data-start=\"204\" data-end=\"278\">Napredna opozorila. Ve\u010dja predvidljivost. Maksimalna prometna varnost.<\/strong><\/p>\n<p data-start=\"280\" data-end=\"590\">TARGET BLU EYE 2 predstavlja novo generacijo svetovno patentiranega sistema za zaznavanje intervencijskih vozil prek TETRA digitalnega komunikacijskega omre\u017eja. Sistem voznika pravo\u010dasno opozori na pribli\u017eevanje policije, re\u0161evalcev ali gasilcev \u2014 tudi kadar sirena ali svetlobna signalizacija nista vklju\u010deni.<\/p>\n<p data-start=\"592\" data-end=\"817\">Ob zaznavi sistema prejmete jasno vizualno in zvo\u010dno opozorilo, prikazovalnik pa z jakostjo signala poka\u017ee, ali se vozilo pribli\u017euje ali oddaljuje. Nova generacija Blu Eye 2 omogo\u010da \u0161e natan\u010dnej\u0161e in zanesljivej\u0161e zaznavanje.<\/p>\n<hr data-start=\"819\" data-end=\"822\" \/>\n<h2 data-start=\"824\" data-end=\"876\">TETRA TARGET BLU EYE 2 \u2013 Napredno varnostno \u201coko\u201d<\/h2>\n<p data-start=\"878\" data-end=\"1013\">Sistem temelji na TETRA tehnologiji, ki jo uporablja ve\u010dina intervencijskih slu\u017eb po Evropi (v Veliki Britaniji poznano kot Airwave).<\/p>\n<p data-start=\"1015\" data-end=\"1264\">Blu Eye 2 je nadgrajen z zmogljivej\u0161o platformo v primerjavi s prvo generacijo. Medtem ko je prej\u0161nji model zaznaval 200 nizkih TETRA\/Airwave kanalov, Blu Eye 2 podpira tudi do 600 visokih TETRA\/Airwave kanalov, ki se vse pogosteje uporabljajo v EU.<\/p>\n<p data-start=\"1266\" data-end=\"1348\">Rezultat je \u0161e ve\u010dja pokritost, hitrej\u0161e zaznavanje in ve\u010d \u010dasa za varno reakcijo.<\/p>\n<hr data-start=\"1350\" data-end=\"1353\" \/>\n<h2 data-start=\"1355\" data-end=\"1387\">Kako deluje TARGET BLU EYE 2?<\/h2>\n<p data-start=\"1389\" data-end=\"1494\">Intervencijske slu\u017ebe (policija, gasilci, re\u0161evalci) uporabljajo digitalni komunikacijski sistem TETRA.<\/p>\n<p data-start=\"1496\" data-end=\"1654\">Ko se radijska postaja v vozilu prijavi v omre\u017eje, periodi\u010dno oddaja ultra kratek sinhronizacijski signal. Blu Eye 2 ta signal pasivno zazna in ga pretvori v:<\/p>\n<ul>\n<li data-start=\"1658\" data-end=\"1694\">jasno vizualno opozorilo na zaslonu<\/li>\n<li data-start=\"1658\" data-end=\"1694\">zvo\u010dni signal<\/li>\n<li data-start=\"1658\" data-end=\"1694\">prikaz pribli\u017eevanja ali oddaljevanja vozila<\/li>\n<\/ul>\n<p data-start=\"1761\" data-end=\"1918\">Sistem zaznava intervencijska vozila na razdalji od nekaj sto metrov do pribli\u017eno 1 kilometra, kar omogo\u010da pravo\u010dasno zmanj\u0161anje hitrosti ali varno umikanje.<\/p>\n<hr data-start=\"1920\" data-end=\"1923\" \/>\n<h2 data-start=\"1925\" data-end=\"1960\">Katera vozila zaznava Blu Eye 2?<\/h2>\n<ul>\n<li data-start=\"1964\" data-end=\"2008\">Policijska vozila (ozna\u010dena in neozna\u010dena)<\/li>\n<li data-start=\"1964\" data-end=\"2008\">Policijska motorna kolesa<\/li>\n<li data-start=\"1964\" data-end=\"2008\">Re\u0161evalna vozila<\/li>\n<li data-start=\"1964\" data-end=\"2008\">Gasilska vozila<\/li>\n<\/ul>\n<p data-start=\"2081\" data-end=\"2190\">Vsa vozila, ki uporabljajo TETRA komunikacijo, so zaznana ne glede na uporabo sirene ali svetlobnih signalov.<\/p>\n<hr data-start=\"2192\" data-end=\"2195\" \/>\n<h2 data-start=\"2197\" data-end=\"2225\">Klju\u010dne prednosti sistema<\/h2>\n<ul>\n<li data-start=\"2227\" data-end=\"2618\">Zgodnje opozorilo na intervencijska vozila<\/li>\n<li data-start=\"2227\" data-end=\"2618\">Manj nenadnih in nevarnih manevrov<\/li>\n<li data-start=\"2227\" data-end=\"2618\">Ve\u010dja varnost za vse udele\u017eence v prometu<\/li>\n<li data-start=\"2227\" data-end=\"2618\">Zmanj\u0161anje tveganja materialne \u0161kode in po\u0161kodb<\/li>\n<li data-start=\"2227\" data-end=\"2618\">Bolj\u0161a preto\u010dnost prometa in hitrej\u0161i prehod intervencijskih vozil<\/li>\n<li data-start=\"2227\" data-end=\"2618\">Informacija o smeri gibanja (pribli\u017eevanje \/ oddaljevanje)<\/li>\n<li data-start=\"2227\" data-end=\"2618\">Enostavna monta\u017ea in uporabniku prijazen vmesnik<\/li>\n<li data-start=\"2227\" data-end=\"2618\">2 leti garancije<\/li>\n<\/ul>\n<hr data-start=\"2620\" data-end=\"2623\" \/>\n<h2 data-start=\"2625\" data-end=\"2648\">Je uporaba zakonita?<\/h2>\n<p data-start=\"2650\" data-end=\"2694\">Da. TARGET BLU EYE 2 je zakonit sistem, saj:<\/p>\n<ul>\n<li data-start=\"2698\" data-end=\"2729\">ne dekodira radijskih sporo\u010dil<\/li>\n<li data-start=\"2698\" data-end=\"2729\">ne prestreza komunikacijske vsebine<\/li>\n<li data-start=\"2698\" data-end=\"2729\">ne omogo\u010da identifikacije posamezne slu\u017ebe<\/li>\n<\/ul>\n<p data-start=\"2816\" data-end=\"2908\">Gre za radijski sprejemnik, ki zaznava prisotnost signala \u2014 varnostni opozorilni sistem<\/p>","protected":false},"excerpt":{"rendered":"<p>TARGET BLU-EYE 2 je napreden TETRA sistem za zaznavanje intervencijskih vozil. Voznika z vizualnim in zvo\u010dnim signalom pravo\u010dasno opozori na pribli\u017eevanje policije, re\u0161evalcev ali gasilcev.<\/p>\n<p>Oglejte si \u0161e <a href=\"https:\/\/www.tada.si\/en\/product-category\/radar-detektorji\/\">ostalo ponudbo radar detektorjev na na\u0161i spletni strani.<\/a><\/p>","protected":false},"featured_media":10453,"comment_status":"open","ping_status":"closed","template":"","meta":{"inline_featured_image":false},"product_brand":[],"product_cat":[131,147],"product_tag":[],"class_list":{"0":"post-10452","1":"product","2":"type-product","3":"status-publish","4":"has-post-thumbnail","6":"product_cat-radar-detektorji","7":"product_cat-sistemi-za-zaznavo-interventnih-vozil","9":"first","10":"instock","11":"taxable","12":"shipping-taxable","13":"purchasable","14":"product-type-simple","15":"czr-hentry"},"_links":{"self":[{"href":"https:\/\/www.tada.si\/en\/wp-json\/wp\/v2\/product\/10452","targetHints":{"allow":["GET"]}}],"collection":[{"href":"https:\/\/www.tada.si\/en\/wp-json\/wp\/v2\/product"}],"about":[{"href":"https:\/\/www.tada.si\/en\/wp-json\/wp\/v2\/types\/product"}],"replies":[{"embeddable":true,"href":"https:\/\/www.tada.si\/en\/wp-json\/wp\/v2\/comments?post=10452"}],"wp:featuredmedia":[{"embeddable":true,"href":"https:\/\/www.tada.si\/en\/wp-json\/wp\/v2\/media\/10453"}],"wp:attachment":[{"href":"https:\/\/www.tada.si\/en\/wp-json\/wp\/v2\/media?parent=10452"}],"wp:term":[{"taxonomy":"product_brand","embeddable":true,"href":"https:\/\/www.tada.si\/en\/wp-json\/wp\/v2\/product_brand?post=10452"},{"taxonomy":"product_cat","embeddable":true,"href":"https:\/\/www.tada.si\/en\/wp-json\/wp\/v2\/product_cat?post=10452"},{"taxonomy":"product_tag","embeddable":true,"href":"https:\/\/www.tada.si\/en\/wp-json\/wp\/v2\/product_tag?post=10452"}],"curies":[{"name":"wp","href":"https:\/\/api.w.org\/{rel}","templated":true}]}}