{"id":10686,"date":"2026-03-05T13:50:05","date_gmt":"2026-03-05T11:50:05","guid":{"rendered":"https:\/\/www.tada.si\/?post_type=product&#038;p=10686"},"modified":"2026-03-05T13:56:04","modified_gmt":"2026-03-05T11:56:04","slug":"reolink-poe-stikalo-rla-ps1","status":"publish","type":"product","link":"https:\/\/www.tada.si\/en\/trgovina\/alarmni-in-video-nadzor\/reolink-poe-stikalo-rla-ps1\/","title":{"rendered":"Reolink PoE stikalo RLA-PS1"},"content":{"rendered":"<h3><a href=\"https:\/\/reolink.com\/product\/rla-ps1\/\" target=\"_blank\" rel=\"noopener\">Reolink PoE stikalo RLA-PS1 zagotavlja zanesljivo re\u0161itev PoE z 8 vrati PoE+ (10\/100Mbps) in 2 vrati za povezavo Gigabit Ethernet (10\/100\/1000Mbps). <\/a><\/h3>\n<p>Skladen s standardom IEEE802.3af\/at lahko zagotovi do 30 W za vsaka vrata PoE in ima skupni prora\u010dun mo\u010di 120 W za najve\u010d 8 naprav PoE. Samodejno bo zaznal, ali je naprava, priklju\u010dena na njegova vrata, naprava PoE in ali jo je treba napajati.<\/p>\n<p>Da bi se izognili po\u0161kodbam, ne bo napajal naprav brez PoE.<\/p>\n<h3 data-start=\"59\" data-end=\"94\">Napajanje preko omre\u017eja (PoE)<\/h3>\n<p data-start=\"95\" data-end=\"381\"><b>N<\/b>udi zanesljivo PoE re\u0161itev z 8 PoE+ priklju\u010dki (10\/100 Mbps) in 2 gigabitnima uplink priklju\u010dkoma (10\/100\/1000 Mbps). Zdru\u017eljiv je s standardom <strong data-start=\"260\" data-end=\"278\">IEEE802.3af\/at<\/strong>, omogo\u010da do <strong data-start=\"291\" data-end=\"327\">30 W na posamezen PoE priklju\u010dek<\/strong> in ima skupno mo\u010d <strong data-start=\"346\" data-end=\"378\">120 W za najve\u010d 8 PoE naprav<\/strong>.<\/p>\n<ul>\n<li data-start=\"385\" data-end=\"415\"><strong data-start=\"385\" data-end=\"398\">Standard:<\/strong> IEEE802.3af\/at<\/li>\n<li data-start=\"385\" data-end=\"415\"><strong data-start=\"418\" data-end=\"454\">Maks. izhodna mo\u010d na priklju\u010dek:<\/strong> 30 W<\/li>\n<li data-start=\"385\" data-end=\"415\"><strong data-start=\"464\" data-end=\"493\">Maks. skupna izhodna mo\u010d:<\/strong> 120 W<img loading=\"lazy\" decoding=\"async\" class=\"\" src=\"https:\/\/www.mall.cz\/i\/118961722\/\" alt=\"Upravljanje napajanja\" width=\"513\" height=\"342\" \/><\/li>\n<\/ul>\n<hr data-start=\"503\" data-end=\"506\" \/>\n<h3 data-start=\"508\" data-end=\"536\">Ve\u010d za\u0161\u010ditnih mehanizmov<\/h3>\n<h4 data-start=\"538\" data-end=\"561\">Upravljanje mo\u010di<\/h4>\n<p data-start=\"562\" data-end=\"820\">Ta PoE stikalo ima mehanizem za upravljanje mo\u010di. Ko skupna poraba prese\u017ee prora\u010dun mo\u010di (120 W), bodo PoE priklju\u010dki postopoma izklapljeni, za\u010delo se bo od <strong data-start=\"719\" data-end=\"735\">priklju\u010dka 8<\/strong>, dokler skupna poraba ne bo spet pod mejno vrednostjo, ki jo stikalo lahko zagotovi.<\/p>\n<h4 data-start=\"822\" data-end=\"855\">Samodejna detekcija naprav<\/h4>\n<p data-start=\"856\" data-end=\"1023\"><strong data-start=\"856\" data-end=\"867\">RLA-PS1<\/strong> samodejno zazna, ali je naprava, priklju\u010dena na priklju\u010dek, PoE naprava in ali potrebuje napajanje. Za za\u0161\u010dito pred po\u0161kodbami <strong data-start=\"995\" data-end=\"1022\">ne napaja ne-PoE naprav<\/strong>.<\/p>\n<p data-start=\"856\" data-end=\"1023\"><img loading=\"lazy\" decoding=\"async\" class=\"\" src=\"https:\/\/www.mall.cz\/i\/118961723\/\" alt=\"Samodejno zaznavanje naprav\" width=\"555\" height=\"370\" \/><\/p>\n<h4 data-start=\"1025\" data-end=\"1063\">Za\u0161\u010dita pred prenapetostjo 4 kV<\/h4>\n<p data-start=\"1064\" data-end=\"1223\">S profesionalno za\u0161\u010dito pred udarom strele stikalo u\u010dinkovito prepre\u010duje po\u0161kodbe priklju\u010denih naprav zaradi prenapetosti in zagotavlja dolgo \u017eivljenjsko dobo.<\/p>\n<p data-start=\"1064\" data-end=\"1223\"><img loading=\"lazy\" decoding=\"async\" class=\"\" src=\"https:\/\/www.mall.cz\/i\/118961720\/\" alt=\"4KV elektri\u010dna za\u0161\u010dita\" width=\"558\" height=\"372\" \/><\/p>\n<hr data-start=\"1225\" data-end=\"1228\" \/>\n<h3 data-start=\"1230\" data-end=\"1247\">Plug &amp; Play<\/h3>\n<p data-start=\"1248\" data-end=\"1642\"><strong data-start=\"1248\" data-end=\"1259\">RLA-PS1<\/strong> deluje brezhibno z va\u0161imi PoE kamerami in omogo\u010da hkratni prenos podatkov in elektri\u010dne energije po <strong data-start=\"1360\" data-end=\"1388\">samo enem Ethernet kablu<\/strong>. Enostavna namestitev, primerna tudi za za\u010detnike. Stikalo je zasnovano tako, da ustreza razli\u010dnim potrebam: lahko se pove\u017ee neposredno z va\u0161im NVR za ve\u010djo zanesljivost in varnost ali z istim LAN-om kot va\u0161a naprava, da podpre dodatne funkcije kamer.<\/p>\n<p data-start=\"1248\" data-end=\"1642\"><img loading=\"lazy\" decoding=\"async\" class=\"\" src=\"https:\/\/www.mimovrste.com\/i\/118961721\/600\/300\" alt=\"Plug &amp; Play tehnologija\" width=\"558\" height=\"418\" \/><\/p>","protected":false},"excerpt":{"rendered":"<p>8\u2011portno PoE stikalo za IP kamere, ki omogo\u010da prenos podatkov in napajanje prek enega kabla, z za\u0161\u010dito pred prenapetostjo in preobremenitvijo.<\/p>\n<p>Oglejte si \u0161e <a href=\"https:\/\/www.tada.si\/en\/product-category\/alarmni-in-video-nadzor\/reolink\/\">ostalo ponudbo Reolink izdelkov na na\u0161i\u00a0spletni strani.<\/a><\/p>\n<p>&nbsp;<\/p>","protected":false},"featured_media":10690,"comment_status":"open","ping_status":"closed","template":"","meta":{"inline_featured_image":false},"product_brand":[],"product_cat":[72,381,191],"product_tag":[],"class_list":{"0":"post-10686","1":"product","2":"type-product","3":"status-publish","4":"has-post-thumbnail","6":"product_cat-alarmni-in-video-nadzor","7":"product_cat-dodatki","8":"product_cat-reolink","10":"first","11":"instock","12":"taxable","13":"shipping-taxable","14":"purchasable","15":"product-type-simple","16":"czr-hentry"},"_links":{"self":[{"href":"https:\/\/www.tada.si\/en\/wp-json\/wp\/v2\/product\/10686","targetHints":{"allow":["GET"]}}],"collection":[{"href":"https:\/\/www.tada.si\/en\/wp-json\/wp\/v2\/product"}],"about":[{"href":"https:\/\/www.tada.si\/en\/wp-json\/wp\/v2\/types\/product"}],"replies":[{"embeddable":true,"href":"https:\/\/www.tada.si\/en\/wp-json\/wp\/v2\/comments?post=10686"}],"wp:featuredmedia":[{"embeddable":true,"href":"https:\/\/www.tada.si\/en\/wp-json\/wp\/v2\/media\/10690"}],"wp:attachment":[{"href":"https:\/\/www.tada.si\/en\/wp-json\/wp\/v2\/media?parent=10686"}],"wp:term":[{"taxonomy":"product_brand","embeddable":true,"href":"https:\/\/www.tada.si\/en\/wp-json\/wp\/v2\/product_brand?post=10686"},{"taxonomy":"product_cat","embeddable":true,"href":"https:\/\/www.tada.si\/en\/wp-json\/wp\/v2\/product_cat?post=10686"},{"taxonomy":"product_tag","embeddable":true,"href":"https:\/\/www.tada.si\/en\/wp-json\/wp\/v2\/product_tag?post=10686"}],"curies":[{"name":"wp","href":"https:\/\/api.w.org\/{rel}","templated":true}]}}