{"id":10694,"date":"2026-03-05T14:26:42","date_gmt":"2026-03-05T12:26:42","guid":{"rendered":"https:\/\/www.tada.si\/?post_type=product&#038;p=10694"},"modified":"2026-03-05T14:49:31","modified_gmt":"2026-03-05T12:49:31","slug":"reolink-zunanja-baterija-rla-bp1","status":"publish","type":"product","link":"https:\/\/www.tada.si\/en\/trgovina\/alarmni-in-video-nadzor\/reolink\/reolink-zunanja-baterija-rla-bp1\/","title":{"rendered":"Reolink zunanja baterija RLA-BP1"},"content":{"rendered":"<div class=\"container-grid\">\n<div class=\"row item-aligned\">\n<div class=\"col-sm-6\">\n<h3 class=\"detail__title detail__title--desktop\" style=\"text-align: left;\"><a href=\"https:\/\/reolink.com\/se\/product\/rla-bp1\/?gad_source=1&amp;gad_campaignid=20679394945&amp;gclid=Cj0KCQiA8KTNBhD_ARIsAOvp6DI72152uvmwoMZ6qdeXZjvIav95-xhzZ-QYLpOk_Emx8iDmpvF29RwaArA0EALw_wcB\" target=\"_blank\" rel=\"noopener\">Reolink RLA-BP1 polnilna baterija<\/a><\/h3>\n<p style=\"text-align: left;\"><strong>12800mAh dolgotrajna baterija za uporabo na prostem<\/strong><\/p>\n<ul style=\"text-align: left;\">\n<li>Ogromna mo\u010d za baterijske kamere<\/li>\n<li>Polnjenje pri ultra nizki temperaturi<\/li>\n<li>Vodoodpornost IP67<\/li>\n<li>Zdru\u017eljivo s son\u010dnimi paneli<\/li>\n<\/ul>\n<\/div>\n<\/div>\n<\/div>\n<div class=\"container-grid\" style=\"text-align: left;\">\n<div class=\"row item-aligned\">\n<div class=\"col-sm-6\">\n<p><strong>Ogromna zmogljivost, dalj\u0161i \u010das delovanja<\/strong><\/p>\n<p>Poslovite se od pogostega polnjenja kamer. Baterija z\u00a0zmogljivostjo\u00a0<strong>12800\u00a0mAh\/92 Wh<\/strong>\u00a0zagotavlja dalj\u0161e delovanje fotoaparata. Z\u00a0izhodno mo\u010djo do\u00a0<strong>15\u00a0W zagotavlja hitro in stabilno napajanje za neprekinjeno varnost.<\/strong><\/p>\n<\/div>\n<\/div>\n<\/div>\n<div class=\"container-grid\" style=\"text-align: left;\">\n<div class=\"row item-aligned\">\n<div><\/div>\n<div class=\"col-sm-6\"><strong>Mo\u010d skozi zmrzal<\/strong><\/div>\n<div><\/div>\n<div class=\"col-sm-6\" style=\"text-align: left;\">Baterijski paket, zasnovan za ekstremne mraze, zanesljivo napaja va\u0161 fotoaparat celo do \u201320 \u2103, kjer obi\u010dajne baterije pogosto odpovejo. Pri uporabi z 12W son\u010dno celico Reolink* se lahko polni pri \u201310\u00b0C.<\/div>\n<div><\/div>\n<div class=\"col-sm-6\"><strong>Prvi vodoodporni baterijski paket za vsakodnevno uporabo na prostem<\/strong><\/div>\n<\/div>\n<\/div>\n<div class=\"container-grid\" style=\"text-align: left;\">\n<div class=\"row item-aligned\">\n<div class=\"col-sm-6\">\n<p>Robustna, vzdr\u017eljiva in pripravljena\u00a0na vsako vreme z\u00a0vodoodporno stopnjo\u00a0IP67\u00a0in ohi\u0161jem iz kovine. Zasnovana tako, da z\u00a0lahkoto\u00a0prenese zahtevne zunanje razmere.<\/p>\n<\/div>\n<div class=\"col-sm-6\"><strong>Poln s son\u010dno energijo, vedno pripravljen<\/strong><\/div>\n<\/div>\n<\/div>\n<div class=\"container-grid\">\n<div class=\"row item-aligned\">\n<div class=\"col-sm-6\">\n<p style=\"text-align: left;\">Ta baterijski paket, ki ga napaja sonce,\u00a0<strong>se nikoli ne izprazni in zagotavlja energijo brez prekinitev.<\/strong>\u00a0Znebite se te\u017eav z\u00a0ro\u010dnim polnjenjem. Zdru\u017eljiv je s\u00a0standardnimi napajalniki 5V\/2A in ponuja prilagodljive mo\u017enosti polnjenja za razli\u010dne potrebe.<\/p>\n<p style=\"text-align: left;\"><strong>Vrhunski sistem za za\u0161\u010dito baterije<\/strong>:<\/p>\n<p style=\"text-align: left;\">Z\u00a0vgrajenim sistemom za za\u0161\u010dito baterije\u00a0<strong>zagotavlja zanesljivo in varno napajanje v\u00a0vseh pogojih.<\/strong>\u00a0Varno za dolgotrajno uporabo.<\/p>\n<ul>\n<li style=\"text-align: left;\">Za\u0161\u010dita pred prenapetostjo<\/li>\n<li style=\"text-align: left;\">Za\u0161\u010dita pred preobremenitvijo<\/li>\n<li style=\"text-align: left;\">Za\u0161\u010dita pred previsoko temperaturo<\/li>\n<li style=\"text-align: left;\">Za\u0161\u010dita pred kratkim stikom<\/li>\n<\/ul>\n<\/div>\n<\/div>\n<\/div>","protected":false},"excerpt":{"rendered":"<p>Polnilna baterija 12800\u202fmAh za kamere na prostem, odporna na vodo in mraz (IP67, \u201320\u202f\u00b0C), zdru\u017eljiva s son\u010dnimi paneli, z varnostnimi za\u0161\u010ditami.<\/p>\n<p>Oglejte si \u0161e\u00a0<a href=\"https:\/\/www.tada.si\/en\/product-category\/alarmni-in-video-nadzor\/reolink\/\">ostalo ponudbo Reolink izdelkov na na\u0161i\u00a0spletni strani.<\/a><\/p>","protected":false},"featured_media":10703,"comment_status":"open","ping_status":"closed","template":"","meta":{"inline_featured_image":false},"product_brand":[],"product_cat":[191,72,381],"product_tag":[],"class_list":{"0":"post-10694","1":"product","2":"type-product","3":"status-publish","4":"has-post-thumbnail","6":"product_cat-reolink","7":"product_cat-alarmni-in-video-nadzor","8":"product_cat-dodatki","10":"first","11":"instock","12":"taxable","13":"shipping-taxable","14":"purchasable","15":"product-type-simple","16":"czr-hentry"},"_links":{"self":[{"href":"https:\/\/www.tada.si\/en\/wp-json\/wp\/v2\/product\/10694","targetHints":{"allow":["GET"]}}],"collection":[{"href":"https:\/\/www.tada.si\/en\/wp-json\/wp\/v2\/product"}],"about":[{"href":"https:\/\/www.tada.si\/en\/wp-json\/wp\/v2\/types\/product"}],"replies":[{"embeddable":true,"href":"https:\/\/www.tada.si\/en\/wp-json\/wp\/v2\/comments?post=10694"}],"wp:featuredmedia":[{"embeddable":true,"href":"https:\/\/www.tada.si\/en\/wp-json\/wp\/v2\/media\/10703"}],"wp:attachment":[{"href":"https:\/\/www.tada.si\/en\/wp-json\/wp\/v2\/media?parent=10694"}],"wp:term":[{"taxonomy":"product_brand","embeddable":true,"href":"https:\/\/www.tada.si\/en\/wp-json\/wp\/v2\/product_brand?post=10694"},{"taxonomy":"product_cat","embeddable":true,"href":"https:\/\/www.tada.si\/en\/wp-json\/wp\/v2\/product_cat?post=10694"},{"taxonomy":"product_tag","embeddable":true,"href":"https:\/\/www.tada.si\/en\/wp-json\/wp\/v2\/product_tag?post=10694"}],"curies":[{"name":"wp","href":"https:\/\/api.w.org\/{rel}","templated":true}]}}