{"id":10705,"date":"2026-03-05T14:58:04","date_gmt":"2026-03-05T12:58:04","guid":{"rendered":"https:\/\/www.tada.si\/?post_type=product&#038;p=10705"},"modified":"2026-03-05T14:59:17","modified_gmt":"2026-03-05T12:59:17","slug":"reolink-priklopna-postaja-rla-cd1","status":"publish","type":"product","link":"https:\/\/www.tada.si\/en\/trgovina\/alarmni-in-video-nadzor\/reolink-priklopna-postaja-rla-cd1\/","title":{"rendered":"Reolink priklopna postaja RLA-CD1"},"content":{"rendered":"<h3><a href=\"https:\/\/reolink.com\/product\/rla-cd1\/\" target=\"_blank\" rel=\"noopener\">Reolink priklopna postaja RLA-CD1, zasnovana za odpravljanje omejitev enojnega na\u010dina polnjenja baterijskih kamer.<\/a><\/h3>\n<p>Z dvema vgrajenima podalj\u0161koma omogo\u010da priklop dveh son\u010dnih panelov ali kombinacije solarnega panela in baterijskega paketa RLA-BP1, kar zagotavlja zanesljivej\u0161e, prilagodljivo in dolgotrajno napajanje. Zdru\u017eljiva je z ve\u010dino baterijskih kamer ter nudi robustno IP67 za\u0161\u010dito za zahtevno zunanjo uporabo.<\/p>\n<p><strong>Dve napajalni mo\u017enosti<\/strong><br \/>\nDva raz\u0161iritvena priklju\u010dka omogo\u010data hkratno uporabo dveh solarnih panelov ali kombinacijo solarnega panela in zunanjega baterijskega paketa, kar mo\u010dno pove\u010da fleksibilnost napajanja.<\/p>\n<p><strong>Hitrej\u0161e polnjenje<\/strong><br \/>\nZ uporabo dveh solarnih panelov lahko kamera prejme dvakrat ve\u010d energije, kar skraj\u0161a \u010das polnjenja in pove\u010da u\u010dinkovitost delovanja.<\/p>\n<p><strong>Dalj\u0161i \u010das delovanja<\/strong><br \/>\nS priklopom dveh zunanjih baterijskih paketov RLA-BP1 podalj\u0161ate avtonomijo kamer, kar zagotavlja dolgotrajno delovanje brez pogostega ro\u010dnega polnjenja.<\/p>\n<p><strong>Odporna na vremenske vplive<\/strong><br \/>\nZ IP67 za\u0161\u010dito je zasnovana za delovanje v razli\u010dnih zunanjih pogojih ter je kos de\u017eju, snegu in prahu.<\/p>\n<p><strong>Enostavna in prilagodljiva namestitev<\/strong><br \/>\nPodpira stensko monta\u017eo ali namestitev z integriranim nosilcem, zato jo je mogo\u010de prilagoditi razli\u010dnim okoljem in potrebam.<\/p>","protected":false},"excerpt":{"rendered":"<p>Priklopna postaja omogo\u010da povezavo dveh solarnih panelov ali kombinacijo panela in baterije RLA-BP1 za zanesljivo in dalj\u0161e napajanje kamer. IP67 za\u0161\u010dita za zunanjo uporabo.<\/p>\n<p>Oglejte si \u0161e\u00a0<a href=\"https:\/\/www.tada.si\/en\/product-category\/alarmni-in-video-nadzor\/reolink\/\">ostalo ponudbo Reolink izdelkov na na\u0161i\u00a0spletni strani.<\/a><\/p>","protected":false},"featured_media":10710,"comment_status":"open","ping_status":"closed","template":"","meta":{"inline_featured_image":false},"product_brand":[],"product_cat":[72,381,191],"product_tag":[],"class_list":{"0":"post-10705","1":"product","2":"type-product","3":"status-publish","4":"has-post-thumbnail","6":"product_cat-alarmni-in-video-nadzor","7":"product_cat-dodatki","8":"product_cat-reolink","10":"first","11":"instock","12":"taxable","13":"shipping-taxable","14":"purchasable","15":"product-type-simple","16":"czr-hentry"},"_links":{"self":[{"href":"https:\/\/www.tada.si\/en\/wp-json\/wp\/v2\/product\/10705","targetHints":{"allow":["GET"]}}],"collection":[{"href":"https:\/\/www.tada.si\/en\/wp-json\/wp\/v2\/product"}],"about":[{"href":"https:\/\/www.tada.si\/en\/wp-json\/wp\/v2\/types\/product"}],"replies":[{"embeddable":true,"href":"https:\/\/www.tada.si\/en\/wp-json\/wp\/v2\/comments?post=10705"}],"wp:featuredmedia":[{"embeddable":true,"href":"https:\/\/www.tada.si\/en\/wp-json\/wp\/v2\/media\/10710"}],"wp:attachment":[{"href":"https:\/\/www.tada.si\/en\/wp-json\/wp\/v2\/media?parent=10705"}],"wp:term":[{"taxonomy":"product_brand","embeddable":true,"href":"https:\/\/www.tada.si\/en\/wp-json\/wp\/v2\/product_brand?post=10705"},{"taxonomy":"product_cat","embeddable":true,"href":"https:\/\/www.tada.si\/en\/wp-json\/wp\/v2\/product_cat?post=10705"},{"taxonomy":"product_tag","embeddable":true,"href":"https:\/\/www.tada.si\/en\/wp-json\/wp\/v2\/product_tag?post=10705"}],"curies":[{"name":"wp","href":"https:\/\/api.w.org\/{rel}","templated":true}]}}