{"id":10711,"date":"2026-03-05T15:09:42","date_gmt":"2026-03-05T13:09:42","guid":{"rendered":"https:\/\/www.tada.si\/?post_type=product&#038;p=10711"},"modified":"2026-03-05T15:42:37","modified_gmt":"2026-03-05T13:42:37","slug":"hilook-notranja-kamera-thc-t110-p","status":"publish","type":"product","link":"https:\/\/www.tada.si\/en\/trgovina\/alarmni-in-video-nadzor\/hilook-notranja-kamera-thc-t110-p\/","title":{"rendered":"HiLook notranja kamera THC-T110-P"},"content":{"rendered":"<h3><a href=\"https:\/\/www.hikvision.com\/en\/products\/HiLook-Turbo-HD-Product\/Turbo-HD-Camera\/720P\/thc-t110-p\/\" target=\"_blank\" rel=\"noopener\">HiLook nadzorna kamera 1MP THC-T110-P<\/a><\/h3>\n<p>Osnovna notranja analogna kamera T1 serije za video nadzor. Pona\u0161a se z 1MP ter vidnim kotom H92\u00b0. Kamera ponuja no\u010dno snemanje z IR dosegom do 20m in ima 12V napajanje. Kamera omogo\u010da snemanje na snemalnik z TVI\/AHD\/CVI\/CVBS podprtimi video signali.<\/p>\n<p>Nadzorna analogna kamera\u00a0<em><strong>T1 serije<\/strong><\/em>\u00a0se pona\u0161a z\u00a0lo\u010dljivostjo 1MP in podpira analogne video standarde TVI, AHD, CVI in CVBS, med katerimi je mo\u017eno preklopiti.<\/p>\n<p><strong>Kamera<\/strong><br \/>\nSenzor: 1 MP CMOS senzor<br \/>\nMin. osvetlitev: barvno 0.1Lux pri F1.2, \u010db: 0Lux z vklju\u010denimi IR<br \/>\n\u010cas zaklopa: 1\/50000s-1\/25(1\/30)s<br \/>\nGori\u0161\u010dna razdalja: 2,8mm<br \/>\nVidni kot: H92\u00b0<br \/>\nPritrditev objektiva: M12<br \/>\nIR doseg: 20m<\/p>\n<p><strong>Video<\/strong><br \/>\nNajvi\u0161ja lo\u010dljivost: 1296\u00d7732<br \/>\n\u0160tevilo sli\u010dic: 720p@25fps<br \/>\nPodprti video signali: TVI\/AHD\/CVI\/CVBS (mo\u017enost preklopa)<br \/>\nKomunikacija: 1x analogni HD izhod<\/p>\n<p><strong>Splo\u0161no<\/strong><br \/>\nObmo\u010dje delovanja: temperatura -40\u00b0C~60\u00b0C, vlaga: 0~90%(brez kondenza)<br \/>\nNapajanje: 12 VDC (Napajalnik ni prilo\u017een!)<br \/>\nPoraba: 4W MAX<br \/>\nDimenzije: fi 85,4mm\u00d776,12mm<br \/>\nTe\u017ea: 130g<\/p>\n<p><strong>Paket vsebuje<\/strong><br \/>\n1x Analogna Kamera<br \/>\n1x Pribor za monta\u017eo<br \/>\n1x Navodila<\/p>","protected":false},"excerpt":{"rendered":"<p data-start=\"802\" data-end=\"923\">Analogna 1 MP nadzorna re\u0161itev s 2,8 mm objektivom, IR dosegom 20 m in podporo TVI\/AHD\/CVI\/CVBS za \u0161iroko zdru\u017eljivost.<\/p>\n<p><a href=\"https:\/\/www.tada.si\/en\/product-category\/alarmni-in-video-nadzor\/hilook\/\">Oglejte si \u0161e ostalo HiLook ponudbo na na\u0161i spletni strani.<\/a><\/p>","protected":false},"featured_media":10714,"comment_status":"open","ping_status":"closed","template":"","meta":{"inline_featured_image":false},"product_brand":[],"product_cat":[72,380],"product_tag":[],"class_list":{"0":"post-10711","1":"product","2":"type-product","3":"status-publish","4":"has-post-thumbnail","6":"product_cat-alarmni-in-video-nadzor","7":"product_cat-hilook","9":"first","10":"instock","11":"taxable","12":"shipping-taxable","13":"purchasable","14":"product-type-simple","15":"czr-hentry"},"_links":{"self":[{"href":"https:\/\/www.tada.si\/en\/wp-json\/wp\/v2\/product\/10711","targetHints":{"allow":["GET"]}}],"collection":[{"href":"https:\/\/www.tada.si\/en\/wp-json\/wp\/v2\/product"}],"about":[{"href":"https:\/\/www.tada.si\/en\/wp-json\/wp\/v2\/types\/product"}],"replies":[{"embeddable":true,"href":"https:\/\/www.tada.si\/en\/wp-json\/wp\/v2\/comments?post=10711"}],"wp:featuredmedia":[{"embeddable":true,"href":"https:\/\/www.tada.si\/en\/wp-json\/wp\/v2\/media\/10714"}],"wp:attachment":[{"href":"https:\/\/www.tada.si\/en\/wp-json\/wp\/v2\/media?parent=10711"}],"wp:term":[{"taxonomy":"product_brand","embeddable":true,"href":"https:\/\/www.tada.si\/en\/wp-json\/wp\/v2\/product_brand?post=10711"},{"taxonomy":"product_cat","embeddable":true,"href":"https:\/\/www.tada.si\/en\/wp-json\/wp\/v2\/product_cat?post=10711"},{"taxonomy":"product_tag","embeddable":true,"href":"https:\/\/www.tada.si\/en\/wp-json\/wp\/v2\/product_tag?post=10711"}],"curies":[{"name":"wp","href":"https:\/\/api.w.org\/{rel}","templated":true}]}}