{"id":10724,"date":"2026-03-05T15:50:58","date_gmt":"2026-03-05T13:50:58","guid":{"rendered":"https:\/\/www.tada.si\/?post_type=product&#038;p=10724"},"modified":"2026-03-10T14:11:56","modified_gmt":"2026-03-10T12:11:56","slug":"hilook-zunanja-ip-kamera-ipc-d120ha-lu","status":"publish","type":"product","link":"https:\/\/www.tada.si\/en\/trgovina\/alarmni-in-video-nadzor\/hilook-zunanja-ip-kamera-ipc-d120ha-lu\/","title":{"rendered":"HiLook zunanja IP kamera IPC-D120HA-LU"},"content":{"rendered":"<h3><a href=\"https:\/\/www.hikvision.com\/en\/products\/HiLook-IP-Products\/Network-Cameras\/Value-Camera\/ipc-d120ha-lu\/\" target=\"_blank\" rel=\"noopener\">HiLook zunanja IP kamera IPC-D120HA-LU<\/a><\/h3>\n<p>2.0MP dome kamera z AI zaznavanjem ljudi in vozil, PoE napajanjem, Smart Hybrid\u202fLight (IR + bela svetloba do 30 m) ter digitalnim WDR (Wide Dynamic Range).<\/p>\n<p>Vgrajen mikrofon omogo\u010da avdio nadzor, za\u0161\u010dita IP67 + IK08 pa poskrbi za odpornost proti vremenskim vplivom in vandalizmu, medtem ko kompresija H.265+ optimizira pasovno \u0161irino in prostor za shranjevanje.<\/p>\n<ul>\n<li>Kakovostno snemanje z lo\u010dljivostjo 2 MP<\/li>\n<li>Podpora za zaznavanje ljudi in vozil<\/li>\n<li>Prilagodljiva IR\/bela svetloba: napredna tehnologija z dolgim \u200b\u200bdosegom<\/li>\n<li>Vgrajen mikrofon za spremljanje zvoka v realnem \u010dasu ali na videoposnetkih<\/li>\n<li>Odporna na vodo in prah (IP67) ter sistem pred vandalizmom (IK08)<\/li>\n<li>U\u010dinkovita tehnologija kompresije H.265+<\/li>\n<\/ul>\n<p><strong>Kamera:<\/strong><\/p>\n<ul>\n<li>Slikovni senzor: 1\/2,9-pal\u010dni CMOS s progresivnim skeniranjem<\/li>\n<li>Najve\u010dja lo\u010dljivost: 1920 \u00d7 1080<\/li>\n<li>Min. osvetlitev: Barvno: 0,005 luksa pri (F1,6, AGC vklopljen), \u010drno-belo: 0 luksov z IR<\/li>\n<li>\u010cas zaklepa: od 1\/3 s do 1\/100.000 s<\/li>\n<li>Dan in no\u010d: IR-izrezni filter<\/li>\n<li>Nastavitev kota ohi\u0161ja: Kot: od 0\u00b0 do 360\u00b0, nagib: od 0\u00b0 do 90\u00b0, vrtenje: od 0\u00b0 do\u00a0360\u00b0<\/li>\n<\/ul>\n<p><strong>Le\u010da:<\/strong><\/p>\n<ul>\n<li>Vrsta le\u010de: Fiksna gori\u0161\u010dna le\u010da, 2,8 mm<\/li>\n<li>Gori\u0161\u010dna razdalja in vidno polje: 2,8 mm, horizontalno vidno polje 103\u00b0, vertikalno vidno polje 56\u00b0, diagonalno vidno polje 121\u00b0<\/li>\n<li>Nosilec objektiva: M12<\/li>\n<li>Vrsta le\u010de: Fiksna<\/li>\n<li>Zaslonka:\u00a0F1.6<\/li>\n<\/ul>\n<p><strong>DORI:<\/strong><\/p>\n<ul>\n<li>DORI: 2,8 mm, \u0160: 45 m, V: 18 m, D: 9 m, I: 4 m<\/li>\n<\/ul>\n<p><strong>Osvetlitev:<\/strong><\/p>\n<ul>\n<li>Vrsta dodatne lu\u010di: IR in bela svetloba<\/li>\n<li>Doseg svetlobe: do 30m<\/li>\n<li>IR valovna dol\u017eina: 850\u00a0nm<\/li>\n<\/ul>\n<p><strong>Videoposnetek:<\/strong><\/p>\n<ul>\n<li>Glavni tok:<br \/>\n50\u00a0Hz: 25\u00a0sli\u010dic na sekundo (1920\u00a0\u00d7 1080, 1280\u00a0\u00d7 720)<br \/>\n60 Hz: 30 sli\u010dic na sekundo (1920 \u00d7 1080, 1280 \u00d7 720)<\/li>\n<li>Podtok:<br \/>\n50\u00a0Hz: 25\u00a0sli\u010dic na sekundo (640\u00a0\u00d7 480, 640\u00a0\u00d7 360)<br \/>\n60 Hz: 30 sli\u010dic na sekundo (640 \u00d7 480, 640 \u00d7 360)<\/li>\n<li>Video kompresija:<br \/>\nGlavni tok: H.265+\/H.265\/H.264+\/H.264,<br \/>\nPodtok: H.265\/H.264\/MJPEG<\/li>\n<li>Bitna hitrost videa: 32 Kb\/s do 8 Mb\/s<\/li>\n<\/ul>\n<p><strong>Zvok:<\/strong><\/p>\n<ul>\n<li>Vrsta zvoka: mono<\/li>\n<li>Filter za ti\u0161anje okoljskega zvoka: da<\/li>\n<li>Frekvenca vzor\u010denja zvoka: 8 kHz\/16 kHz<\/li>\n<li>Kompresija: G.711ulaw\/G.711alaw\/G.722.1\/G.726\/MP2L2\/PCM\/AAC-LC<\/li>\n<li>Bitna hitrost: 64\u00a0Kb\/s (G.711\u00a0ulaw\/G.711\u00a0alaw)\/16 Kb\/s (G.722.1)\/16 Kb\/s (G.726)\/32 do 160\u00a0Kb\/s (MP2L2)\/16 do 64\u00a0Kb\/s (AAC-LC)<\/li>\n<\/ul>\n<p><strong>Omre\u017eje:<\/strong><\/p>\n<ul>\n<li>API: Odprti omre\u017eni video vmesnik (profil S, profil T), ISAPI, SDK<\/li>\n<li>Protokoli: TCP\/IP, ICMP, DHCP, DNS, HTTP, RTP, RTSP, NTP, IGMP, IPv6, UDP, QoS, FTP, SMTP<\/li>\n<li>Uporabniki: do 32 uporabnikov<\/li>\n<li>Spletni brskalnik:<br \/>\nVti\u010dnik, potreben za ogled v\u00a0\u017eivo: IE 10, IE 11,<br \/>\nLokalna storitev: Chrome 57.0+, Firefox\u00a052.0+<\/li>\n<\/ul>\n<p><strong>Slika:<\/strong><\/p>\n<ul>\n<li>Digitalni \u0161iroki frekven\u010dni razpon (WDR)<\/li>\n<li>SNR: \u2265 52 dB<\/li>\n<li>Tehnologija za izbolj\u0161anje slike: BLC, HLC, 3D DNR<\/li>\n<li>Mo\u017enosti slike: Na\u010din vrtenja, nasi\u010denost, svetlost, kontrast, ostrina, oja\u010danje, ravnovesje beline, nastavljivo s\u00a0programsko opremo odjemalca ali spletnim brskalnikom<\/li>\n<\/ul>\n<p><strong>Vmesnik:<\/strong><\/p>\n<ul>\n<li>Ethernetni vmesnik: 1 RJ45 10 M\/100 M samoprilagodljiva ethernetna vrata<\/li>\n<li>Vgrajen mikrofon:\u00a0da<\/li>\n<\/ul>\n<p><strong>Dogodek:<\/strong><\/p>\n<ul>\n<li>Zaznavanje gibanja (podpora spro\u017eitve alarma pri ciljih: \u010dlovek ali vozilo)<\/li>\n<li>Alarm za nedovoljeno spreminjanje\u00a0videa<\/li>\n<\/ul>\n<p><strong>Splo\u0161no:<\/strong><\/p>\n<ul>\n<li>Napajanje:<br \/>\n12\u00a0VDC \u00b1 25\u00a0%, 0,4\u00a0A, maks. 5\u00a0W, koaksialni vti\u010d \u00d85,5\u00a0mm, za\u0161\u010dita pred obratno polarnostjo,<br \/>\nPoE: IEEE 802.3af, razred 3, najve\u010d 6,5 W<\/li>\n<li>Material: kovina in plastika<\/li>\n<li>Dimenzije: 150 \u00d7 150 \u00d7 141 mm<\/li>\n<li>Te\u017ea: 800 g<\/li>\n<li>Delovna temperatura: Od \u201330 \u00b0C do 60 \u00b0C. Vla\u017enost 95 % ali manj (brez kondenzacije)<\/li>\n<li>Jezik: angle\u0161\u010dina, ukrajin\u0161\u010dina<\/li>\n<li>Splo\u0161na funkcija:\u00a0Heartbeat, anti-banding, mirror, password protection, password reset via email<\/li>\n<\/ul>\n<p><strong>Paket vsebuje:<br \/>\n<\/strong>1\u00d7 HiLook IP kamera 2.0MP IPC-D120HA-LU zunanja<br \/>\n1\u00d7 Navodila<\/p>","protected":false},"excerpt":{"rendered":"<p data-start=\"802\" data-end=\"923\">2 MP zunanja dome IP kamera z AI zaznavanjem ljudi in vozil, IR + bela svetloba 30 m, mikrofonom, PoE napajanjem ter za\u0161\u010dito IP67 in IK08.<\/p>\n<p><a href=\"https:\/\/www.tada.si\/en\/product-category\/alarmni-in-video-nadzor\/hilook\/\">Oglejte si \u0161e ostalo HiLook ponudbo na na\u0161i spletni strani.<\/a><\/p>","protected":false},"featured_media":10725,"comment_status":"open","ping_status":"closed","template":"","meta":{"inline_featured_image":false},"product_brand":[],"product_cat":[72,380],"product_tag":[],"class_list":{"0":"post-10724","1":"product","2":"type-product","3":"status-publish","4":"has-post-thumbnail","6":"product_cat-alarmni-in-video-nadzor","7":"product_cat-hilook","9":"first","10":"instock","11":"taxable","12":"shipping-taxable","13":"purchasable","14":"product-type-simple","15":"czr-hentry"},"_links":{"self":[{"href":"https:\/\/www.tada.si\/en\/wp-json\/wp\/v2\/product\/10724","targetHints":{"allow":["GET"]}}],"collection":[{"href":"https:\/\/www.tada.si\/en\/wp-json\/wp\/v2\/product"}],"about":[{"href":"https:\/\/www.tada.si\/en\/wp-json\/wp\/v2\/types\/product"}],"replies":[{"embeddable":true,"href":"https:\/\/www.tada.si\/en\/wp-json\/wp\/v2\/comments?post=10724"}],"wp:featuredmedia":[{"embeddable":true,"href":"https:\/\/www.tada.si\/en\/wp-json\/wp\/v2\/media\/10725"}],"wp:attachment":[{"href":"https:\/\/www.tada.si\/en\/wp-json\/wp\/v2\/media?parent=10724"}],"wp:term":[{"taxonomy":"product_brand","embeddable":true,"href":"https:\/\/www.tada.si\/en\/wp-json\/wp\/v2\/product_brand?post=10724"},{"taxonomy":"product_cat","embeddable":true,"href":"https:\/\/www.tada.si\/en\/wp-json\/wp\/v2\/product_cat?post=10724"},{"taxonomy":"product_tag","embeddable":true,"href":"https:\/\/www.tada.si\/en\/wp-json\/wp\/v2\/product_tag?post=10724"}],"curies":[{"name":"wp","href":"https:\/\/api.w.org\/{rel}","templated":true}]}}