{"id":1082,"date":"2018-10-01T10:08:35","date_gmt":"2018-10-01T08:08:35","guid":{"rendered":"http:\/\/www.tada.si\/?post_type=product&#038;p=1082"},"modified":"2026-03-06T15:02:33","modified_gmt":"2026-03-06T13:02:33","slug":"sp5500","status":"publish","type":"product","link":"https:\/\/www.tada.si\/en\/trgovina\/alarmni-in-video-nadzor\/paradox\/alarmne-centrale\/sp5500\/","title":{"rendered":"Paradox Alarmna centrala PAR SP5500+"},"content":{"rendered":"<p data-start=\"88\" data-end=\"617\">SP5500+ je posodobljena modularna alarmna centrala, ki nadome\u0161\u010da starej\u0161i model SP5500. V osnovi ponuja 5 \u017ei\u010dnih con, ki jih je mogo\u010de raz\u0161iriti do skupno 32 ter razdeliti v dve particiji. Sistem podpira do 32 uporabni\u0161kih kod, 32 daljinskih upravljalnikov in do 15 tipkovnic, kar omogo\u010da prilagodljivo konfiguracijo za razli\u010dne vrste objektov. Za brez\u017ei\u010dno raz\u0161iritev je mogo\u010de dodati modul RTX3, ki sistem nadgradi z dvosmerno komunikacijo in podporo do 32 brez\u017ei\u010dnih naprav ter do 8 brez\u017ei\u010dnih tipkovnic.<\/p>\n<p data-start=\"619\" data-end=\"1161\">Na centrali sta vgrajena dva nizkotokovna PGM izhoda, skupno pa jih lahko raz\u0161irite do 16, kar omogo\u010da krmiljenje razli\u010dnih funkcij avtomatike in dodatne opreme. V sistem je vgrajen tudi izhod za \u017ei\u010dno sireno. Napajanje AUX za zunanje porabnike omogo\u010da obremenitev do 700 mA, pri \u010demer se za\u0161\u010ditno izklopi pri 1,3 A. V notranjem pomnilniku je mogo\u010de shraniti do 256 dogodkov, centrala pa vklju\u010duje PSTN komunikator z mo\u017enostjo javljanja na nadzorni center v formatih SIA in Contact ID ter funkcijo zasebnega klica na do 8 telefonskih \u0161tevilk.<\/p>\n<p data-start=\"1163\" data-end=\"1691\" data-is-last-node=\"\" data-is-only-node=\"\">SP5500+ podpira nadzor telefonske linije in komunikacije, omogo\u010da programiranje prek programske opreme BabyWare, opcijsko pa je mogo\u010de dodati tudi upravljanje preko pametnega telefona ter dvosmerni avdio modul. Sistem napaja 16,5 VAC transformator, rezervno napajanje pa zagotavlja akumulator 12 V \/ 7,5 Ah. Centrala je skladna s standardom EN50131 Grade 2 in predstavlja zanesljivo ter nadgradljivo re\u0161itev za manj\u0161e in srednje velike objekte, kjer sta potrebni stabilnost in mo\u017enost nadgradnje z brez\u017ei\u010dno tehnologijo.<\/p>","protected":false},"excerpt":{"rendered":"<p>Alarmna centrala 5-32 con, 2 particije, mo\u017enost brez\u017ei\u010dne raz\u0161iritve s pomo\u010djo RTX3, 32 uporabni\u0161kih kod, 16 PGM izhodov (2 na centrali), mo\u017enost priklju\u010ditve do 15 tipkovnic, napajanje za zunanje porabnike 700mA (izklop pri 1,3A), spomin za 256 dogodkov &#8211; samo PCB, brez tipkovnice in ohi\u0161ja.<\/p>\n<p>NOV model, ki nadome\u0161\u010da SP5500.<\/p>","protected":false},"featured_media":8851,"comment_status":"closed","ping_status":"closed","template":"","meta":{"inline_featured_image":false},"product_brand":[],"product_cat":[102,72,88],"product_tag":[],"class_list":{"0":"post-1082","1":"product","2":"type-product","3":"status-publish","4":"has-post-thumbnail","6":"product_cat-alarmne-centrale","7":"product_cat-alarmni-in-video-nadzor","8":"product_cat-paradox","9":"pa_barva-214","11":"first","12":"instock","13":"taxable","14":"shipping-taxable","15":"purchasable","16":"product-type-simple","17":"czr-hentry"},"_links":{"self":[{"href":"https:\/\/www.tada.si\/en\/wp-json\/wp\/v2\/product\/1082","targetHints":{"allow":["GET"]}}],"collection":[{"href":"https:\/\/www.tada.si\/en\/wp-json\/wp\/v2\/product"}],"about":[{"href":"https:\/\/www.tada.si\/en\/wp-json\/wp\/v2\/types\/product"}],"replies":[{"embeddable":true,"href":"https:\/\/www.tada.si\/en\/wp-json\/wp\/v2\/comments?post=1082"}],"wp:featuredmedia":[{"embeddable":true,"href":"https:\/\/www.tada.si\/en\/wp-json\/wp\/v2\/media\/8851"}],"wp:attachment":[{"href":"https:\/\/www.tada.si\/en\/wp-json\/wp\/v2\/media?parent=1082"}],"wp:term":[{"taxonomy":"product_brand","embeddable":true,"href":"https:\/\/www.tada.si\/en\/wp-json\/wp\/v2\/product_brand?post=1082"},{"taxonomy":"product_cat","embeddable":true,"href":"https:\/\/www.tada.si\/en\/wp-json\/wp\/v2\/product_cat?post=1082"},{"taxonomy":"product_tag","embeddable":true,"href":"https:\/\/www.tada.si\/en\/wp-json\/wp\/v2\/product_tag?post=1082"}],"curies":[{"name":"wp","href":"https:\/\/api.w.org\/{rel}","templated":true}]}}