{"id":1090,"date":"2018-10-01T10:41:33","date_gmt":"2018-10-01T08:41:33","guid":{"rendered":"http:\/\/www.tada.si\/?post_type=product&#038;p=1090"},"modified":"2026-03-06T15:02:32","modified_gmt":"2026-03-06T13:02:32","slug":"evo192","status":"publish","type":"product","link":"https:\/\/www.tada.si\/en\/trgovina\/alarmni-in-video-nadzor\/paradox\/alarmne-centrale\/evo192\/","title":{"rendered":"Paradox Alarmna centrala PAR EVO192"},"content":{"rendered":"<p>Alarmna centrala PAR EVO192 ima mo\u017enost klasi\u010dne \u017ei\u010dne, adresabilne ali brez\u017ei\u010dne raz\u0161iritve sistema. 8 neodvisnih particij, 999 uporabni\u0161kih kod, GRADE 3, spomin za 2048 dogodkov &#8211; samo PCB, brez tipkovnice in ohi\u0161ja.<\/p>\n<p>&nbsp;<\/p>\n<p>&nbsp;<\/p>","protected":false},"excerpt":{"rendered":"<p>Alarmna centrala z 8 (do 192) conami, 5 PGM-izhodi (do 250), 8 varovanimi obmo\u010dji; 999 uporabni\u0161kih kod; shrani do 2048 dogodkov; raz\u0161irljiva: do 254 raz\u0161iritvenih modulov; najve\u010dje \u0161tevilo daljinskih upravljalnikov 999 (zahteva RTX3); integrirane funkcije kontrole pristopa; posodobitev osnovnih funkcij preko programa In-Field, NEware V4.0 ali novej\u0161e; napajanje 1,7 A, 16 Vac 20\/40 VA, \u201310 do 55 \u00b0C, GRADE 3, razred II.<\/p>\n<p>EVO192 je varnostni in dostopni sistem, ki podpira tudi 32 virtualnih con za integracijo s pametnimi hi\u0161nimi sistemi. Sistem EVO je mogo\u010de raz\u0161iriti preko 4-\u017eilnega vodila (BUS). Centralna enota samodejno prepozna dodane module, sistem pa je mogo\u010de nastaviti preko tipkovnice ali namenske programske opreme (BabyWare) ter po potrebi posodobiti (InField). Krmilna plo\u0161\u010da se lahko upravlja tudi preko mobilne aplikacije BlueEye, \u010de je v sistem vklju\u010den vsaj eden izmed modulov: IP150+\/MQ, IP180, PCS265V7\/V8.<\/p>","protected":false},"featured_media":8841,"comment_status":"closed","ping_status":"closed","template":"","meta":{"inline_featured_image":false},"product_brand":[],"product_cat":[102,72,88],"product_tag":[],"class_list":{"0":"post-1090","1":"product","2":"type-product","3":"status-publish","4":"has-post-thumbnail","6":"product_cat-alarmne-centrale","7":"product_cat-alarmni-in-video-nadzor","8":"product_cat-paradox","9":"pa_barva-214","11":"first","12":"instock","13":"taxable","14":"shipping-taxable","15":"purchasable","16":"product-type-simple","17":"czr-hentry"},"_links":{"self":[{"href":"https:\/\/www.tada.si\/en\/wp-json\/wp\/v2\/product\/1090","targetHints":{"allow":["GET"]}}],"collection":[{"href":"https:\/\/www.tada.si\/en\/wp-json\/wp\/v2\/product"}],"about":[{"href":"https:\/\/www.tada.si\/en\/wp-json\/wp\/v2\/types\/product"}],"replies":[{"embeddable":true,"href":"https:\/\/www.tada.si\/en\/wp-json\/wp\/v2\/comments?post=1090"}],"wp:featuredmedia":[{"embeddable":true,"href":"https:\/\/www.tada.si\/en\/wp-json\/wp\/v2\/media\/8841"}],"wp:attachment":[{"href":"https:\/\/www.tada.si\/en\/wp-json\/wp\/v2\/media?parent=1090"}],"wp:term":[{"taxonomy":"product_brand","embeddable":true,"href":"https:\/\/www.tada.si\/en\/wp-json\/wp\/v2\/product_brand?post=1090"},{"taxonomy":"product_cat","embeddable":true,"href":"https:\/\/www.tada.si\/en\/wp-json\/wp\/v2\/product_cat?post=1090"},{"taxonomy":"product_tag","embeddable":true,"href":"https:\/\/www.tada.si\/en\/wp-json\/wp\/v2\/product_tag?post=1090"}],"curies":[{"name":"wp","href":"https:\/\/api.w.org\/{rel}","templated":true}]}}