{"id":10955,"date":"2026-03-10T09:41:58","date_gmt":"2026-03-10T07:41:58","guid":{"rendered":"https:\/\/www.tada.si\/?post_type=product&#038;p=10955"},"modified":"2026-03-10T10:23:51","modified_gmt":"2026-03-10T08:23:51","slug":"polnilna-postaja-shade-super-10000-mah","status":"publish","type":"product","link":"https:\/\/www.tada.si\/en\/trgovina\/telefoni\/polnilne-postaje\/polnilna-postaja-shade-super-10000-mah\/","title":{"rendered":"Polnilna postaja Shade Super 10000 mAh"},"content":{"rendered":"<h3 data-start=\"24\" data-end=\"339\"><a href=\"https:\/\/www.cellularline.com\/en\/powerbank-shade\" target=\"_blank\" rel=\"noopener\">Polnilna postaja Shade Super 10000 mAh<\/a> je prenosna baterija s kapaciteto <strong data-start=\"120\" data-end=\"134\">10.000 mAh<\/strong>, ki zdru\u017euje zmogljivo hitro polnjenje, eleganten videz in prakti\u010dnost za vsakodnevno uporabo.<\/h3>\n<p><img loading=\"lazy\" decoding=\"async\" class=\"alignleft\" src=\"https:\/\/www.cellularline.com\/medias\/header_Powerbank_Shade_Widescreen_it.jpg?context=bWFzdGVyfHJvb3R8MTA5NDQ2fGltYWdlL2pwZWd8aGI4L2g4Yi85MDcxOTU5MTQ2NTI2LmpwZ3w3MGFjZWM1YjFjOGExOTNlOGQ4YjRjZDNkOTliZjAxZWYxMTg0NmZhY2U2YmEyODU1YzdjNGFjYTljNjFmNDY1\" alt=\"header_Powerbank_Shade_Mobile_475x763_it.jpg\" width=\"771\" height=\"261\" \/><\/p>\n<p data-start=\"24\" data-end=\"339\">Zasnovana je za uporabnike, ki \u017eelijo zanesljiv vir energije kjerkoli \u2013 na poti, v slu\u017ebi ali med potovanjem.<\/p>\n<p data-start=\"341\" data-end=\"574\">Posebnost baterije je <strong data-start=\"363\" data-end=\"395\">elegantna tkaninska prevleka<\/strong>, ki poleg modernega videza zagotavlja tudi prijeten ob\u010dutek v roki ter prepre\u010duje drsenje. Zaradi ergonomske oblike je baterija udobna za prena\u0161anje v torbi, nahrbtniku ali \u017eepu.<\/p>\n<p data-start=\"576\" data-end=\"921\">Prenosna baterija podpira <strong data-start=\"602\" data-end=\"629\">hitro polnjenje do 18 W<\/strong> in tehnologijo <strong data-start=\"645\" data-end=\"686\"><span class=\"hover:entity-accent entity-underline inline cursor-pointer align-baseline\"><span class=\"whitespace-normal\">Qualcomm Quick Charge 3.0<\/span><\/span><\/strong>, kar omogo\u010da hitro in u\u010dinkovito polnjenje sodobnih pametnih telefonov ter drugih naprav. Pametna tehnologija prepoznavanja samodejno zazna priklju\u010deno napravo in izbere optimalen na\u010din polnjenja, kar izbolj\u0161a u\u010dinkovitost in varnost.<\/p>\n<p data-start=\"923\" data-end=\"1173\">Za ve\u010djo zdru\u017eljivost je opremljena z <strong data-start=\"961\" data-end=\"990\">USB-C in micro USB vhodom<\/strong>, zato jo lahko polnite z ve\u010dino kablov, ki jih \u017ee uporabljate. To pomeni, da lahko isti kabel uporabljate tako za polnjenje telefona kot tudi baterije \u2013 idealna re\u0161itev za potovanja.<\/p>\n<p data-start=\"923\" data-end=\"1173\"><img decoding=\"async\" src=\"https:\/\/www.cellularline.com\/medias\/powerbank_shade_massima_potenza_2.jpg?context=bWFzdGVyfHJvb3R8Mzg0NjR8aW1hZ2UvanBlZ3xoZTkvaGZmLzkwNjc0Njc0NDAxNTguanBnfGY3MDhmZmM5ZDk2ZWQzZmYyZjVjOTkzMGFlN2I1MjA5ZGM5NGZiNjU0NGU2ZjI4ZTE1MTA5OWMyMTlkYjFkZDQ\" alt=\"powerbank_shade_massima_potenza_2.jpg\" \/><\/p>\n<p data-start=\"1175\" data-end=\"1451\">S kapaciteto <strong data-start=\"1188\" data-end=\"1202\">10.000 mAh<\/strong> omogo\u010da ve\u010dkratno polnjenje pametnega telefona, zato vam nikoli ne bo zmanjkalo energije takrat, ko jo najbolj potrebujete. Kombinacija zmogljivosti, hitrega polnjenja in elegantnega dizajna naredi model SHADE odli\u010dno izbiro za vsakodnevno uporabo.<\/p>\n<p data-start=\"1175\" data-end=\"1451\"><img decoding=\"async\" src=\"https:\/\/www.cellularline.com\/medias\/powerbank_shade_pratico_tascabile.jpg?context=bWFzdGVyfHJvb3R8NDI5NDB8aW1hZ2UvanBlZ3xoODQvaDA2LzkwNTc1MjE4OTM0MDYuanBnfDU3MjEwOWIxM2UwY2MxYWRiODE2MzU4MGFiZWYzMTI3M2FkZDNhYzMwMmU4YzRmOTE3MmQ1MjgyMWJmZjFkNzk\" alt=\"powerbank_shade_pratico_tascabile.jpg\" \/><\/p>\n<p data-start=\"1453\" data-end=\"1471\"><strong data-start=\"1453\" data-end=\"1471\">Paket vsebuje:<\/strong><\/p>\n<ul>\n<li data-start=\"1474\" data-end=\"1505\">prenosno baterijo SHADE 10000<\/li>\n<li data-start=\"1474\" data-end=\"1505\">USB-C kabel<\/li>\n<li data-start=\"1474\" data-end=\"1505\">navodila za uporabo<\/li>\n<\/ul>","protected":false},"excerpt":{"rendered":"<p>Prenosna baterija <strong data-start=\"1588\" data-end=\"1616\">Cellularline SHADE 10000<\/strong> s kapaciteto 10.000 mAh omogo\u010da hitro polnjenje do 18 W. Elegantna tkaninska prevleka zagotavlja dober oprijem, pametna tehnologija pa samodejno prilagodi polnjenje priklju\u010deni napravi.<\/p>\n<p>Oglejte si \u0161e <a href=\"https:\/\/www.tada.si\/en\/product-category\/telefoni\/polnilne-postaje\/\">ostalo ponudbo polnilnih postaj na na\u0161i spletni strani.<\/a><\/p>","protected":false},"featured_media":10958,"comment_status":"open","ping_status":"closed","template":"","meta":{"inline_featured_image":false},"product_brand":[],"product_cat":[186,64],"product_tag":[],"class_list":{"0":"post-10955","1":"product","2":"type-product","3":"status-publish","4":"has-post-thumbnail","6":"product_cat-polnilne-postaje","7":"product_cat-telefoni","8":"pa_barva-black","9":"pa_barva-blue","10":"pa_barva-pink","12":"first","13":"instock","14":"sale","15":"taxable","16":"shipping-taxable","17":"purchasable","18":"product-type-variable","19":"czr-hentry"},"_links":{"self":[{"href":"https:\/\/www.tada.si\/en\/wp-json\/wp\/v2\/product\/10955","targetHints":{"allow":["GET"]}}],"collection":[{"href":"https:\/\/www.tada.si\/en\/wp-json\/wp\/v2\/product"}],"about":[{"href":"https:\/\/www.tada.si\/en\/wp-json\/wp\/v2\/types\/product"}],"replies":[{"embeddable":true,"href":"https:\/\/www.tada.si\/en\/wp-json\/wp\/v2\/comments?post=10955"}],"wp:featuredmedia":[{"embeddable":true,"href":"https:\/\/www.tada.si\/en\/wp-json\/wp\/v2\/media\/10958"}],"wp:attachment":[{"href":"https:\/\/www.tada.si\/en\/wp-json\/wp\/v2\/media?parent=10955"}],"wp:term":[{"taxonomy":"product_brand","embeddable":true,"href":"https:\/\/www.tada.si\/en\/wp-json\/wp\/v2\/product_brand?post=10955"},{"taxonomy":"product_cat","embeddable":true,"href":"https:\/\/www.tada.si\/en\/wp-json\/wp\/v2\/product_cat?post=10955"},{"taxonomy":"product_tag","embeddable":true,"href":"https:\/\/www.tada.si\/en\/wp-json\/wp\/v2\/product_tag?post=10955"}],"curies":[{"name":"wp","href":"https:\/\/api.w.org\/{rel}","templated":true}]}}