{"id":10968,"date":"2026-03-10T10:27:43","date_gmt":"2026-03-10T08:27:43","guid":{"rendered":"https:\/\/www.tada.si\/?post_type=product&#038;p=10968"},"modified":"2026-03-10T10:46:59","modified_gmt":"2026-03-10T08:46:59","slug":"polnilna-postaja-boost-charge-20000mah","status":"publish","type":"product","link":"https:\/\/www.tada.si\/en\/trgovina\/telefoni\/polnilne-postaje\/polnilna-postaja-boost-charge-20000mah\/","title":{"rendered":"Polnilna postaja Boost Charge 20000mAh"},"content":{"rendered":"<h3 data-start=\"24\" data-end=\"400\"><span class=\"hover:entity-accent entity-underline inline cursor-pointer align-baseline\"><span class=\"whitespace-normal\">Polnilna postaja <a href=\"https:\/\/www.belkin.com\/p\/power-bank-20k\/BPB012btBK.html\" target=\"_blank\" rel=\"noopener\">Boost Charge<\/a> 20000mAh <\/span><\/span>je zmogljiva in zanesljiva prenosna baterija, ki zagotavlja dovolj energije za va\u0161e naprave doma, v pisarni ali na poti.<\/h3>\n<p data-start=\"24\" data-end=\"400\">Z veliko kapaciteto <strong data-start=\"241\" data-end=\"255\">20.000 mAh<\/strong> omogo\u010da ve\u010dkratno polnjenje pametnih telefonov, tablic ali drugih USB naprav, zato boste vedno imeli dovolj energije, ko jo najbolj potrebujete.<\/p>\n<p data-start=\"402\" data-end=\"716\">Powerbank je opremljen z <strong data-start=\"427\" data-end=\"481\">dvema USB-A priklju\u010dkoma in enim USB-C priklju\u010dkom<\/strong>, kar omogo\u010da <strong data-start=\"495\" data-end=\"531\">hkratno polnjenje do treh naprav<\/strong>. Skupna izhodna mo\u010d do <strong data-start=\"555\" data-end=\"563\">15 W<\/strong> zagotavlja stabilno in u\u010dinkovito polnjenje, medtem ko tehnologija <strong data-start=\"631\" data-end=\"672\"><span class=\"hover:entity-accent entity-underline inline cursor-pointer align-baseline\"><span class=\"whitespace-normal\">USB Power Delivery<\/span><\/span><\/strong> omogo\u010da hitro napajanje zdru\u017eljivih naprav.<\/p>\n<p data-start=\"402\" data-end=\"716\"><img loading=\"lazy\" decoding=\"async\" class=\"\" src=\"https:\/\/www.belkin.com\/dw\/image\/v2\/BGBH_PRD\/on\/demandware.static\/-\/Sites-master-product-catalog-blk\/default\/dw1433c761\/images\/hi-res\/c\/71740f819638eea4_BPB012-BK-boostcharge-power-bank-20k-doctom-webgg1-desktop-banner-v01-6000x6000-us__lz__en_US.jpg?sw=700&amp;sh=700&amp;sm=fit&amp;sfrm=png\" alt=\"Power Bank 20K, Black, hi-res\" width=\"450\" height=\"450\" \/><\/p>\n<p data-start=\"718\" data-end=\"942\">Velika kapaciteta baterije zagotavlja tudi <strong data-start=\"761\" data-end=\"802\">do 78 ur dodatnega delovanja baterije<\/strong> pri dolo\u010denih pametnih telefonih, zato je odli\u010dna izbira za potovanja, delo na terenu ali dalj\u0161e dneve brez dostopa do elektri\u010dne vti\u010dnice.<\/p>\n<p data-start=\"718\" data-end=\"942\"><img loading=\"lazy\" decoding=\"async\" class=\"\" src=\"https:\/\/www.belkin.com\/dw\/image\/v2\/BGBH_PRD\/on\/demandware.static\/-\/Sites-master-product-catalog-blk\/default\/dw08ed5c26\/images\/hi-res\/9\/73ee09a297e0b0d1_BPB012-BK-boostcharge-power-bank-20k-doctom-webgg2-desktop-banner-6000x6000-us__lz__en_US.jpg?sw=700&amp;sh=700&amp;sm=fit&amp;sfrm=png\" alt=\"Power Bank 20K, Black, hi-res\" width=\"450\" height=\"450\" \/><\/p>\n<p data-start=\"944\" data-end=\"1195\">Prakti\u010dni <strong data-start=\"954\" data-end=\"973\">LED indikatorji<\/strong> jasno prikazujejo stanje napolnjenosti baterije, zato vedno veste, koliko energije vam je \u0161e na voljo. Kljub visoki zmogljivosti je zasnova kompaktna in lahka, zato jo lahko brez te\u017eav nosite v torbi, nahrbtniku ali \u017eepu.<\/p>\n<hr data-start=\"1197\" data-end=\"1200\" \/>\n<h3 data-section-id=\"14czwia\" data-start=\"1202\" data-end=\"1228\">Tehni\u010dne specifikacije<\/h3>\n<ul>\n<li data-start=\"1232\" data-end=\"1269\"><strong data-start=\"1232\" data-end=\"1256\">Kapaciteta baterije:<\/strong> 20.000 mAh<\/li>\n<li data-start=\"1232\" data-end=\"1269\"><strong data-start=\"1272\" data-end=\"1299\">Maksimalna izhodna mo\u010d:<\/strong> do 15 W<\/li>\n<li data-start=\"1232\" data-end=\"1269\">\n<p data-start=\"1312\" data-end=\"1329\"><strong data-start=\"1312\" data-end=\"1327\">Priklju\u010dki:<\/strong><\/p>\n<ul data-start=\"1332\" data-end=\"1361\">\n<li data-section-id=\"zlrg6c\" data-start=\"1332\" data-end=\"1345\">\n<p data-start=\"1334\" data-end=\"1345\">1 \u00d7 USB-C<\/p>\n<\/li>\n<li data-section-id=\"kqgtb9\" data-start=\"1348\" data-end=\"1361\">\n<p data-start=\"1350\" data-end=\"1361\">2 \u00d7 USB-A<\/p>\n<\/li>\n<\/ul>\n<\/li>\n<li data-start=\"1364\" data-end=\"1401\"><strong data-start=\"1364\" data-end=\"1386\">Hkratno polnjenje:<\/strong> do 3 naprave<\/li>\n<li data-start=\"1364\" data-end=\"1401\"><strong data-start=\"1404\" data-end=\"1430\">Tehnologija polnjenja:<\/strong> USB Power Delivery<\/li>\n<li data-start=\"1364\" data-end=\"1401\"><strong data-start=\"1454\" data-end=\"1482\">Indikator napolnjenosti:<\/strong> LED indikatorji<\/li>\n<li data-start=\"1364\" data-end=\"1401\">\n<p data-start=\"1503\" data-end=\"1519\"><strong data-start=\"1503\" data-end=\"1517\">Dimenzije:<\/strong><\/p>\n<ul data-start=\"1522\" data-end=\"1586\">\n<li data-section-id=\"1t6ro1y\" data-start=\"1522\" data-end=\"1539\">\n<p data-start=\"1524\" data-end=\"1539\">\u0161irina: 80 mm<\/p>\n<\/li>\n<li data-section-id=\"1pe66en\" data-start=\"1542\" data-end=\"1562\">\n<p data-start=\"1544\" data-end=\"1562\">vi\u0161ina: 159,4 mm<\/p>\n<\/li>\n<li data-section-id=\"ii03vu\" data-start=\"1565\" data-end=\"1586\">\n<p data-start=\"1567\" data-end=\"1586\">debelina: 22,8 mm<\/p>\n<\/li>\n<\/ul>\n<\/li>\n<li data-start=\"1589\" data-end=\"1627\"><strong data-start=\"1589\" data-end=\"1619\">Dol\u017eina prilo\u017eenega kabla:<\/strong> 15 cm<\/li>\n<li data-start=\"1589\" data-end=\"1627\"><strong data-start=\"1630\" data-end=\"1640\">Barve:<\/strong> \u010drna, ro\u017enata<\/li>\n<\/ul>\n<p><img loading=\"lazy\" decoding=\"async\" class=\"\" src=\"https:\/\/www.belkin.com\/dw\/image\/v2\/BGBH_PRD\/on\/demandware.static\/-\/Sites-master-product-catalog-blk\/default\/dw94fa0a0d\/images\/hi-res\/a\/347866e3b9f8f11a_BPB012-BK-boostcharge-power-bank-20k-doctom-web-gg6-desktop-banner-v01-6000x6000-us__lz__en_US.jpg?sw=700&amp;sh=700&amp;sm=fit&amp;sfrm=png\" width=\"450\" height=\"450\" \/><\/p>","protected":false},"excerpt":{"rendered":"<p>Zmogljiva prenosna baterija s tremi priklju\u010dki (USB-C in 2\u00d7 USB-A), ki omogo\u010da hkratno polnjenje do treh naprav. Z mo\u010djo do 15 W in kapaciteto 20.000 mAh zagotavlja dolgotrajno energijo za telefon, tablico ali druge naprave.<\/p>\n<p>Oglejte si \u0161e <a href=\"https:\/\/www.tada.si\/en\/product-category\/telefoni\/polnilne-postaje\/\">ostalo ponudbo polnilnih postaj na na\u0161i spletni strani.<\/a><\/p>","protected":false},"featured_media":10979,"comment_status":"open","ping_status":"closed","template":"","meta":{"inline_featured_image":false},"product_brand":[],"product_cat":[186,64],"product_tag":[],"class_list":{"0":"post-10968","1":"product","2":"type-product","3":"status-publish","4":"has-post-thumbnail","6":"product_cat-polnilne-postaje","7":"product_cat-telefoni","8":"pa_barva-black","9":"pa_barva-pink","11":"first","12":"instock","13":"taxable","14":"shipping-taxable","15":"purchasable","16":"product-type-variable","17":"czr-hentry"},"_links":{"self":[{"href":"https:\/\/www.tada.si\/en\/wp-json\/wp\/v2\/product\/10968","targetHints":{"allow":["GET"]}}],"collection":[{"href":"https:\/\/www.tada.si\/en\/wp-json\/wp\/v2\/product"}],"about":[{"href":"https:\/\/www.tada.si\/en\/wp-json\/wp\/v2\/types\/product"}],"replies":[{"embeddable":true,"href":"https:\/\/www.tada.si\/en\/wp-json\/wp\/v2\/comments?post=10968"}],"wp:featuredmedia":[{"embeddable":true,"href":"https:\/\/www.tada.si\/en\/wp-json\/wp\/v2\/media\/10979"}],"wp:attachment":[{"href":"https:\/\/www.tada.si\/en\/wp-json\/wp\/v2\/media?parent=10968"}],"wp:term":[{"taxonomy":"product_brand","embeddable":true,"href":"https:\/\/www.tada.si\/en\/wp-json\/wp\/v2\/product_brand?post=10968"},{"taxonomy":"product_cat","embeddable":true,"href":"https:\/\/www.tada.si\/en\/wp-json\/wp\/v2\/product_cat?post=10968"},{"taxonomy":"product_tag","embeddable":true,"href":"https:\/\/www.tada.si\/en\/wp-json\/wp\/v2\/product_tag?post=10968"}],"curies":[{"name":"wp","href":"https:\/\/api.w.org\/{rel}","templated":true}]}}