{"id":10998,"date":"2026-03-10T11:54:56","date_gmt":"2026-03-10T09:54:56","guid":{"rendered":"https:\/\/www.tada.si\/?post_type=product&#038;p=10998"},"modified":"2026-03-10T12:09:18","modified_gmt":"2026-03-10T10:09:18","slug":"brezzicni-avtopolnilec-cellularline-10w","status":"publish","type":"product","link":"https:\/\/www.tada.si\/en\/trgovina\/telefoni\/polnilne-postaje\/brezzicni-avtopolnilec-cellularline-10w\/","title":{"rendered":"Brez\u017ei\u010dni avtopolnilec CellularLine 10W"},"content":{"rendered":"<h3 data-start=\"24\" data-end=\"276\">Brez\u017ei\u010dni avtopolnilec <a href=\"https:\/\/www.cellularline.com\/\" target=\"_blank\" rel=\"noopener\">CellularLine 10W\u00a0<\/a>je eleganten avtomobilski nosilec z vgrajenim brez\u017ei\u010dnim polnjenjem, ki se enostavno pritrdi na prezra\u010devalne re\u017ee v vozilu.<\/h3>\n<p data-start=\"24\" data-end=\"276\">Omogo\u010da hitro, varno in u\u010dinkovito polnjenje vseh pametnih telefonov, ki podpirajo <strong data-start=\"301\" data-end=\"342\"><span class=\"hover:entity-accent entity-underline inline cursor-pointer align-baseline\"><span class=\"whitespace-normal\">Qi wireless charging<\/span><\/span><\/strong>, med vo\u017enjo.<\/p>\n<p data-start=\"357\" data-end=\"602\">Nosilec je zasnovan z napredno <strong data-start=\"388\" data-end=\"417\">Wide Active 2 tehnologijo<\/strong>, ki vklju\u010duje <strong data-start=\"432\" data-end=\"459\">dvojno polnilno tuljavo<\/strong>. Ta izbolj\u0161a u\u010dinkovitost polnjenja in hkrati pomaga zmanj\u0161ati segrevanje telefona, zato je idealna re\u0161itev za brez\u017ei\u010dno polnjenje med vo\u017enjo.<\/p>\n<p data-start=\"604\" data-end=\"879\">Posebnost nosilca je tudi <strong data-start=\"630\" data-end=\"657\">One Hand Gravity System<\/strong>, pametni mehanizem, ki samodejno prilagodi \u0161irino in vi\u0161ino nosilca glede na velikost telefona. Tako lahko telefon v nosilec vstavite ali ga odstranite <strong data-start=\"810\" data-end=\"824\">z eno roko<\/strong>, hitro in varno, brez odvra\u010danja pozornosti od vo\u017enje.<\/p>\n<p data-start=\"881\" data-end=\"1055\">Kompakten in moderen dizajn se lepo poda notranjosti avtomobila, medtem ko stabilen oprijem na prezra\u010devalni re\u017ei zagotavlja varno uporabo tudi med vo\u017enjo po neravnih cestah.<\/p>\n<hr data-start=\"1057\" data-end=\"1060\" \/>\n<h3 data-section-id=\"14czwia\" data-start=\"1062\" data-end=\"1088\">Tehni\u010dne specifikacije<\/h3>\n<ul>\n<li data-start=\"1092\" data-end=\"1155\"><strong data-start=\"1092\" data-end=\"1108\">Tip izdelka:<\/strong> avtomobilski nosilec z wireless polnjenjem<\/li>\n<li data-start=\"1092\" data-end=\"1155\"><strong data-start=\"1158\" data-end=\"1181\">Standard polnjenja:<\/strong> Qi brez\u017ei\u010dno polnjenje<\/li>\n<li data-start=\"1092\" data-end=\"1155\"><strong data-start=\"1209\" data-end=\"1225\">Tehnologija:<\/strong> Wide Active 2 z dvojno polnilno tuljavo<\/li>\n<li data-start=\"1092\" data-end=\"1155\"><strong data-start=\"1270\" data-end=\"1291\">Sistem zapiranja:<\/strong> One Hand Gravity System (samodejno prilagajanje)<\/li>\n<li data-start=\"1092\" data-end=\"1155\"><strong data-start=\"1345\" data-end=\"1357\">Monta\u017ea:<\/strong> pritrditev na prezra\u010devalno re\u017eo avtomobila<\/li>\n<li data-start=\"1092\" data-end=\"1155\"><strong data-start=\"1406\" data-end=\"1423\">Zdru\u017eljivost:<\/strong> pametni telefoni z Qi polnjenjem<\/li>\n<li data-start=\"1092\" data-end=\"1155\"><strong data-start=\"1472\" data-end=\"1485\">Funkcija:<\/strong> polnjenje in dr\u017ealo za telefon med vo\u017enjo<\/li>\n<\/ul>","protected":false},"excerpt":{"rendered":"<p>Cellularline Handy Wing Active Wireless je avtomobilski nosilec z Qi brez\u017ei\u010dnim polnjenjem in samodejnim zapiranjem z eno roko. Idealen za varno uporabo telefona in polnjenje med vo\u017enjo.<\/p>\n<p>Oglejte si \u0161e <a href=\"https:\/\/www.tada.si\/en\/product-category\/telefoni\/polnilne-postaje\/\">ostalo ponudbo polnilnih postaj na na\u0161i spletni strani.<\/a><\/p>","protected":false},"featured_media":11003,"comment_status":"open","ping_status":"closed","template":"","meta":{"inline_featured_image":false},"product_brand":[],"product_cat":[186,64],"product_tag":[],"class_list":{"0":"post-10998","1":"product","2":"type-product","3":"status-publish","4":"has-post-thumbnail","6":"product_cat-polnilne-postaje","7":"product_cat-telefoni","8":"pa_barva-black","9":"pa_barva-pink","11":"first","12":"instock","13":"sale","14":"taxable","15":"shipping-taxable","16":"purchasable","17":"product-type-simple","18":"czr-hentry"},"_links":{"self":[{"href":"https:\/\/www.tada.si\/en\/wp-json\/wp\/v2\/product\/10998","targetHints":{"allow":["GET"]}}],"collection":[{"href":"https:\/\/www.tada.si\/en\/wp-json\/wp\/v2\/product"}],"about":[{"href":"https:\/\/www.tada.si\/en\/wp-json\/wp\/v2\/types\/product"}],"replies":[{"embeddable":true,"href":"https:\/\/www.tada.si\/en\/wp-json\/wp\/v2\/comments?post=10998"}],"wp:featuredmedia":[{"embeddable":true,"href":"https:\/\/www.tada.si\/en\/wp-json\/wp\/v2\/media\/11003"}],"wp:attachment":[{"href":"https:\/\/www.tada.si\/en\/wp-json\/wp\/v2\/media?parent=10998"}],"wp:term":[{"taxonomy":"product_brand","embeddable":true,"href":"https:\/\/www.tada.si\/en\/wp-json\/wp\/v2\/product_brand?post=10998"},{"taxonomy":"product_cat","embeddable":true,"href":"https:\/\/www.tada.si\/en\/wp-json\/wp\/v2\/product_cat?post=10998"},{"taxonomy":"product_tag","embeddable":true,"href":"https:\/\/www.tada.si\/en\/wp-json\/wp\/v2\/product_tag?post=10998"}],"curies":[{"name":"wp","href":"https:\/\/api.w.org\/{rel}","templated":true}]}}