{"id":11005,"date":"2026-03-10T12:41:24","date_gmt":"2026-03-10T10:41:24","guid":{"rendered":"https:\/\/www.tada.si\/?post_type=product&#038;p=11005"},"modified":"2026-03-10T13:48:41","modified_gmt":"2026-03-10T11:48:41","slug":"hilook-zunanja-kamera-ipc-b-120ha-d-w","status":"publish","type":"product","link":"https:\/\/www.tada.si\/en\/trgovina\/alarmni-in-video-nadzor\/hilook-zunanja-kamera-ipc-b-120ha-d-w\/","title":{"rendered":"HiLook zunanja kamera IPC-B120HA-D\/W(W)"},"content":{"rendered":"<h3><a href=\"https:\/\/www.hikvision.com\/en\/products\/HiLook-IP-Products\/cable-free\/wi-fi-cameras\/ipc-b120ha-d-w-w-\/\" target=\"_blank\" rel=\"noopener\">HiLook nadzorna kamera IPC-B120HA-D\/W(W)<\/a><\/h3>\n<p data-start=\"173\" data-end=\"522\">Napredna <strong data-start=\"182\" data-end=\"202\">HiLook IP kamera<\/strong> ponuja <strong data-start=\"210\" data-end=\"231\">2MP Full HD video<\/strong>, Wi-Fi povezavo, <strong data-start=\"249\" data-end=\"267\">dvosmerni zvok<\/strong> in <strong data-start=\"271\" data-end=\"295\">no\u010dni IR vid do 30 m<\/strong>. Zasnovana je <strong data-start=\"310\" data-end=\"339\">za zunanjo uporabo (IP66)<\/strong>, podpira microSD kartice do 512 GB in omogo\u010da <strong data-start=\"386\" data-end=\"450\">oddaljen nadzor preko aplikacij Hik-Connect ali HiLookVision<\/strong>. Idealna je za nadzor doma, poslovnih prostorov, parkiri\u0161\u010d ali dvori\u0161\u010d.<\/p>\n<p data-start=\"524\" data-end=\"793\">Elegantna in robustna konstrukcija iz kovine in plastike zagotavlja zanesljivo delovanje v vseh vremenskih pogojih. Preprosta <strong data-start=\"650\" data-end=\"676\">namestitev brez kablov<\/strong> omogo\u010da hitro vzpostavitev sistema, napredna tehnologija EXIR 2.0 pa nudi jasen no\u010dni vid tudi na dalj\u0161ih razdaljah.<\/p>\n<hr data-start=\"795\" data-end=\"798\" \/>\n<h2 data-section-id=\"13y8vf8\" data-start=\"800\" data-end=\"809\">Kamera<\/h2>\n<ul>\n<li data-start=\"812\" data-end=\"869\">Slikovni senzor: 1\/2,8&#8243; CMOS s progresivnim skeniranjem<\/li>\n<li data-start=\"812\" data-end=\"869\">Najve\u010dja lo\u010dljivost: 1920 \u00d7 1080 (Full HD)<\/li>\n<li data-start=\"812\" data-end=\"869\">Minimalna osvetlitev: barvno 0,01 Lux, \u010drno-belo 0,005 Lux, 0 Lux z IR<\/li>\n<li data-start=\"812\" data-end=\"869\">\u010cas zaklopa: 1\/25 s \u2013 1\/10000 s<\/li>\n<li data-start=\"812\" data-end=\"869\">Dan\/no\u010d: IR Cut Filter<\/li>\n<li data-start=\"812\" data-end=\"869\">Nastavitev kota: nagib 0\u00b0\u201390\u00b0, vrtenje 0\u00b0\u2013360\u00b0<\/li>\n<\/ul>\n<hr data-start=\"1107\" data-end=\"1110\" \/>\n<h2 data-section-id=\"1xw3ta8\" data-start=\"1112\" data-end=\"1119\">Le\u010da<\/h2>\n<ul>\n<li data-start=\"1122\" data-end=\"1142\">Fiksna le\u010da 2,8 mm<\/li>\n<li data-start=\"1122\" data-end=\"1142\">Vidno polje: H91\u00b0, V49\u00b0, D108\u00b0<\/li>\n<li data-start=\"1122\" data-end=\"1142\">Zaslonka: F1.6<\/li>\n<li data-start=\"1122\" data-end=\"1142\">Nosilec objektiva: M12<\/li>\n<li data-start=\"1122\" data-end=\"1142\">Globinska ostrina: 1 m \u2013 \u221e<\/li>\n<\/ul>\n<hr data-start=\"1256\" data-end=\"1259\" \/>\n<h2 data-section-id=\"1ko5260\" data-start=\"1261\" data-end=\"1322\">DORI (Detection, Observation, Recognition, Identification)<\/h2>\n<ul data-start=\"1323\" data-end=\"1359\">\n<li data-section-id=\"4882pe\" data-start=\"1323\" data-end=\"1359\">\n<p data-start=\"1325\" data-end=\"1359\">\u0160: 42 m, V: 17 m, D: 9 m, I: 4 m<\/p>\n<\/li>\n<\/ul>\n<hr data-start=\"1361\" data-end=\"1364\" \/>\n<h2 data-section-id=\"1o0n8xo\" data-start=\"1366\" data-end=\"1379\">Osvetlitev<\/h2>\n<ul>\n<li data-start=\"1382\" data-end=\"1400\">IR lu\u010d: EXIR 2.0<\/li>\n<li data-start=\"1382\" data-end=\"1400\">IR valovna dol\u017eina: 850 nm<\/li>\n<li data-start=\"1382\" data-end=\"1400\">IR doseg: do 30 m<\/li>\n<\/ul>\n<hr data-start=\"1455\" data-end=\"1458\" \/>\n<h2 data-section-id=\"xk4duc\" data-start=\"1460\" data-end=\"1468\">Video<\/h2>\n<ul>\n<li data-start=\"1471\" data-end=\"1519\">Glavni tok: 1920\u00d71080 ali 1280\u00d7720 (25\u201330 fps)<\/li>\n<li data-start=\"1471\" data-end=\"1519\">Podtok: 768\u00d7432, 512\u00d7288 (25\u201330 fps)<\/li>\n<li data-start=\"1471\" data-end=\"1519\">Kodiranje: H.265\/H.264<\/li>\n<li data-start=\"1471\" data-end=\"1519\">Bitna hitrost: 256 Kbps \u2013 1 Mbps<\/li>\n<li data-start=\"1471\" data-end=\"1519\">Profil: Osnovni, glavni, visok<\/li>\n<li data-start=\"1471\" data-end=\"1519\">Nastavitve slike: svetlost, kontrast, nasi\u010denost, ostrina<\/li>\n<\/ul>\n<hr data-start=\"1723\" data-end=\"1726\" \/>\n<h2 data-section-id=\"1xwh1f1\" data-start=\"1728\" data-end=\"1735\">Zvok<\/h2>\n<ul>\n<li>Vgrajen mikrofon in zvo\u010dnik<\/li>\n<li>Zvo\u010dna kompresija: G.711, AAC-LC<\/li>\n<li>Bitna hitrost: 16\u201364 Kbps<\/li>\n<li>Filtriranje hrupa: Da<\/li>\n<\/ul>\n<hr data-start=\"1862\" data-end=\"1865\" \/>\n<h2 data-section-id=\"ergzra\" data-start=\"1867\" data-end=\"1900\">Omre\u017eje in brez\u017ei\u010dno delovanje<\/h2>\n<ul>\n<li data-start=\"1903\" data-end=\"1936\">Wi-Fi: 802.11b\/g\/n, do 150 Mbps<\/li>\n<li data-start=\"1903\" data-end=\"1936\">Frekven\u010dno obmo\u010dje: 2,412\u20132,472 GHz<\/li>\n<li data-start=\"1903\" data-end=\"1936\">Doseg Wi-Fi: do 120 m (odvisno od okolja)<\/li>\n<li data-start=\"1903\" data-end=\"1936\">Ethernet: 1\u00d7 RJ45 10\/100 M samoprilagodljiva vrata<\/li>\n<li data-start=\"1903\" data-end=\"1936\">Podprti protokoli: TCP\/IP, HTTP, HTTPS, RTSP, FTP, DHCP, DNS, NTP, UPnP, IPv4\/IPv6, SSL\/TLS<\/li>\n<li data-start=\"1903\" data-end=\"1936\">API: ONVIF, SDK<\/li>\n<\/ul>\n<hr data-start=\"2195\" data-end=\"2198\" \/>\n<h2 data-section-id=\"1i60485\" data-start=\"2200\" data-end=\"2210\">Splo\u0161no<\/h2>\n<ul>\n<li data-start=\"2213\" data-end=\"2254\">Napajanje: 12 VDC \u00b125 %, 0,5 A, max 6 W<\/li>\n<li data-start=\"2213\" data-end=\"2254\">Material: sprednji pokrov kovina, zadnji pokrov plastika<\/li>\n<li data-start=\"2213\" data-end=\"2254\">Dimenzije: 175,6 \u00d7 73 \u00d7 89,1 mm<\/li>\n<li data-start=\"2213\" data-end=\"2254\">Te\u017ea: 345 g<\/li>\n<li data-start=\"2213\" data-end=\"2254\">Za\u0161\u010dita: IP66 (vodo- in prahotesna)<\/li>\n<li data-start=\"2213\" data-end=\"2254\">Delovna temperatura: -30 \u00b0C do 60 \u00b0C<\/li>\n<li data-start=\"2213\" data-end=\"2254\">Vla\u017enost: do 95 % brez kondenzacije<\/li>\n<\/ul>\n<hr data-start=\"2490\" data-end=\"2493\" \/>\n<h2 data-section-id=\"4x6bqy\" data-start=\"2495\" data-end=\"2510\">Shranjevanje<\/h2>\n<ul data-start=\"2511\" data-end=\"2546\">\n<li data-section-id=\"g476ul\" data-start=\"2511\" data-end=\"2546\">\n<p data-start=\"2513\" data-end=\"2546\">MicroSD \/ SDHC \/ SDXC do 512 GB<\/p>\n<\/li>\n<\/ul>","protected":false},"excerpt":{"rendered":"<p data-start=\"802\" data-end=\"923\">HiLook 2MP Full HD IP kamera, brez\u017ei\u010dna, zunanja (IP66), Wi-Fi, dvosmerni zvok, IR no\u010dni vid do 30 m, microSD do 512 GB, nadzor prek aplikacije Hik-Connect\/HiLookVision.<\/p>\n<p><a href=\"https:\/\/www.tada.si\/en\/product-category\/alarmni-in-video-nadzor\/hilook\/\">Oglejte si \u0161e ostalo HiLook ponudbo na na\u0161i spletni strani.<\/a><\/p>","protected":false},"featured_media":11012,"comment_status":"open","ping_status":"closed","template":"","meta":{"inline_featured_image":false},"product_brand":[],"product_cat":[72,380],"product_tag":[],"class_list":{"0":"post-11005","1":"product","2":"type-product","3":"status-publish","4":"has-post-thumbnail","6":"product_cat-alarmni-in-video-nadzor","7":"product_cat-hilook","9":"first","10":"instock","11":"taxable","12":"shipping-taxable","13":"purchasable","14":"product-type-simple","15":"czr-hentry"},"_links":{"self":[{"href":"https:\/\/www.tada.si\/en\/wp-json\/wp\/v2\/product\/11005","targetHints":{"allow":["GET"]}}],"collection":[{"href":"https:\/\/www.tada.si\/en\/wp-json\/wp\/v2\/product"}],"about":[{"href":"https:\/\/www.tada.si\/en\/wp-json\/wp\/v2\/types\/product"}],"replies":[{"embeddable":true,"href":"https:\/\/www.tada.si\/en\/wp-json\/wp\/v2\/comments?post=11005"}],"wp:featuredmedia":[{"embeddable":true,"href":"https:\/\/www.tada.si\/en\/wp-json\/wp\/v2\/media\/11012"}],"wp:attachment":[{"href":"https:\/\/www.tada.si\/en\/wp-json\/wp\/v2\/media?parent=11005"}],"wp:term":[{"taxonomy":"product_brand","embeddable":true,"href":"https:\/\/www.tada.si\/en\/wp-json\/wp\/v2\/product_brand?post=11005"},{"taxonomy":"product_cat","embeddable":true,"href":"https:\/\/www.tada.si\/en\/wp-json\/wp\/v2\/product_cat?post=11005"},{"taxonomy":"product_tag","embeddable":true,"href":"https:\/\/www.tada.si\/en\/wp-json\/wp\/v2\/product_tag?post=11005"}],"curies":[{"name":"wp","href":"https:\/\/api.w.org\/{rel}","templated":true}]}}