{"id":11025,"date":"2026-03-10T15:14:59","date_gmt":"2026-03-10T13:14:59","guid":{"rendered":"https:\/\/www.tada.si\/?post_type=product&#038;p=11025"},"modified":"2026-03-10T15:21:09","modified_gmt":"2026-03-10T13:21:09","slug":"hilook-zunanja-kamera-ptz-n4215i-deh","status":"publish","type":"product","link":"https:\/\/www.tada.si\/en\/trgovina\/alarmni-in-video-nadzor\/hilook-zunanja-kamera-ptz-n4215i-deh\/","title":{"rendered":"HiLook zunanja kamera PTZ-N4215I-DE(H) 15x zoom"},"content":{"rendered":"<h3><a href=\"https:\/\/www.hikvision.com\/en\/products\/HiLook-IP-Products\/PTZ-Cameras\/Network-Dome-HiLook-Series\/PTZ-N4215I-DE\/?q=n4215i&amp;pageNum=1&amp;position=1&amp;hiksearch=true&amp;subName=PTZ-N4215I-DE%28J%29\" target=\"_blank\" rel=\"noopener\">HiLook zunanja kamera PTZ-N4215I-DE(H)<\/a><\/h3>\n<p>Zunanja PTZ IP kamera N4 serije se pona\u0161a z lo\u010dljivostjo 2MP ter nastavljivim vidnim kotom do H53.8\u00b0, V31.9\u00b0, D60.4\u00b0. Kamera ponuja no\u010dno snemanje z IR dosegom do 100m in 15x opti\u010dno pove\u010davo. Ima POE napajanje preko mre\u017enega kabla. Kamera omogo\u010da snemanje na snemalnik\/SD kartico ter dostop do posnetkov preko mobilne aplikacije ali spletnega brskalnika.<\/p>\n<p><strong>Kamera:<\/strong><\/p>\n<ul>\n<li>Senzor: 1\/2.8&#8243; Progressive Scan CMOS<\/li>\n<li>Min. osvetlitev: barvno 0.005Lux pri F1.6 (AGC ON), \u010db: 0.001Lux pri F1.6 (AGC ON), 0Lux z vklju\u010denimi IR<\/li>\n<li>\u010cas zaklopa: 1\/30000s-1\/1s<\/li>\n<li>Dan\/No\u010d: IR Cut Filter<\/li>\n<li>WDR: 120 dB; IR doseg: do 100m<\/li>\n<\/ul>\n<p><strong>Le\u010da:\u00a0<\/strong><\/p>\n<ul>\n<li>Gori\u0161\u010dna razdalja: 5-75mm<\/li>\n<li>15x opti\u010dni zoom<\/li>\n<li>16x digitalni zoom<\/li>\n<li>Vidni kot: H53.8\u00b0-H4.0\u00b0(5-75mm), V31.9\u00b0-V2.3\u00b0(5-75mm), D60.4\u00b0-D4.6\u00b0(5-75mm)<\/li>\n<li>Ostrenje: avtomatsko\/polavtomatsko\/ro\u010dno<\/li>\n<li>Zaslonka: F1.6-F3.0<\/li>\n<li>Hitrost zoom-a: 2.4s<\/li>\n<\/ul>\n<p><strong>PTZ:\u00a0<\/strong><\/p>\n<ul>\n<li>Obra\u010danje kamere: 360\u00b0<\/li>\n<li>Nagibanje kamere: -15\u00b0~90\u00b0<\/li>\n<li>Hitrost obra\u010danja: ro\u010dno 0.1\u00b0-80\u00b0\/s, prednastavljeno 80\u00b0\/s<\/li>\n<li>Hitrost nagibanja: ro\u010dno 0.1\u00b0-80\u00b0\/s, prednastavljeno 80\u00b0\/s<\/li>\n<li>Prikaz PTZ polo\u017eaja: ON\/OFF<\/li>\n<li>\u0160tevilo prednastavljenih: 300; Patrulja: 8 patrulj, do 32 prednastavitev na patruljo<\/li>\n<li>Vzorec: 4 skeniranja vzorcev, \u010das posnetka ve\u010d kot 10 minut za vsak pregled<\/li>\n<\/ul>\n<p><strong>Video:\u00a0<\/strong><\/p>\n<ul>\n<li>Najvi\u0161ja lo\u010dljivost: 1920\u00d71080<\/li>\n<li>\u0160tevilo sli\u010dic: 25fps(1920\u00d71080, 1280\u00d7960, 1280\u00d7720)<\/li>\n<li>Video kodiranje: H.265+\/H.265(HEVC)\/H.264+\/H.264\/MJPEG<\/li>\n<li>Video bitna hitrost: 32Kbps~16Mbps (CBR\/VBR nastavljiv)<\/li>\n<li>Nastavitve slike: svetlost\/kontrast\/nasi\u010denost\/ostrina<\/li>\n<li>Dostop: Podpira brskalnik Internet Explorer (z vti\u010dnikom), ali Chrome 57.0+, Firefox 52.0+ (brez vti\u010dnika)<\/li>\n<\/ul>\n<p><strong>Omre\u017eje:\u00a0<\/strong><\/p>\n<ul>\n<li>Komunikacija: 1*RJ45 10M\/100M Ethernet Port<\/li>\n<li>Mre\u017eno shranjevanje: NAS(podpira NFS, SMB\/CIFS)<\/li>\n<li>Mre\u017eni protokoli: IPv4\/IPv6, HTTP, HTTPS, 802.1x, QoS, FTP, SMTP, UPnP, SNMP, DNS, DDNS, NTP, RTSP, RTCP, RTP, TCP\/IP, UDP, IGMP, ICMP, DHCP, PPPoE, Bonjour, WebSocket, WebSockets<\/li>\n<\/ul>\n<p><strong>Sistem:\u00a0<\/strong><\/p>\n<ul>\n<li>Shranjevanje: Podpira lokalno shranjevanje na Micro SD\/SDHC\/SDXC do 256GB<\/li>\n<li>Brezpla\u010dna aplikacija za mobilne naprave s sistemom Android in Apple IOS<\/li>\n<li>Inteligentne video funkcije: Zaznavanje gibanja, Maskiranje za zasebnost, Izravnava osvetlitve iz ozadja, HLC, 3D-DNR, ROI, Defog, EIS<\/li>\n<li>Spro\u017eitev dogodka: zaznavanje gibanja, prekinjena povezava, ipd.<\/li>\n<li>Akcija dogodka: FTP nalaganje\/SMTP nalaganje\/snemanje na SD kartico<\/li>\n<li>Kompatiblinost sistema: ONVIF, ISAPI, SDK, ISUP<\/li>\n<\/ul>\n<p><strong>\u00a0<\/strong><strong>Splo\u0161no:\u00a0<\/strong><\/p>\n<ul>\n<li>Obmo\u010dje delovanja: temperatura -30\u00b0C~65\u00b0C, vlaga: 0~90%(brez kondenza)<\/li>\n<li>Napajanje: 12V DC \/ 2A, PoE (802.3at Class 4, 42.5V \u2013 57V, 0.6A)<\/li>\n<li>Poraba: max. 18W (vklju\u010den IR 6W max.)<\/li>\n<li>Odpornost na zunanje vplive: do IP66 in TVS 4000V<\/li>\n<li>Dimenzije: fi 165,9mm\u00d7290mm; Te\u017ea: 2,5kg<\/li>\n<\/ul>\n<p><strong>Paket vsebuje:\u00a0<\/strong><\/p>\n<ul>\n<li>1x IP Kamera<\/li>\n<li>1x Napajalnik<\/li>\n<li>1x Pribor za monta\u017eo<\/li>\n<li>1x Stenski monta\u017eni nosilec<\/li>\n<li>1x Navodila<\/li>\n<\/ul>","protected":false},"excerpt":{"rendered":"<p data-start=\"802\" data-end=\"923\">HiLook 2MP PTZ IP kamera s 15\u00d7 opti\u010dnim zoomom, 360\u00b0 vrtenjem, IR no\u010dnim dosegom do 100 m in PoE napajanjem. Primerna za zunanji video nadzor.<\/p>\n<p><a href=\"https:\/\/www.tada.si\/en\/product-category\/alarmni-in-video-nadzor\/hilook\/\">Oglejte si \u0161e ostalo HiLook ponudbo na na\u0161i spletni strani.<\/a><\/p>","protected":false},"featured_media":11023,"comment_status":"open","ping_status":"closed","template":"","meta":{"inline_featured_image":false},"product_brand":[],"product_cat":[72,380],"product_tag":[],"class_list":{"0":"post-11025","1":"product","2":"type-product","3":"status-publish","4":"has-post-thumbnail","6":"product_cat-alarmni-in-video-nadzor","7":"product_cat-hilook","9":"first","10":"instock","11":"taxable","12":"shipping-taxable","13":"purchasable","14":"product-type-simple","15":"czr-hentry"},"_links":{"self":[{"href":"https:\/\/www.tada.si\/en\/wp-json\/wp\/v2\/product\/11025","targetHints":{"allow":["GET"]}}],"collection":[{"href":"https:\/\/www.tada.si\/en\/wp-json\/wp\/v2\/product"}],"about":[{"href":"https:\/\/www.tada.si\/en\/wp-json\/wp\/v2\/types\/product"}],"replies":[{"embeddable":true,"href":"https:\/\/www.tada.si\/en\/wp-json\/wp\/v2\/comments?post=11025"}],"wp:featuredmedia":[{"embeddable":true,"href":"https:\/\/www.tada.si\/en\/wp-json\/wp\/v2\/media\/11023"}],"wp:attachment":[{"href":"https:\/\/www.tada.si\/en\/wp-json\/wp\/v2\/media?parent=11025"}],"wp:term":[{"taxonomy":"product_brand","embeddable":true,"href":"https:\/\/www.tada.si\/en\/wp-json\/wp\/v2\/product_brand?post=11025"},{"taxonomy":"product_cat","embeddable":true,"href":"https:\/\/www.tada.si\/en\/wp-json\/wp\/v2\/product_cat?post=11025"},{"taxonomy":"product_tag","embeddable":true,"href":"https:\/\/www.tada.si\/en\/wp-json\/wp\/v2\/product_tag?post=11025"}],"curies":[{"name":"wp","href":"https:\/\/api.w.org\/{rel}","templated":true}]}}