{"id":11194,"date":"2026-03-13T15:53:28","date_gmt":"2026-03-13T13:53:28","guid":{"rendered":"https:\/\/www.tada.si\/?post_type=product&#038;p=11194"},"modified":"2026-03-16T15:07:18","modified_gmt":"2026-03-16T13:07:18","slug":"genuit-flyne-linearna-luc-s-sencnikom","status":"publish","type":"product","link":"https:\/\/www.tada.si\/en\/trgovina\/genuit-instalacija\/luci\/genuit-flyne-linearna-luc-s-sencnikom\/","title":{"rendered":"Genuit Flyne linearna lu\u010d s sen\u010dnikom"},"content":{"rendered":"<h3><a href=\"https:\/\/genuit.it\/prodotto\/flyne-lampada-sospensione-led\/\" target=\"_blank\" rel=\"noopener\">Genuit Flyne linearna lu\u010d s sen\u010dnikom je vise\u010da svetilka, ki omogo\u010da igranje s svetlobo. <\/a><\/h3>\n<p>Na voljo v \u0161tirih razli\u010dnih dol\u017einah, ki jih dopolnjuje sen\u010dnik v dveh velikostih, kar omogo\u010da neskon\u010dne kombinacije barv, velikosti in polo\u017eajev na svetlobni cevi, to pa ustvarja neposredne in posredne svetlobne u\u010dinke.<\/p>\n<p><img loading=\"lazy\" decoding=\"async\" class=\"\" src=\"https:\/\/genuit.b-cdn.net\/wp-content\/uploads\/2026\/01\/lampada_sospesa_flyne_ambientato.png\" width=\"711\" height=\"474\" \/><\/p>\n<div class=\"p\">\n<div class=\"p\">\n<p>Idealna re\u0161itev za ustvarjanje zatemnjenih svetlobnih \u017earkov v popolni kompozicijski svobodi. Namestitev reflektorjev posamezno omogo\u010da ustvarjanje ne\u0161tetih kompozicij in njihovo prilagajanje skozi \u010das po \u017eelji, za vedno nove re\u0161itve.<\/p>\n<p>Na voljo v barvah Black, Copper, Coral, Corten, Crock, Graphite, Sage, Sand, Silver, White.<\/p>\n<p>Namestitev sen\u010dnikov je zelo enostavna in hitra: pozicioniranje je prosto vzdol\u017e celotne dol\u017eine svetilke, ve\u010d sen\u010dnikov pa je mogo\u010de prosto namestiti za igranje z razli\u010dnimi velikostmi in zaklju\u010dki.<\/p>\n<p><img loading=\"lazy\" decoding=\"async\" class=\"\" src=\"https:\/\/genuit.b-cdn.net\/wp-content\/uploads\/2026\/01\/flyne-dettagli.png\" width=\"712\" height=\"344\" \/><\/p>\n<\/div>\n<\/div>\n<div class=\"grid grid-cols-5\">\n<div class=\"col-span-2\">Dimenzije svetilke:\u00a023 | 28 | 48 | 98 cm<\/div>\n<div class=\"col-span-2\">\n<p>Dimenzije reflektorjev: \u00d8 22 | 30 cm<a href=\"https:\/\/www.tada.si\/wp-content\/uploads\/2026\/03\/Genuit-Flyne-1.png\"><img loading=\"lazy\" decoding=\"async\" class=\"size-medium wp-image-11207\" src=\"https:\/\/www.tada.si\/wp-content\/uploads\/2026\/03\/Genuit-Flyne-1-300x242.png\" alt=\"Genuit Flyne linearna lu\u010d s sen\u010dnikom\" width=\"300\" height=\"242\" srcset=\"https:\/\/www.tada.si\/wp-content\/uploads\/2026\/03\/Genuit-Flyne-1-300x242.png 300w, https:\/\/www.tada.si\/wp-content\/uploads\/2026\/03\/Genuit-Flyne-1-15x12.png 15w, https:\/\/www.tada.si\/wp-content\/uploads\/2026\/03\/Genuit-Flyne-1-64x52.png 64w, https:\/\/www.tada.si\/wp-content\/uploads\/2026\/03\/Genuit-Flyne-1.png 462w\" sizes=\"auto, (max-width: 300px) 100vw, 300px\" \/><\/a><\/p>\n<p><img loading=\"lazy\" decoding=\"async\" class=\"\" src=\"https:\/\/genuit.b-cdn.net\/wp-content\/uploads\/2026\/02\/flyne-ristorante_9_16.jpg\" width=\"500\" height=\"889\" \/>\u00a0 \u00a0 <img loading=\"lazy\" decoding=\"async\" class=\"\" src=\"https:\/\/genuit.b-cdn.net\/wp-content\/uploads\/2026\/02\/flyne-bar-mexico_9_16.jpg\" width=\"500\" height=\"888\" \/><\/p>\n<\/div>\n<div><\/div>\n<\/div>","protected":false},"excerpt":{"rendered":"<p>Vise\u010da linearna svetilka s sen\u010dnikom, ki omogo\u010da prilagodljive barve, velikosti in polo\u017eaje za neposredno in posredno osvetlitev.<\/p>\n<p>Na voljo v barvah Black, Copper, Coral, Corten, Crock, Graphite, Sage, Sand, Silver, White.<\/p>\n<p>Oglejte si \u0161e\u00a0<a href=\"https:\/\/www.tada.si\/en\/product-category\/genuit-instalacija\/luci\/\">ostalo ponudbo lu\u010di Genuit na na\u0161i spletni strani.<\/a><\/p>\n<p><img decoding=\"async\" class=\"emoji\" role=\"img\" draggable=\"false\" src=\"https:\/\/s.w.org\/images\/core\/emoji\/17.0.2\/svg\/1f4e9.svg\" alt=\"\ud83d\udce9\" \/>\u00a0Za ve\u010d informacij in ponudbo po meri nam pi\u0161ite na info@tada.si<br \/>\n<img decoding=\"async\" class=\"emoji\" role=\"img\" draggable=\"false\" src=\"https:\/\/s.w.org\/images\/core\/emoji\/17.0.2\/svg\/1f4de.svg\" alt=\"\ud83d\udcde\" \/>\u00a0ali nas pokli\u010dite na 051 229 229 \u2013 z veseljem vam pripravimo re\u0161itev, prilagojeno va\u0161im potrebam in projektu.<\/p>","protected":false},"featured_media":11230,"comment_status":"open","ping_status":"closed","template":"","meta":{"inline_featured_image":false},"product_brand":[],"product_cat":[216,220],"product_tag":[],"class_list":{"0":"post-11194","1":"product","2":"type-product","3":"status-publish","4":"has-post-thumbnail","6":"product_cat-genuit-instalacija","7":"product_cat-luci","8":"pa_barva-black","9":"pa_barva-blue","10":"pa_barva-copper","11":"pa_barva-coral","12":"pa_barva-corten","13":"pa_barva-graphite","14":"pa_barva-green","15":"pa_barva-sand","16":"pa_barva-silver","17":"pa_barva-white","19":"first","20":"instock","21":"featured","22":"taxable","23":"shipping-taxable","24":"product-type-simple","25":"czr-hentry"},"_links":{"self":[{"href":"https:\/\/www.tada.si\/en\/wp-json\/wp\/v2\/product\/11194","targetHints":{"allow":["GET"]}}],"collection":[{"href":"https:\/\/www.tada.si\/en\/wp-json\/wp\/v2\/product"}],"about":[{"href":"https:\/\/www.tada.si\/en\/wp-json\/wp\/v2\/types\/product"}],"replies":[{"embeddable":true,"href":"https:\/\/www.tada.si\/en\/wp-json\/wp\/v2\/comments?post=11194"}],"wp:featuredmedia":[{"embeddable":true,"href":"https:\/\/www.tada.si\/en\/wp-json\/wp\/v2\/media\/11230"}],"wp:attachment":[{"href":"https:\/\/www.tada.si\/en\/wp-json\/wp\/v2\/media?parent=11194"}],"wp:term":[{"taxonomy":"product_brand","embeddable":true,"href":"https:\/\/www.tada.si\/en\/wp-json\/wp\/v2\/product_brand?post=11194"},{"taxonomy":"product_cat","embeddable":true,"href":"https:\/\/www.tada.si\/en\/wp-json\/wp\/v2\/product_cat?post=11194"},{"taxonomy":"product_tag","embeddable":true,"href":"https:\/\/www.tada.si\/en\/wp-json\/wp\/v2\/product_tag?post=11194"}],"curies":[{"name":"wp","href":"https:\/\/api.w.org\/{rel}","templated":true}]}}