{"id":11397,"date":"2026-03-27T14:58:03","date_gmt":"2026-03-27T12:58:03","guid":{"rendered":"https:\/\/www.tada.si\/?post_type=product&#038;p=11397"},"modified":"2026-03-27T15:24:35","modified_gmt":"2026-03-27T13:24:35","slug":"pretvornik-napetosti-car600","status":"publish","type":"product","link":"https:\/\/www.tada.si\/en\/trgovina\/avto-oprema\/pretvornik-napetosti-car600\/","title":{"rendered":"Pretvornik napetosti CAR600 12V \u2192 230V, 600W"},"content":{"rendered":"<h3 data-start=\"593\" data-end=\"801\"><a href=\"https:\/\/www.tssgroup.eu\/car600-voltage-inverter-from-12v-to-230v-usb-600w\" target=\"_blank\" rel=\"noopener\">Pretvornik napetosti CAR600<\/a><\/h3>\n<p data-start=\"593\" data-end=\"801\">Omogo\u010da pretvorbo iz 12V DC na 230V AC, kar vam omogo\u010da uporabo manj\u0161ih elektri\u010dnih naprav neposredno iz avtomobila ali kombija. Primeren je za napajanje \u010drpalk, \u017earnic, polnilcev in drugih naprav.<\/p>\n<p data-start=\"803\" data-end=\"960\">Z mo\u010djo 600W (do 1200W vr\u0161ne mo\u010di) zagotavlja stabilno delovanje, medtem ko USB izhod omogo\u010da hitro polnjenje telefonov, MP3 predvajalnikov in drugih naprav.<\/p>\n<p data-start=\"962\" data-end=\"1107\">Opremljen je z za\u0161\u010ditami proti preobremenitvi, pregrevanju, previsoki in prenizki napetosti ter napa\u010dni polariteti, kar zagotavlja varno uporabo.<\/p>\n<hr data-start=\"1109\" data-end=\"1112\" \/>\n<h3 data-section-id=\"1sr7w57\" data-start=\"1114\" data-end=\"1138\">Tehni\u010dne lastnosti<\/h3>\n<p data-start=\"1140\" data-end=\"1402\"><strong data-start=\"1140\" data-end=\"1156\">Nazivna mo\u010d:<\/strong> 600 W<br data-start=\"1162\" data-end=\"1165\" \/><strong data-start=\"1165\" data-end=\"1184\">Maksimalna mo\u010d:<\/strong> 1200 W<br data-start=\"1191\" data-end=\"1194\" \/><strong data-start=\"1194\" data-end=\"1214\">Vhodna napetost:<\/strong> 12 V DC<br data-start=\"1222\" data-end=\"1225\" \/><strong data-start=\"1225\" data-end=\"1246\">Izhodna napetost:<\/strong> 230 V AC<br data-start=\"1255\" data-end=\"1258\" \/><strong data-start=\"1258\" data-end=\"1272\">Frekvenca:<\/strong> 50 Hz (modificiran sinus)<br data-start=\"1298\" data-end=\"1301\" \/><strong data-start=\"1301\" data-end=\"1315\">USB izhod:<\/strong> 5 V \/ max. 2,1 A<br data-start=\"1332\" data-end=\"1335\" \/><strong data-start=\"1335\" data-end=\"1358\">Poraba v mirovanju:<\/strong> 800 mA<br data-start=\"1365\" data-end=\"1368\" \/><strong data-start=\"1368\" data-end=\"1382\">Dimenzije:<\/strong> 235 \u00d7 102 \u00d7 55 mm<\/p>\n<hr data-start=\"1404\" data-end=\"1407\" \/>\n<h3 data-section-id=\"1a1u7id\" data-start=\"1409\" data-end=\"1422\">Varnost<\/h3>\n<p data-start=\"1424\" data-end=\"1460\">Pretvornik vklju\u010duje za\u0161\u010dito pred:<\/p>\n<ul>\n<li>preobremenitvijo<\/li>\n<li>pregrevanjem<\/li>\n<li>prenizko in previsoko napetostjo<\/li>\n<li>napa\u010dno polariteto<\/li>\n<\/ul>\n<p data-start=\"1560\" data-end=\"1632\"><strong>Naprave ne povezujte z drugimi 230V viri (omre\u017eje ali drug inverter)!<\/strong><\/p>","protected":false},"excerpt":{"rendered":"<p data-start=\"110\" data-end=\"257\">Kompakten in zmogljiv pretvornik napetosti, ki omogo\u010da uporabo 230V naprav kar v va\u0161em vozilu. Idealen za potovanja, delo na terenu ali kampiranje.<\/p>\n<p data-start=\"259\" data-end=\"311\">Na voljo z USB izhodom za polnjenje mobilnih naprav.<\/p>\n<p>Oglejte si \u0161e\u00a0<a href=\"https:\/\/www.tada.si\/en\/product-category\/avto-oprema\/\">ostalo ponudbo avto opreme na na\u0161i spletni strani.<\/a><\/p>","protected":false},"featured_media":11401,"comment_status":"open","ping_status":"closed","template":"","meta":{"inline_featured_image":false},"product_brand":[],"product_cat":[244],"product_tag":[],"class_list":{"0":"post-11397","1":"product","2":"type-product","3":"status-publish","4":"has-post-thumbnail","6":"product_cat-avto-oprema","8":"first","9":"instock","10":"taxable","11":"shipping-taxable","12":"purchasable","13":"product-type-simple","14":"czr-hentry"},"_links":{"self":[{"href":"https:\/\/www.tada.si\/en\/wp-json\/wp\/v2\/product\/11397","targetHints":{"allow":["GET"]}}],"collection":[{"href":"https:\/\/www.tada.si\/en\/wp-json\/wp\/v2\/product"}],"about":[{"href":"https:\/\/www.tada.si\/en\/wp-json\/wp\/v2\/types\/product"}],"replies":[{"embeddable":true,"href":"https:\/\/www.tada.si\/en\/wp-json\/wp\/v2\/comments?post=11397"}],"wp:featuredmedia":[{"embeddable":true,"href":"https:\/\/www.tada.si\/en\/wp-json\/wp\/v2\/media\/11401"}],"wp:attachment":[{"href":"https:\/\/www.tada.si\/en\/wp-json\/wp\/v2\/media?parent=11397"}],"wp:term":[{"taxonomy":"product_brand","embeddable":true,"href":"https:\/\/www.tada.si\/en\/wp-json\/wp\/v2\/product_brand?post=11397"},{"taxonomy":"product_cat","embeddable":true,"href":"https:\/\/www.tada.si\/en\/wp-json\/wp\/v2\/product_cat?post=11397"},{"taxonomy":"product_tag","embeddable":true,"href":"https:\/\/www.tada.si\/en\/wp-json\/wp\/v2\/product_tag?post=11397"}],"curies":[{"name":"wp","href":"https:\/\/api.w.org\/{rel}","templated":true}]}}