{"id":1141,"date":"2018-10-01T07:31:32","date_gmt":"2018-10-01T05:31:32","guid":{"rendered":"http:\/\/www.tada.si\/?post_type=product&#038;p=1141"},"modified":"2025-11-26T15:14:32","modified_gmt":"2025-11-26T13:14:32","slug":"paradox-k10v","status":"publish","type":"product","link":"https:\/\/www.tada.si\/en\/trgovina\/alarmni-in-video-nadzor\/paradox\/tipkovnice-in-upravljalni-moduli-paradox\/paradox-k10v\/","title":{"rendered":"Paradox LED tipkovnica PAR K10V"},"content":{"rendered":"<p>LED tipkovnica PAR K10V. 8 funkcijskih tipk za intuitivno programiranje in upravljanje s sistemom. 3 alarmne (F.A.P) tipke, vhod za eno \u017ei\u010dno cono &#8211; vertikalna monta\u017ea.<\/p>","protected":false},"excerpt":{"rendered":"<p>LED tipkovnica s signalizacijo 10 con in 2 particije<\/p>","protected":false},"featured_media":7021,"comment_status":"closed","ping_status":"closed","template":"","meta":{"inline_featured_image":false},"product_brand":[],"product_cat":[72,88,108],"product_tag":[],"class_list":{"0":"post-1141","1":"product","2":"type-product","3":"status-publish","4":"has-post-thumbnail","6":"product_cat-alarmni-in-video-nadzor","7":"product_cat-paradox","8":"product_cat-tipkovnice-in-upravljalni-moduli-paradox","9":"pa_barva-214","11":"first","12":"instock","13":"taxable","14":"shipping-taxable","15":"purchasable","16":"product-type-simple","17":"czr-hentry"},"_links":{"self":[{"href":"https:\/\/www.tada.si\/en\/wp-json\/wp\/v2\/product\/1141","targetHints":{"allow":["GET"]}}],"collection":[{"href":"https:\/\/www.tada.si\/en\/wp-json\/wp\/v2\/product"}],"about":[{"href":"https:\/\/www.tada.si\/en\/wp-json\/wp\/v2\/types\/product"}],"replies":[{"embeddable":true,"href":"https:\/\/www.tada.si\/en\/wp-json\/wp\/v2\/comments?post=1141"}],"wp:featuredmedia":[{"embeddable":true,"href":"https:\/\/www.tada.si\/en\/wp-json\/wp\/v2\/media\/7021"}],"wp:attachment":[{"href":"https:\/\/www.tada.si\/en\/wp-json\/wp\/v2\/media?parent=1141"}],"wp:term":[{"taxonomy":"product_brand","embeddable":true,"href":"https:\/\/www.tada.si\/en\/wp-json\/wp\/v2\/product_brand?post=1141"},{"taxonomy":"product_cat","embeddable":true,"href":"https:\/\/www.tada.si\/en\/wp-json\/wp\/v2\/product_cat?post=1141"},{"taxonomy":"product_tag","embeddable":true,"href":"https:\/\/www.tada.si\/en\/wp-json\/wp\/v2\/product_tag?post=1141"}],"curies":[{"name":"wp","href":"https:\/\/api.w.org\/{rel}","templated":true}]}}