{"id":11413,"date":"2026-03-27T15:18:11","date_gmt":"2026-03-27T13:18:11","guid":{"rendered":"https:\/\/www.tada.si\/?post_type=product&#038;p=11413"},"modified":"2026-03-27T15:36:53","modified_gmt":"2026-03-27T13:36:53","slug":"pretvornik-napetosti-car2000-s","status":"publish","type":"product","link":"https:\/\/www.tada.si\/en\/trgovina\/avto-oprema\/pretvornik-napetosti-car2000-s\/","title":{"rendered":"Pretvornik napetosti CAR2000-S 12V \u2192 230V, 2000W"},"content":{"rendered":"<h3 data-start=\"593\" data-end=\"801\"><a href=\"https:\/\/www.tssgroup.eu\/car2000-s-voltage-inverter-pure-sinus-from-12v-to-230v-usb-2000w\" target=\"_blank\" rel=\"noopener\">Pretvornik napetosti CAR2000-S<\/a><\/h3>\n<p data-start=\"611\" data-end=\"756\">Zmogljiv pretvornik s \u010distim sinusom omogo\u010da varno in stabilno napajanje tudi najbolj ob\u010dutljivih elektri\u010dnih naprav neposredno iz va\u0161ega vozila.<\/p>\n<p data-start=\"758\" data-end=\"906\">Idealen je za profesionalno uporabo, kampiranje ali mobilne delavnice, saj brez te\u017eav napaja ra\u010dunalnike, gospodinjske aparate in elektri\u010dno orodje.<\/p>\n<p data-start=\"908\" data-end=\"1037\">Z mo\u010djo 2000 W (do 4000 W vr\u0161ne mo\u010di) zagotavlja visoko zmogljivost, medtem ko USB izhod omogo\u010da hitro polnjenje mobilnih naprav.<\/p>\n<p data-start=\"1039\" data-end=\"1162\">Napreden sistem za\u0161\u010dite skrbi za varno delovanje v vseh pogojih, mo\u017enost ozemljitve pa dodatno pove\u010da zanesljivost uporabe.<\/p>\n<hr data-start=\"1297\" data-end=\"1300\" \/>\n<h3 data-section-id=\"1m9ocsu\" data-start=\"1302\" data-end=\"1328\">Tehni\u010dne lastnosti<\/h3>\n<p data-start=\"1330\" data-end=\"1646\"><strong data-start=\"1330\" data-end=\"1346\">Nazivna mo\u010d:<\/strong> 2000 W<br data-start=\"1353\" data-end=\"1356\" \/><strong data-start=\"1356\" data-end=\"1375\">Maksimalna mo\u010d:<\/strong> 4000 W<br data-start=\"1382\" data-end=\"1385\" \/><strong data-start=\"1385\" data-end=\"1405\">Vhodna napetost:<\/strong> 12 V DC<br data-start=\"1413\" data-end=\"1416\" \/><strong data-start=\"1416\" data-end=\"1437\">Izhodna napetost:<\/strong> 230 V AC (\u010disti sinus)<br data-start=\"1460\" data-end=\"1463\" \/><strong data-start=\"1463\" data-end=\"1477\">Frekvenca:<\/strong> 50 Hz \u00b13 Hz<br data-start=\"1489\" data-end=\"1492\" \/><strong data-start=\"1492\" data-end=\"1506\">USB izhod:<\/strong> 5 V \/ max. 2,1 A<br data-start=\"1523\" data-end=\"1526\" \/><strong data-start=\"1526\" data-end=\"1549\">Poraba v mirovanju:<\/strong> 630 mA<br data-start=\"1556\" data-end=\"1559\" \/><strong data-start=\"1559\" data-end=\"1584\">Poraba izklopljenega:<\/strong> 0 mA<br data-start=\"1589\" data-end=\"1592\" \/><strong data-start=\"1592\" data-end=\"1606\">Dimenzije:<\/strong> 325 \u00d7 252 \u00d7 101 mm<br data-start=\"1625\" data-end=\"1628\" \/><strong data-start=\"1628\" data-end=\"1637\">Te\u017ea:<\/strong> 4,6 kg<\/p>\n<hr data-start=\"1648\" data-end=\"1651\" \/>\n<h3 data-section-id=\"5kzkwl\" data-start=\"1653\" data-end=\"1669\">Varnost<\/h3>\n<p data-start=\"1671\" data-end=\"1686\">Za\u0161\u010dita pred:<\/p>\n<ul>\n<li>preobremenitvijo<\/li>\n<li>pregrevanjem<\/li>\n<li>previsoko in prenizko napetostjo<\/li>\n<li>napa\u010dno polariteto<\/li>\n<\/ul>\n<p data-start=\"1786\" data-end=\"1824\">Mo\u017enost ozemljitve za dodatno varnost.<\/p>\n<p data-start=\"1826\" data-end=\"1893\"><strong>Ne priklapljajte na druge 230V vire (omre\u017eje ali drug inverter)!<\/strong><\/p>","protected":false},"excerpt":{"rendered":"<p data-start=\"110\" data-end=\"257\">Kompakten in zmogljiv pretvornik napetosti, ki omogo\u010da uporabo 230V naprav kar v va\u0161em vozilu. Idealen za potovanja, delo na terenu ali kampiranje.<\/p>\n<p data-start=\"259\" data-end=\"311\">Na voljo z USB izhodom za polnjenje mobilnih naprav.<\/p>\n<p>Oglejte si \u0161e\u00a0<a href=\"https:\/\/www.tada.si\/en\/product-category\/avto-oprema\/\">ostalo ponudbo avto opreme na na\u0161i spletni strani.<\/a><\/p>","protected":false},"featured_media":11418,"comment_status":"open","ping_status":"closed","template":"","meta":{"inline_featured_image":false},"product_brand":[],"product_cat":[244],"product_tag":[],"class_list":{"0":"post-11413","1":"product","2":"type-product","3":"status-publish","4":"has-post-thumbnail","6":"product_cat-avto-oprema","8":"first","9":"instock","10":"taxable","11":"shipping-taxable","12":"purchasable","13":"product-type-simple","14":"czr-hentry"},"_links":{"self":[{"href":"https:\/\/www.tada.si\/en\/wp-json\/wp\/v2\/product\/11413","targetHints":{"allow":["GET"]}}],"collection":[{"href":"https:\/\/www.tada.si\/en\/wp-json\/wp\/v2\/product"}],"about":[{"href":"https:\/\/www.tada.si\/en\/wp-json\/wp\/v2\/types\/product"}],"replies":[{"embeddable":true,"href":"https:\/\/www.tada.si\/en\/wp-json\/wp\/v2\/comments?post=11413"}],"wp:featuredmedia":[{"embeddable":true,"href":"https:\/\/www.tada.si\/en\/wp-json\/wp\/v2\/media\/11418"}],"wp:attachment":[{"href":"https:\/\/www.tada.si\/en\/wp-json\/wp\/v2\/media?parent=11413"}],"wp:term":[{"taxonomy":"product_brand","embeddable":true,"href":"https:\/\/www.tada.si\/en\/wp-json\/wp\/v2\/product_brand?post=11413"},{"taxonomy":"product_cat","embeddable":true,"href":"https:\/\/www.tada.si\/en\/wp-json\/wp\/v2\/product_cat?post=11413"},{"taxonomy":"product_tag","embeddable":true,"href":"https:\/\/www.tada.si\/en\/wp-json\/wp\/v2\/product_tag?post=11413"}],"curies":[{"name":"wp","href":"https:\/\/api.w.org\/{rel}","templated":true}]}}