{"id":11420,"date":"2026-03-27T15:33:07","date_gmt":"2026-03-27T13:33:07","guid":{"rendered":"https:\/\/www.tada.si\/?post_type=product&#038;p=11420"},"modified":"2026-03-27T15:40:16","modified_gmt":"2026-03-27T13:40:16","slug":"daljinski-upravljalnik-pretvornika-napetosti","status":"publish","type":"product","link":"https:\/\/www.tada.si\/en\/trgovina\/avto-oprema\/daljinski-upravljalnik-pretvornika-napetosti\/","title":{"rendered":"Daljinski upravljalnik pretvornika napetosti"},"content":{"rendered":"<h3 data-start=\"593\" data-end=\"801\"><a href=\"https:\/\/www.tssgroup.eu\/car-remote-remote-control-wired-5m-for-inverters\" target=\"_blank\" rel=\"noopener\">Daljinski upravljalnik pretvornika napetosti<\/a><\/h3>\n<p data-start=\"72\" data-end=\"230\">Omogo\u010da vklop in izklop pretvornika na razdalji do 5 metrov (dol\u017eina kabla). Zdru\u017eljiv je samo s pretvorniki, ki imajo vhod \u00bbREMOTE\u00ab.<\/p>\n<p data-start=\"232\" data-end=\"278\">Upravljalnik vsebuje dve signalni LED diodi:<\/p>\n<ul>\n<li>zelena \u2013 napajanje<\/li>\n<li>rde\u010da \u2013 napaka<\/li>\n<\/ul>\n<p data-start=\"322\" data-end=\"394\">Zdru\u017eljivi pretvorniki:<br data-start=\"345\" data-end=\"348\" \/>CAR1600<br \/>\nCAR1600-24V<br \/>\nCAR2000-S<br \/>\nCAR3000-24V<\/p>\n<p data-start=\"396\" data-end=\"541\">Pretvornik se lahko vklopi preko daljinca, tudi ko je glavno stikalo izklopljeno. Po izklopu preko daljinca ima pretvornik ni\u010delno porabo toka.<\/p>\n<p data-start=\"543\" data-end=\"680\">Mo\u017eno je tudi upravljanje preko zunanjega stikala ali releja \u2013 s povezavo pinov 3 in 4 je pretvornik aktiven, dokler sta pina povezana.<\/p>\n<p data-start=\"682\" data-end=\"716\">Priklju\u010dek: M12, 4-polni (navojni)<\/p>","protected":false},"excerpt":{"rendered":"<p data-start=\"110\" data-end=\"257\">KEETEC CAR REMOTE je 5 m \u017ei\u010dni daljinski upravljalnik za pretvornike, ki omogo\u010da enostaven vklop in izklop ter prikaz stanja delovanja.<\/p>\n<p>Oglejte si \u0161e\u00a0<a href=\"https:\/\/www.tada.si\/en\/product-category\/avto-oprema\/\">ostalo ponudbo avto opreme na na\u0161i spletni strani.<\/a><\/p>","protected":false},"featured_media":11421,"comment_status":"open","ping_status":"closed","template":"","meta":{"inline_featured_image":false},"product_brand":[],"product_cat":[244],"product_tag":[],"class_list":{"0":"post-11420","1":"product","2":"type-product","3":"status-publish","4":"has-post-thumbnail","6":"product_cat-avto-oprema","8":"first","9":"instock","10":"taxable","11":"shipping-taxable","12":"purchasable","13":"product-type-simple","14":"czr-hentry"},"_links":{"self":[{"href":"https:\/\/www.tada.si\/en\/wp-json\/wp\/v2\/product\/11420","targetHints":{"allow":["GET"]}}],"collection":[{"href":"https:\/\/www.tada.si\/en\/wp-json\/wp\/v2\/product"}],"about":[{"href":"https:\/\/www.tada.si\/en\/wp-json\/wp\/v2\/types\/product"}],"replies":[{"embeddable":true,"href":"https:\/\/www.tada.si\/en\/wp-json\/wp\/v2\/comments?post=11420"}],"wp:featuredmedia":[{"embeddable":true,"href":"https:\/\/www.tada.si\/en\/wp-json\/wp\/v2\/media\/11421"}],"wp:attachment":[{"href":"https:\/\/www.tada.si\/en\/wp-json\/wp\/v2\/media?parent=11420"}],"wp:term":[{"taxonomy":"product_brand","embeddable":true,"href":"https:\/\/www.tada.si\/en\/wp-json\/wp\/v2\/product_brand?post=11420"},{"taxonomy":"product_cat","embeddable":true,"href":"https:\/\/www.tada.si\/en\/wp-json\/wp\/v2\/product_cat?post=11420"},{"taxonomy":"product_tag","embeddable":true,"href":"https:\/\/www.tada.si\/en\/wp-json\/wp\/v2\/product_tag?post=11420"}],"curies":[{"name":"wp","href":"https:\/\/api.w.org\/{rel}","templated":true}]}}