{"id":1150,"date":"2018-10-01T07:48:54","date_gmt":"2018-10-01T05:48:54","guid":{"rendered":"http:\/\/www.tada.si\/?post_type=product&#038;p=1150"},"modified":"2023-03-10T12:57:58","modified_gmt":"2023-03-10T10:57:58","slug":"par-rem25","status":"publish","type":"product","link":"https:\/\/www.tada.si\/en\/trgovina\/alarmni-in-video-nadzor\/paradox\/daljinski-upravljalniki\/par-rem25\/","title":{"rendered":"Dvosmerni brez\u017ei\u010dni daljinski upravljalnik PAR REM25"},"content":{"rendered":"<p>Dvosmerni brez\u017ei\u010dni daljinski upravljalnik PAR REM25. Vodotesen, deluje na frekvenci 868 MHz. Mo\u017enost krmiljenja PGM izhodov, ponuja povratno informacijo kon\u010dnemu uporabniku sistema. Podpira Stay-D funkcijo. Skladen z EN50131 standardom.<\/p>","protected":false},"excerpt":{"rendered":"<p>Dvosmerni brez\u017ei\u010dni daljinski upravljalnik<\/p>","protected":false},"featured_media":7015,"comment_status":"closed","ping_status":"closed","template":"","meta":{"inline_featured_image":false},"product_brand":[],"product_cat":[72,109,88],"product_tag":[],"class_list":{"0":"post-1150","1":"product","2":"type-product","3":"status-publish","4":"has-post-thumbnail","6":"product_cat-alarmni-in-video-nadzor","7":"product_cat-daljinski-upravljalniki","8":"product_cat-paradox","9":"pa_barva-214","11":"first","12":"instock","13":"taxable","14":"shipping-taxable","15":"purchasable","16":"product-type-simple","17":"czr-hentry"},"_links":{"self":[{"href":"https:\/\/www.tada.si\/en\/wp-json\/wp\/v2\/product\/1150","targetHints":{"allow":["GET"]}}],"collection":[{"href":"https:\/\/www.tada.si\/en\/wp-json\/wp\/v2\/product"}],"about":[{"href":"https:\/\/www.tada.si\/en\/wp-json\/wp\/v2\/types\/product"}],"replies":[{"embeddable":true,"href":"https:\/\/www.tada.si\/en\/wp-json\/wp\/v2\/comments?post=1150"}],"wp:featuredmedia":[{"embeddable":true,"href":"https:\/\/www.tada.si\/en\/wp-json\/wp\/v2\/media\/7015"}],"wp:attachment":[{"href":"https:\/\/www.tada.si\/en\/wp-json\/wp\/v2\/media?parent=1150"}],"wp:term":[{"taxonomy":"product_brand","embeddable":true,"href":"https:\/\/www.tada.si\/en\/wp-json\/wp\/v2\/product_brand?post=1150"},{"taxonomy":"product_cat","embeddable":true,"href":"https:\/\/www.tada.si\/en\/wp-json\/wp\/v2\/product_cat?post=1150"},{"taxonomy":"product_tag","embeddable":true,"href":"https:\/\/www.tada.si\/en\/wp-json\/wp\/v2\/product_tag?post=1150"}],"curies":[{"name":"wp","href":"https:\/\/api.w.org\/{rel}","templated":true}]}}