{"id":1152,"date":"2018-10-01T07:52:25","date_gmt":"2018-10-01T05:52:25","guid":{"rendered":"http:\/\/www.tada.si\/?post_type=product&#038;p=1152"},"modified":"2024-11-07T12:12:00","modified_gmt":"2024-11-07T10:12:00","slug":"par-rem101","status":"publish","type":"product","link":"https:\/\/www.tada.si\/en\/trgovina\/alarmni-in-video-nadzor\/paradox\/daljinski-upravljalniki\/par-rem101\/","title":{"rendered":"Brez\u017ei\u010dna tipka PAR REM101"},"content":{"rendered":"<p>Brez\u017ei\u010dna tipka za paniko v vodotesnem ohi\u0161ju kompatibilna s Paradox brez\u017ei\u010dnimi moduli in centralami na 868 MHz &#8211; 1 way komunikacija. \u010crne barve.<\/p>","protected":false},"excerpt":{"rendered":"<p>Brez\u017ei\u010dna tipka za paniko<\/p>","protected":false},"featured_media":6831,"comment_status":"closed","ping_status":"closed","template":"","meta":{"inline_featured_image":false},"product_brand":[],"product_cat":[72,109,88],"product_tag":[],"class_list":{"0":"post-1152","1":"product","2":"type-product","3":"status-publish","4":"has-post-thumbnail","6":"product_cat-alarmni-in-video-nadzor","7":"product_cat-daljinski-upravljalniki","8":"product_cat-paradox","9":"pa_barva-214","11":"first","12":"instock","13":"taxable","14":"shipping-taxable","15":"purchasable","16":"product-type-simple","17":"czr-hentry"},"_links":{"self":[{"href":"https:\/\/www.tada.si\/en\/wp-json\/wp\/v2\/product\/1152","targetHints":{"allow":["GET"]}}],"collection":[{"href":"https:\/\/www.tada.si\/en\/wp-json\/wp\/v2\/product"}],"about":[{"href":"https:\/\/www.tada.si\/en\/wp-json\/wp\/v2\/types\/product"}],"replies":[{"embeddable":true,"href":"https:\/\/www.tada.si\/en\/wp-json\/wp\/v2\/comments?post=1152"}],"wp:featuredmedia":[{"embeddable":true,"href":"https:\/\/www.tada.si\/en\/wp-json\/wp\/v2\/media\/6831"}],"wp:attachment":[{"href":"https:\/\/www.tada.si\/en\/wp-json\/wp\/v2\/media?parent=1152"}],"wp:term":[{"taxonomy":"product_brand","embeddable":true,"href":"https:\/\/www.tada.si\/en\/wp-json\/wp\/v2\/product_brand?post=1152"},{"taxonomy":"product_cat","embeddable":true,"href":"https:\/\/www.tada.si\/en\/wp-json\/wp\/v2\/product_cat?post=1152"},{"taxonomy":"product_tag","embeddable":true,"href":"https:\/\/www.tada.si\/en\/wp-json\/wp\/v2\/product_tag?post=1152"}],"curies":[{"name":"wp","href":"https:\/\/api.w.org\/{rel}","templated":true}]}}