{"id":1156,"date":"2018-10-01T08:02:02","date_gmt":"2018-10-01T06:02:02","guid":{"rendered":"http:\/\/www.tada.si\/?post_type=product&#038;p=1156"},"modified":"2024-11-07T12:34:30","modified_gmt":"2024-11-07T10:34:30","slug":"par-2wpgm","status":"publish","type":"product","link":"https:\/\/www.tada.si\/en\/trgovina\/alarmni-in-video-nadzor\/paradox\/razsiritveni-moduli\/par-2wpgm\/","title":{"rendered":"Brez\u017ei\u010dni PGM modul PAR 2WPGM 868 MHz"},"content":{"rendered":"<p>Brez\u017ei\u010dni PGM modul z dodatnim \u017ei\u010dnim vhodom, dvosmerni, frekvenca 868 MHz, sabota\u017eno stikalo, kompatibilen z Magellan in Spectra serijo, EVO192 in EVOHD.<\/p>","protected":false},"excerpt":{"rendered":"<p>Brez\u017ei\u010dni PGM modul z dodatnim \u017ei\u010dnim vhodom.<\/p>","protected":false},"featured_media":7012,"comment_status":"closed","ping_status":"closed","template":"","meta":{"inline_featured_image":false},"product_brand":[],"product_cat":[72,88,103],"product_tag":[],"class_list":{"0":"post-1156","1":"product","2":"type-product","3":"status-publish","4":"has-post-thumbnail","6":"product_cat-alarmni-in-video-nadzor","7":"product_cat-paradox","8":"product_cat-razsiritveni-moduli","9":"pa_barva-214","11":"first","12":"instock","13":"taxable","14":"shipping-taxable","15":"purchasable","16":"product-type-simple","17":"czr-hentry"},"_links":{"self":[{"href":"https:\/\/www.tada.si\/en\/wp-json\/wp\/v2\/product\/1156","targetHints":{"allow":["GET"]}}],"collection":[{"href":"https:\/\/www.tada.si\/en\/wp-json\/wp\/v2\/product"}],"about":[{"href":"https:\/\/www.tada.si\/en\/wp-json\/wp\/v2\/types\/product"}],"replies":[{"embeddable":true,"href":"https:\/\/www.tada.si\/en\/wp-json\/wp\/v2\/comments?post=1156"}],"wp:featuredmedia":[{"embeddable":true,"href":"https:\/\/www.tada.si\/en\/wp-json\/wp\/v2\/media\/7012"}],"wp:attachment":[{"href":"https:\/\/www.tada.si\/en\/wp-json\/wp\/v2\/media?parent=1156"}],"wp:term":[{"taxonomy":"product_brand","embeddable":true,"href":"https:\/\/www.tada.si\/en\/wp-json\/wp\/v2\/product_brand?post=1156"},{"taxonomy":"product_cat","embeddable":true,"href":"https:\/\/www.tada.si\/en\/wp-json\/wp\/v2\/product_cat?post=1156"},{"taxonomy":"product_tag","embeddable":true,"href":"https:\/\/www.tada.si\/en\/wp-json\/wp\/v2\/product_tag?post=1156"}],"curies":[{"name":"wp","href":"https:\/\/api.w.org\/{rel}","templated":true}]}}