{"id":1177,"date":"2018-10-01T07:37:14","date_gmt":"2018-10-01T05:37:14","guid":{"rendered":"http:\/\/www.tada.si\/?post_type=product&#038;p=1177"},"modified":"2025-10-09T11:06:08","modified_gmt":"2025-10-09T09:06:08","slug":"par-zx82","status":"publish","type":"product","link":"https:\/\/www.tada.si\/en\/trgovina\/alarmni-in-video-nadzor\/paradox\/razsiritveni-moduli\/par-zx82\/","title":{"rendered":"Modul PAR ZX82"},"content":{"rendered":"<p>Modul PAR ZX82. V PVC ohi\u0161ju z mehanizmom za zaklepanje. Omogo\u010da vizualno indikacijo stanja con (odprta, zaprta, sabota\u017ea), napajanja ter komunikacije s centralo. Priklju\u010ditev na BUS vodilo za alarmne centrale serije EVO, Spectra in Magellan verzije 6.80 in vi\u0161je (ni kompatibilno z SP4000). Poraba 95 mA (vse led vklju\u010dene), dimenzije ohi\u0161ja 16.5 cm x 10.2 cm x 2.5 cm. Certifikat EN50131-3 Grade 3 Class II, CE.<\/p>","protected":false},"excerpt":{"rendered":"<p>Modul \u017ei\u010dne conske raz\u0161iritve za 8 con s sabota\u017enim stikalom<\/p>","protected":false},"featured_media":7019,"comment_status":"closed","ping_status":"closed","template":"","meta":{"inline_featured_image":false},"product_brand":[],"product_cat":[72,88,103],"product_tag":[],"class_list":{"0":"post-1177","1":"product","2":"type-product","3":"status-publish","4":"has-post-thumbnail","6":"product_cat-alarmni-in-video-nadzor","7":"product_cat-paradox","8":"product_cat-razsiritveni-moduli","9":"pa_barva-214","11":"first","12":"instock","13":"taxable","14":"shipping-taxable","15":"purchasable","16":"product-type-simple","17":"czr-hentry"},"_links":{"self":[{"href":"https:\/\/www.tada.si\/en\/wp-json\/wp\/v2\/product\/1177","targetHints":{"allow":["GET"]}}],"collection":[{"href":"https:\/\/www.tada.si\/en\/wp-json\/wp\/v2\/product"}],"about":[{"href":"https:\/\/www.tada.si\/en\/wp-json\/wp\/v2\/types\/product"}],"replies":[{"embeddable":true,"href":"https:\/\/www.tada.si\/en\/wp-json\/wp\/v2\/comments?post=1177"}],"wp:featuredmedia":[{"embeddable":true,"href":"https:\/\/www.tada.si\/en\/wp-json\/wp\/v2\/media\/7019"}],"wp:attachment":[{"href":"https:\/\/www.tada.si\/en\/wp-json\/wp\/v2\/media?parent=1177"}],"wp:term":[{"taxonomy":"product_brand","embeddable":true,"href":"https:\/\/www.tada.si\/en\/wp-json\/wp\/v2\/product_brand?post=1177"},{"taxonomy":"product_cat","embeddable":true,"href":"https:\/\/www.tada.si\/en\/wp-json\/wp\/v2\/product_cat?post=1177"},{"taxonomy":"product_tag","embeddable":true,"href":"https:\/\/www.tada.si\/en\/wp-json\/wp\/v2\/product_tag?post=1177"}],"curies":[{"name":"wp","href":"https:\/\/api.w.org\/{rel}","templated":true}]}}