{"id":1183,"date":"2018-10-01T07:47:51","date_gmt":"2018-10-01T05:47:51","guid":{"rendered":"http:\/\/www.tada.si\/?post_type=product&#038;p=1183"},"modified":"2025-10-09T11:38:53","modified_gmt":"2025-10-09T09:38:53","slug":"par-pgm82","status":"publish","type":"product","link":"https:\/\/www.tada.si\/en\/trgovina\/alarmni-in-video-nadzor\/paradox\/razsiritveni-moduli\/par-pgm82\/","title":{"rendered":"Izhodni modul PAR PGM82"},"content":{"rendered":"<p>Izhodni modul PAR PGM82. V PVC ohi\u0161ju z mehanizmom za zaklepanje. Omogo\u010da vizualno indikacijo stanja vsakega izhoda, napajanja in komunikacije s centralo. Priklju\u010ditev na BUS vodilo za alarmne centrale serije EVO, Spectra in Magellan verzije 6.80 in vi\u0161je (ni kompatibilno s SP4000). Omogo\u010deno upravljanje preko Insite GOLD aplikacije in stikal na ohi\u0161ju, poraba max. 315\u00a0 mA, dimenzije ohi\u0161ja 16.5 cm x 10.2 cm x 2.5 cm, GRADE 3.<\/p>","protected":false},"excerpt":{"rendered":"<p>Izhodni modul s \u0161tirimi 8 polno programabilnimi 4A\/24VDC relejskimi izhodi<\/p>","protected":false},"featured_media":7016,"comment_status":"closed","ping_status":"closed","template":"","meta":{"inline_featured_image":false},"product_brand":[],"product_cat":[72,88,103],"product_tag":[],"class_list":{"0":"post-1183","1":"product","2":"type-product","3":"status-publish","4":"has-post-thumbnail","6":"product_cat-alarmni-in-video-nadzor","7":"product_cat-paradox","8":"product_cat-razsiritveni-moduli","9":"pa_barva-214","11":"first","12":"instock","13":"taxable","14":"shipping-taxable","15":"purchasable","16":"product-type-simple","17":"czr-hentry"},"_links":{"self":[{"href":"https:\/\/www.tada.si\/en\/wp-json\/wp\/v2\/product\/1183","targetHints":{"allow":["GET"]}}],"collection":[{"href":"https:\/\/www.tada.si\/en\/wp-json\/wp\/v2\/product"}],"about":[{"href":"https:\/\/www.tada.si\/en\/wp-json\/wp\/v2\/types\/product"}],"replies":[{"embeddable":true,"href":"https:\/\/www.tada.si\/en\/wp-json\/wp\/v2\/comments?post=1183"}],"wp:featuredmedia":[{"embeddable":true,"href":"https:\/\/www.tada.si\/en\/wp-json\/wp\/v2\/media\/7016"}],"wp:attachment":[{"href":"https:\/\/www.tada.si\/en\/wp-json\/wp\/v2\/media?parent=1183"}],"wp:term":[{"taxonomy":"product_brand","embeddable":true,"href":"https:\/\/www.tada.si\/en\/wp-json\/wp\/v2\/product_brand?post=1183"},{"taxonomy":"product_cat","embeddable":true,"href":"https:\/\/www.tada.si\/en\/wp-json\/wp\/v2\/product_cat?post=1183"},{"taxonomy":"product_tag","embeddable":true,"href":"https:\/\/www.tada.si\/en\/wp-json\/wp\/v2\/product_tag?post=1183"}],"curies":[{"name":"wp","href":"https:\/\/api.w.org\/{rel}","templated":true}]}}