{"id":1187,"date":"2018-10-01T07:54:59","date_gmt":"2018-10-01T05:54:59","guid":{"rendered":"http:\/\/www.tada.si\/?post_type=product&#038;p=1187"},"modified":"2025-10-09T11:37:23","modified_gmt":"2025-10-09T09:37:23","slug":"par-rpt1","status":"publish","type":"product","link":"https:\/\/www.tada.si\/en\/trgovina\/alarmni-in-video-nadzor\/paradox\/razsiritveni-moduli\/par-rpt1\/","title":{"rendered":"Brez\u017ei\u010dni oja\u010devalnik PAR RPT1+"},"content":{"rendered":"","protected":false},"excerpt":{"rendered":"<p>Modul v ohi\u0161ju za podalj\u0161anje brez\u017ei\u010dne komunikacije za dodatnih 50m, ki je kompatibilen s Paradox alarmnimi centralami MAGELLAN in SPECTRA v kombinaciji z modulom RTX3 na 868 MHz. Ne podpira RTX3, ko je priklju\u010den na EVO centralo. Podalj\u0161a domet con, brez\u017ei\u010dnih tipkovnic, PGM-jev, brez\u017ei\u010dnih tipkovnic, centrale (razen brez\u017ei\u010dne sirene). Omogo\u010den priklop 2x RPT1+ modula na sistem. Modul zagotavlja vhod za 1 cono z dvosmerno komunikacijo. Vklju\u010duje Li-Ion baterijo za brez\u017ei\u010dno napajanje, Potrebno napajanje 12-24Vac ali 12-24 Vdc. Vklju\u010duje prikaz statusa z LED in sabota\u017ena stikala pred odpiranjem in odstranitvijo od stene. NOV PROIZVOD.<\/p>","protected":false},"featured_media":6832,"comment_status":"open","ping_status":"closed","template":"","meta":{"inline_featured_image":false},"product_brand":[],"product_cat":[72,88,103],"product_tag":[],"class_list":{"0":"post-1187","1":"product","2":"type-product","3":"status-publish","4":"has-post-thumbnail","6":"product_cat-alarmni-in-video-nadzor","7":"product_cat-paradox","8":"product_cat-razsiritveni-moduli","9":"pa_barva-214","11":"first","12":"instock","13":"taxable","14":"shipping-taxable","15":"purchasable","16":"product-type-simple","17":"czr-hentry"},"_links":{"self":[{"href":"https:\/\/www.tada.si\/en\/wp-json\/wp\/v2\/product\/1187","targetHints":{"allow":["GET"]}}],"collection":[{"href":"https:\/\/www.tada.si\/en\/wp-json\/wp\/v2\/product"}],"about":[{"href":"https:\/\/www.tada.si\/en\/wp-json\/wp\/v2\/types\/product"}],"replies":[{"embeddable":true,"href":"https:\/\/www.tada.si\/en\/wp-json\/wp\/v2\/comments?post=1187"}],"wp:featuredmedia":[{"embeddable":true,"href":"https:\/\/www.tada.si\/en\/wp-json\/wp\/v2\/media\/6832"}],"wp:attachment":[{"href":"https:\/\/www.tada.si\/en\/wp-json\/wp\/v2\/media?parent=1187"}],"wp:term":[{"taxonomy":"product_brand","embeddable":true,"href":"https:\/\/www.tada.si\/en\/wp-json\/wp\/v2\/product_brand?post=1187"},{"taxonomy":"product_cat","embeddable":true,"href":"https:\/\/www.tada.si\/en\/wp-json\/wp\/v2\/product_cat?post=1187"},{"taxonomy":"product_tag","embeddable":true,"href":"https:\/\/www.tada.si\/en\/wp-json\/wp\/v2\/product_tag?post=1187"}],"curies":[{"name":"wp","href":"https:\/\/api.w.org\/{rel}","templated":true}]}}