{"id":1189,"date":"2018-10-01T07:31:08","date_gmt":"2018-10-01T05:31:08","guid":{"rendered":"http:\/\/www.tada.si\/?post_type=product&#038;p=1189"},"modified":"2025-10-09T11:41:54","modified_gmt":"2025-10-09T09:41:54","slug":"par-rtx3","status":"publish","type":"product","link":"https:\/\/www.tada.si\/en\/trgovina\/alarmni-in-video-nadzor\/paradox\/razsiritveni-moduli\/par-rtx3\/","title":{"rendered":"PAR RTX3 868Mhz"},"content":{"rendered":"<p>Modul brez\u017ei\u010dne raz\u0161iritve (sprejemooddajnik) za Spectra (1 kos) in EVO alarmne centrale na frekvenvci 868Mhz. Do 32 brez\u017ei\u010dnih con, max. \u0161tevilo daljnskih upravljalnikov: 999 z EVO in 32 z Spectra centralo. Mo\u017enost priklopa brez\u017ei\u010dnih PGM izhodov (8\/EVO in 16\/Spectra).<\/p>","protected":false},"excerpt":{"rendered":"<p>Modul za brez\u017ei\u010dno raz\u0161iritev alarmnih central<\/p>","protected":false},"featured_media":7022,"comment_status":"closed","ping_status":"closed","template":"","meta":{"inline_featured_image":false},"product_brand":[],"product_cat":[72,88,103],"product_tag":[],"class_list":{"0":"post-1189","1":"product","2":"type-product","3":"status-publish","4":"has-post-thumbnail","6":"product_cat-alarmni-in-video-nadzor","7":"product_cat-paradox","8":"product_cat-razsiritveni-moduli","9":"pa_barva-214","11":"first","12":"instock","13":"taxable","14":"shipping-taxable","15":"purchasable","16":"product-type-simple","17":"czr-hentry"},"_links":{"self":[{"href":"https:\/\/www.tada.si\/en\/wp-json\/wp\/v2\/product\/1189","targetHints":{"allow":["GET"]}}],"collection":[{"href":"https:\/\/www.tada.si\/en\/wp-json\/wp\/v2\/product"}],"about":[{"href":"https:\/\/www.tada.si\/en\/wp-json\/wp\/v2\/types\/product"}],"replies":[{"embeddable":true,"href":"https:\/\/www.tada.si\/en\/wp-json\/wp\/v2\/comments?post=1189"}],"wp:featuredmedia":[{"embeddable":true,"href":"https:\/\/www.tada.si\/en\/wp-json\/wp\/v2\/media\/7022"}],"wp:attachment":[{"href":"https:\/\/www.tada.si\/en\/wp-json\/wp\/v2\/media?parent=1189"}],"wp:term":[{"taxonomy":"product_brand","embeddable":true,"href":"https:\/\/www.tada.si\/en\/wp-json\/wp\/v2\/product_brand?post=1189"},{"taxonomy":"product_cat","embeddable":true,"href":"https:\/\/www.tada.si\/en\/wp-json\/wp\/v2\/product_cat?post=1189"},{"taxonomy":"product_tag","embeddable":true,"href":"https:\/\/www.tada.si\/en\/wp-json\/wp\/v2\/product_tag?post=1189"}],"curies":[{"name":"wp","href":"https:\/\/api.w.org\/{rel}","templated":true}]}}