{"id":1198,"date":"2018-10-01T07:30:29","date_gmt":"2018-10-01T07:30:29","guid":{"rendered":"http:\/\/www.tada.si\/?post_type=product&#038;p=1198"},"modified":"2025-10-09T11:43:59","modified_gmt":"2025-10-09T09:43:59","slug":"par-ip150","status":"publish","type":"product","link":"https:\/\/www.tada.si\/en\/trgovina\/alarmni-in-video-nadzor\/paradox\/komunikatorji\/par-ip150\/","title":{"rendered":"Komunikacijski modul PAR IP150+"},"content":{"rendered":"<p>TCP\/IP komunikacijski modul za nadzor in upravljanje Magellan, Spectra in Digiplex EVO alarmnih central. Omogo\u010da prenos podatkov na sprejemnik IPR512\/IPRS-7. Vsebuje dva I\/O, ki jih lahko upravljamo preko interneta, pro\u017eimo preko spletnega vmesnika in status I\/O priklju\u010dkov po\u0161ljemo preko e-po\u0161te. Zagotavlja povezljivost z Insite GOLD, BabyWare, NEware ali InField za dostop do va\u0161ega sistema preko Interneta, DHCP povezljivost brez konfiguracije, oddaljena nadgradnja programske opreme v varnem na\u010dinu, interna diagnostika spomina preko Insite GOLD aplikacije, SSL podpora za po\u0161iljanje varnih spro\u010dil. GRADE 3.<\/p>","protected":false},"excerpt":{"rendered":"<p>TCP\/IP komunikacijski modul z integriranim spletnim vmesnikom za nadzor in upravljanje Magellan, Spectra in Digiplex EVO alarmnih central.<\/p>","protected":false},"featured_media":7737,"comment_status":"closed","ping_status":"closed","template":"","meta":{"inline_featured_image":false},"product_brand":[],"product_cat":[72,106,88],"product_tag":[],"class_list":{"0":"post-1198","1":"product","2":"type-product","3":"status-publish","4":"has-post-thumbnail","6":"product_cat-alarmni-in-video-nadzor","7":"product_cat-komunikatorji","8":"product_cat-paradox","9":"pa_barva-214","11":"first","12":"instock","13":"taxable","14":"shipping-taxable","15":"purchasable","16":"product-type-simple","17":"czr-hentry"},"_links":{"self":[{"href":"https:\/\/www.tada.si\/en\/wp-json\/wp\/v2\/product\/1198","targetHints":{"allow":["GET"]}}],"collection":[{"href":"https:\/\/www.tada.si\/en\/wp-json\/wp\/v2\/product"}],"about":[{"href":"https:\/\/www.tada.si\/en\/wp-json\/wp\/v2\/types\/product"}],"replies":[{"embeddable":true,"href":"https:\/\/www.tada.si\/en\/wp-json\/wp\/v2\/comments?post=1198"}],"wp:featuredmedia":[{"embeddable":true,"href":"https:\/\/www.tada.si\/en\/wp-json\/wp\/v2\/media\/7737"}],"wp:attachment":[{"href":"https:\/\/www.tada.si\/en\/wp-json\/wp\/v2\/media?parent=1198"}],"wp:term":[{"taxonomy":"product_brand","embeddable":true,"href":"https:\/\/www.tada.si\/en\/wp-json\/wp\/v2\/product_brand?post=1198"},{"taxonomy":"product_cat","embeddable":true,"href":"https:\/\/www.tada.si\/en\/wp-json\/wp\/v2\/product_cat?post=1198"},{"taxonomy":"product_tag","embeddable":true,"href":"https:\/\/www.tada.si\/en\/wp-json\/wp\/v2\/product_tag?post=1198"}],"curies":[{"name":"wp","href":"https:\/\/api.w.org\/{rel}","templated":true}]}}