{"id":1242,"date":"2018-10-01T07:30:47","date_gmt":"2018-10-01T05:30:47","guid":{"rendered":"http:\/\/www.tada.si\/?post_type=product&#038;p=1242"},"modified":"2026-03-11T09:41:26","modified_gmt":"2026-03-11T07:41:26","slug":"zunanji-detektor-gibanja-dg85","status":"publish","type":"product","link":"https:\/\/www.tada.si\/en\/trgovina\/alarmni-in-video-nadzor\/paradox\/detektorji-senzorji-paradox\/zunanji-detektor-gibanja-dg85\/","title":{"rendered":"Zunanji detektor gibanja DG85"},"content":{"rendered":"<p>Zunanji detektor gibanja PAR DG85. Neob\u010dutljiv na hi\u0161ne ljubljen\u010dke(do 40 kg). Fresnel le\u010da, pokrivanje: 11 m x 11 m (90\u00b0). NC kontakt, tamper, BUS verzija, za EVO centralo<\/p>","protected":false},"excerpt":{"rendered":"<p>Zunanji digitalni PIR dvojni detektor gibanja<\/p>","protected":false},"featured_media":7027,"comment_status":"closed","ping_status":"closed","template":"","meta":{"inline_featured_image":false},"product_brand":[],"product_cat":[72,104,88],"product_tag":[],"class_list":{"0":"post-1242","1":"product","2":"type-product","3":"status-publish","4":"has-post-thumbnail","6":"product_cat-alarmni-in-video-nadzor","7":"product_cat-detektorji-senzorji-paradox","8":"product_cat-paradox","9":"pa_barva-214","11":"first","12":"instock","13":"taxable","14":"shipping-taxable","15":"purchasable","16":"product-type-simple","17":"czr-hentry"},"_links":{"self":[{"href":"https:\/\/www.tada.si\/en\/wp-json\/wp\/v2\/product\/1242","targetHints":{"allow":["GET"]}}],"collection":[{"href":"https:\/\/www.tada.si\/en\/wp-json\/wp\/v2\/product"}],"about":[{"href":"https:\/\/www.tada.si\/en\/wp-json\/wp\/v2\/types\/product"}],"replies":[{"embeddable":true,"href":"https:\/\/www.tada.si\/en\/wp-json\/wp\/v2\/comments?post=1242"}],"wp:featuredmedia":[{"embeddable":true,"href":"https:\/\/www.tada.si\/en\/wp-json\/wp\/v2\/media\/7027"}],"wp:attachment":[{"href":"https:\/\/www.tada.si\/en\/wp-json\/wp\/v2\/media?parent=1242"}],"wp:term":[{"taxonomy":"product_brand","embeddable":true,"href":"https:\/\/www.tada.si\/en\/wp-json\/wp\/v2\/product_brand?post=1242"},{"taxonomy":"product_cat","embeddable":true,"href":"https:\/\/www.tada.si\/en\/wp-json\/wp\/v2\/product_cat?post=1242"},{"taxonomy":"product_tag","embeddable":true,"href":"https:\/\/www.tada.si\/en\/wp-json\/wp\/v2\/product_tag?post=1242"}],"curies":[{"name":"wp","href":"https:\/\/api.w.org\/{rel}","templated":true}]}}