{"id":1264,"date":"2018-10-01T07:30:38","date_gmt":"2018-10-01T05:30:38","guid":{"rendered":"http:\/\/www.tada.si\/?post_type=product&#038;p=1264"},"modified":"2025-11-26T15:20:49","modified_gmt":"2025-11-26T13:20:49","slug":"box-2-40va","status":"publish","type":"product","link":"https:\/\/www.tada.si\/en\/trgovina\/alarmni-in-video-nadzor\/paradox\/ohisja-in-nosilci\/box-2-40va\/","title":{"rendered":"Paradox Kovinsko ohi\u0161je PAR BOX 2 40VA"},"content":{"rendered":"<p>Kovinsko ohi\u0161je PAR BOX 2 40VA. 325 x 400 x 98 mm. Vgrajen transformator 40VA , varovalka in tamper stikalo. Priklju\u010dena ozemljitev vrat in ohi\u0161ja, plasti\u010dni distan\u010dniki za hitro monta\u017eo<\/p>","protected":false},"excerpt":{"rendered":"<p>Kovinsko ohi\u0161je za Paradox centrale<\/p>","protected":false},"featured_media":6802,"comment_status":"closed","ping_status":"closed","template":"","meta":{"inline_featured_image":false},"product_brand":[],"product_cat":[72,110,88],"product_tag":[],"class_list":{"0":"post-1264","1":"product","2":"type-product","3":"status-publish","4":"has-post-thumbnail","6":"product_cat-alarmni-in-video-nadzor","7":"product_cat-ohisja-in-nosilci","8":"product_cat-paradox","9":"pa_barva-214","11":"first","12":"instock","13":"taxable","14":"shipping-taxable","15":"purchasable","16":"product-type-simple","17":"czr-hentry"},"_links":{"self":[{"href":"https:\/\/www.tada.si\/en\/wp-json\/wp\/v2\/product\/1264","targetHints":{"allow":["GET"]}}],"collection":[{"href":"https:\/\/www.tada.si\/en\/wp-json\/wp\/v2\/product"}],"about":[{"href":"https:\/\/www.tada.si\/en\/wp-json\/wp\/v2\/types\/product"}],"replies":[{"embeddable":true,"href":"https:\/\/www.tada.si\/en\/wp-json\/wp\/v2\/comments?post=1264"}],"wp:featuredmedia":[{"embeddable":true,"href":"https:\/\/www.tada.si\/en\/wp-json\/wp\/v2\/media\/6802"}],"wp:attachment":[{"href":"https:\/\/www.tada.si\/en\/wp-json\/wp\/v2\/media?parent=1264"}],"wp:term":[{"taxonomy":"product_brand","embeddable":true,"href":"https:\/\/www.tada.si\/en\/wp-json\/wp\/v2\/product_brand?post=1264"},{"taxonomy":"product_cat","embeddable":true,"href":"https:\/\/www.tada.si\/en\/wp-json\/wp\/v2\/product_cat?post=1264"},{"taxonomy":"product_tag","embeddable":true,"href":"https:\/\/www.tada.si\/en\/wp-json\/wp\/v2\/product_tag?post=1264"}],"curies":[{"name":"wp","href":"https:\/\/api.w.org\/{rel}","templated":true}]}}