{"id":1266,"date":"2018-10-01T07:30:16","date_gmt":"2018-10-01T05:30:16","guid":{"rendered":"http:\/\/www.tada.si\/?post_type=product&#038;p=1266"},"modified":"2026-02-09T22:30:10","modified_gmt":"2026-02-09T20:30:10","slug":"box-1-40va","status":"publish","type":"product","link":"https:\/\/www.tada.si\/en\/trgovina\/alarmni-in-video-nadzor\/paradox\/ohisja-in-nosilci\/box-1-40va\/","title":{"rendered":"Paradox Kovinsko ohi\u0161je Paradox BOX 1 40VA"},"content":{"rendered":"<p>255 x 255 x 88 mm, vgrajen transformator 40VA, varovalka in tamper stikalo, priklju\u010dena ozemljitev na vratih in ohi\u0161ju, plasti\u010dni distan\u010dniki za hitro monta\u017eo.<\/p>","protected":false},"excerpt":{"rendered":"<p>Kovinsko ohi\u0161je za Paradox centrale<\/p>","protected":false},"featured_media":6801,"comment_status":"closed","ping_status":"closed","template":"","meta":{"inline_featured_image":false},"product_brand":[],"product_cat":[72,110,88],"product_tag":[],"class_list":{"0":"post-1266","1":"product","2":"type-product","3":"status-publish","4":"has-post-thumbnail","6":"product_cat-alarmni-in-video-nadzor","7":"product_cat-ohisja-in-nosilci","8":"product_cat-paradox","9":"pa_barva-214","11":"first","12":"instock","13":"taxable","14":"shipping-taxable","15":"purchasable","16":"product-type-simple","17":"czr-hentry"},"_links":{"self":[{"href":"https:\/\/www.tada.si\/en\/wp-json\/wp\/v2\/product\/1266","targetHints":{"allow":["GET"]}}],"collection":[{"href":"https:\/\/www.tada.si\/en\/wp-json\/wp\/v2\/product"}],"about":[{"href":"https:\/\/www.tada.si\/en\/wp-json\/wp\/v2\/types\/product"}],"replies":[{"embeddable":true,"href":"https:\/\/www.tada.si\/en\/wp-json\/wp\/v2\/comments?post=1266"}],"wp:featuredmedia":[{"embeddable":true,"href":"https:\/\/www.tada.si\/en\/wp-json\/wp\/v2\/media\/6801"}],"wp:attachment":[{"href":"https:\/\/www.tada.si\/en\/wp-json\/wp\/v2\/media?parent=1266"}],"wp:term":[{"taxonomy":"product_brand","embeddable":true,"href":"https:\/\/www.tada.si\/en\/wp-json\/wp\/v2\/product_brand?post=1266"},{"taxonomy":"product_cat","embeddable":true,"href":"https:\/\/www.tada.si\/en\/wp-json\/wp\/v2\/product_cat?post=1266"},{"taxonomy":"product_tag","embeddable":true,"href":"https:\/\/www.tada.si\/en\/wp-json\/wp\/v2\/product_tag?post=1266"}],"curies":[{"name":"wp","href":"https:\/\/api.w.org\/{rel}","templated":true}]}}