{"id":1268,"date":"2018-10-01T07:30:50","date_gmt":"2018-10-01T05:30:50","guid":{"rendered":"http:\/\/www.tada.si\/?post_type=product&#038;p=1268"},"modified":"2025-11-26T15:21:15","modified_gmt":"2025-11-26T13:21:15","slug":"box-0","status":"publish","type":"product","link":"https:\/\/www.tada.si\/en\/trgovina\/alarmni-in-video-nadzor\/paradox\/ohisja-in-nosilci\/box-0\/","title":{"rendered":"Paradox Kovinsko ohi\u0161je PAR BOX 0"},"content":{"rendered":"<p>Kovinsko ohi\u0161je za tipkovnice, zunanje dimenzije 175x195x50mm, notranje dimenzije 170x190x40 (\u0160xVxG), IP20, komplet s sabota\u017enim stikalom (NC) in klju\u010davnico. K ohi\u0161ju sta prilo\u017eena dva klju\u010da! Max. mere tipkovnice: \u0160=110, V=160, G=40 (mm,+\/-2).<\/p>","protected":false},"excerpt":{"rendered":"<p>Kovinsko ohi\u0161je za tipkovnice<\/p>","protected":false},"featured_media":7026,"comment_status":"closed","ping_status":"closed","template":"","meta":{"inline_featured_image":false},"product_brand":[],"product_cat":[72,110,88],"product_tag":[],"class_list":{"0":"post-1268","1":"product","2":"type-product","3":"status-publish","4":"has-post-thumbnail","6":"product_cat-alarmni-in-video-nadzor","7":"product_cat-ohisja-in-nosilci","8":"product_cat-paradox","9":"pa_barva-214","11":"first","12":"instock","13":"taxable","14":"shipping-taxable","15":"purchasable","16":"product-type-simple","17":"czr-hentry"},"_links":{"self":[{"href":"https:\/\/www.tada.si\/en\/wp-json\/wp\/v2\/product\/1268","targetHints":{"allow":["GET"]}}],"collection":[{"href":"https:\/\/www.tada.si\/en\/wp-json\/wp\/v2\/product"}],"about":[{"href":"https:\/\/www.tada.si\/en\/wp-json\/wp\/v2\/types\/product"}],"replies":[{"embeddable":true,"href":"https:\/\/www.tada.si\/en\/wp-json\/wp\/v2\/comments?post=1268"}],"wp:featuredmedia":[{"embeddable":true,"href":"https:\/\/www.tada.si\/en\/wp-json\/wp\/v2\/media\/7026"}],"wp:attachment":[{"href":"https:\/\/www.tada.si\/en\/wp-json\/wp\/v2\/media?parent=1268"}],"wp:term":[{"taxonomy":"product_brand","embeddable":true,"href":"https:\/\/www.tada.si\/en\/wp-json\/wp\/v2\/product_brand?post=1268"},{"taxonomy":"product_cat","embeddable":true,"href":"https:\/\/www.tada.si\/en\/wp-json\/wp\/v2\/product_cat?post=1268"},{"taxonomy":"product_tag","embeddable":true,"href":"https:\/\/www.tada.si\/en\/wp-json\/wp\/v2\/product_tag?post=1268"}],"curies":[{"name":"wp","href":"https:\/\/api.w.org\/{rel}","templated":true}]}}