{"id":1915,"date":"2019-03-28T10:14:07","date_gmt":"2019-03-28T10:14:07","guid":{"rendered":"http:\/\/www.tada.si\/?post_type=product&#038;p=1915"},"modified":"2026-02-26T16:02:03","modified_gmt":"2026-02-26T14:02:03","slug":"samsung-galaxy-ovitek-za-s-serijo","status":"publish","type":"product","link":"https:\/\/www.tada.si\/en\/trgovina\/telefoni\/ovitki\/samsung-galaxy-ovitek-za-s-serijo\/","title":{"rendered":"Samsung Galaxy ovitek za S serijo"},"content":{"rendered":"<p data-start=\"529\" data-end=\"765\">Samsung Galaxy ovitek za S serijo je zasnovan za u\u010dinkovito za\u0161\u010dito telefona pred vsakodnevnimi udarci, padci in praskami. Ovitek se natan\u010dno prilega modelom Samsung Galaxy S in omogo\u010da nemoteno uporabo vseh gumbov, kamere ter priklju\u010dkov.<\/p>\n<p data-start=\"767\" data-end=\"978\">Kakovostni materiali zagotavljajo dober oprijem in udobno uporabo, hkrati pa ohranjajo tanek in eleganten videz telefona. Samsung ovitek za Galaxy S je primeren za vsakodnevno uporabo doma, v slu\u017ebi ali na poti.<\/p>","protected":false},"excerpt":{"rendered":"<p data-start=\"472\" data-end=\"527\">Samsung Galaxy ovitek za S Serijo \u2013 za\u0161\u010dita in stil v enem<\/p>\n<p><strong>Na voljo tudi v drugih barvah. Po\u0161ljite povpra\u0161evanje na info@tada.si.<\/strong><\/p>","protected":false},"featured_media":1916,"comment_status":"open","ping_status":"closed","template":"","meta":{"inline_featured_image":false},"product_brand":[],"product_cat":[71,148,150,64],"product_tag":[],"class_list":{"0":"post-1915","1":"product","2":"type-product","3":"status-publish","4":"has-post-thumbnail","6":"product_cat-outlet","7":"product_cat-ovitki","8":"product_cat-samsung","9":"product_cat-telefoni","10":"pa_barva-crn-a-type","11":"pa_barva-crn-cs-type","12":"pa_barva-crn-led","13":"pa_barva-crna","14":"pa_barva-crna-chrome","15":"pa_barva-modra","16":"pa_barva-prozorna","17":"pa_barva-roza","18":"pa_barva-zelena","20":"first","21":"instock","22":"sale","23":"taxable","24":"shipping-taxable","25":"purchasable","26":"product-type-variable","27":"czr-hentry"},"_links":{"self":[{"href":"https:\/\/www.tada.si\/en\/wp-json\/wp\/v2\/product\/1915","targetHints":{"allow":["GET"]}}],"collection":[{"href":"https:\/\/www.tada.si\/en\/wp-json\/wp\/v2\/product"}],"about":[{"href":"https:\/\/www.tada.si\/en\/wp-json\/wp\/v2\/types\/product"}],"replies":[{"embeddable":true,"href":"https:\/\/www.tada.si\/en\/wp-json\/wp\/v2\/comments?post=1915"}],"wp:featuredmedia":[{"embeddable":true,"href":"https:\/\/www.tada.si\/en\/wp-json\/wp\/v2\/media\/1916"}],"wp:attachment":[{"href":"https:\/\/www.tada.si\/en\/wp-json\/wp\/v2\/media?parent=1915"}],"wp:term":[{"taxonomy":"product_brand","embeddable":true,"href":"https:\/\/www.tada.si\/en\/wp-json\/wp\/v2\/product_brand?post=1915"},{"taxonomy":"product_cat","embeddable":true,"href":"https:\/\/www.tada.si\/en\/wp-json\/wp\/v2\/product_cat?post=1915"},{"taxonomy":"product_tag","embeddable":true,"href":"https:\/\/www.tada.si\/en\/wp-json\/wp\/v2\/product_tag?post=1915"}],"curies":[{"name":"wp","href":"https:\/\/api.w.org\/{rel}","templated":true}]}}