{"id":1936,"date":"2019-03-28T10:45:59","date_gmt":"2019-03-28T08:45:59","guid":{"rendered":"http:\/\/www.tada.si\/?post_type=product&#038;p=1936"},"modified":"2026-02-26T16:02:42","modified_gmt":"2026-02-26T14:02:42","slug":"samsung-galaxy-note-preklopna-torbica","status":"publish","type":"product","link":"https:\/\/www.tada.si\/en\/trgovina\/telefoni\/preklopne-torbice\/samsung-galaxy-note-preklopna-torbica\/","title":{"rendered":"Samsung Galaxy Note preklopna torbica"},"content":{"rendered":"<p><a href=\"https:\/\/www.samsung.com\/si\/smartphones\/\" target=\"_blank\" rel=\"noopener\">Samsung Galaxy<\/a> Note horizontalna preklopna torbica bo va\u0161 mobilnik \u0161\u010ditila pred praskami in udarci.<\/p>\n<p>\u010cudovit dizajn torbice pa bo poskrbel, da boste s svojim mobilnikom moderni prav povsod.<\/p>\n<p>Torbica se popolnoma prilega izbranemu modelu telefona in ima izrezane odprtine za kamero ter zvo\u010dnike.<\/p>","protected":false},"excerpt":{"rendered":"<p>Za\u0161\u010ditite svoj mobilni telefon s stilom in funkcionalnostjo! Ta horizontalna preklopna torbica \u0161\u010diti va\u0161 telefon pred praskami, udarci in vsakodnevno obrabo, hkrati pa ohranja eleganten videz.<\/p>\n<p><strong>Na voljo tudi v drugih modelih in barvah. Po\u0161ljite povpra\u0161evanje na info@tada.si.<\/strong><\/p>\n<p>Oglejte si ostalo ponudbo\u00a0<a href=\"https:\/\/www.tada.si\/en\/product-category\/telefoni\/samsung\/\">Samsung Galaxy izdelkov v na\u0161i spletni trgovini.<\/a><\/p>","protected":false},"featured_media":9853,"comment_status":"open","ping_status":"closed","template":"","meta":{"inline_featured_image":false},"product_brand":[],"product_cat":[71,146,150,64],"product_tag":[],"class_list":{"0":"post-1936","1":"product","2":"type-product","3":"status-publish","4":"has-post-thumbnail","6":"product_cat-outlet","7":"product_cat-preklopne-torbice","8":"product_cat-samsung","9":"product_cat-telefoni","11":"first","12":"instock","13":"sale","14":"taxable","15":"shipping-taxable","16":"purchasable","17":"product-type-variable","18":"czr-hentry"},"_links":{"self":[{"href":"https:\/\/www.tada.si\/en\/wp-json\/wp\/v2\/product\/1936","targetHints":{"allow":["GET"]}}],"collection":[{"href":"https:\/\/www.tada.si\/en\/wp-json\/wp\/v2\/product"}],"about":[{"href":"https:\/\/www.tada.si\/en\/wp-json\/wp\/v2\/types\/product"}],"replies":[{"embeddable":true,"href":"https:\/\/www.tada.si\/en\/wp-json\/wp\/v2\/comments?post=1936"}],"wp:featuredmedia":[{"embeddable":true,"href":"https:\/\/www.tada.si\/en\/wp-json\/wp\/v2\/media\/9853"}],"wp:attachment":[{"href":"https:\/\/www.tada.si\/en\/wp-json\/wp\/v2\/media?parent=1936"}],"wp:term":[{"taxonomy":"product_brand","embeddable":true,"href":"https:\/\/www.tada.si\/en\/wp-json\/wp\/v2\/product_brand?post=1936"},{"taxonomy":"product_cat","embeddable":true,"href":"https:\/\/www.tada.si\/en\/wp-json\/wp\/v2\/product_cat?post=1936"},{"taxonomy":"product_tag","embeddable":true,"href":"https:\/\/www.tada.si\/en\/wp-json\/wp\/v2\/product_tag?post=1936"}],"curies":[{"name":"wp","href":"https:\/\/api.w.org\/{rel}","templated":true}]}}