{"id":2164,"date":"2019-10-08T10:38:22","date_gmt":"2019-10-08T10:38:22","guid":{"rendered":"http:\/\/www.tada.si\/?post_type=product&#038;p=2164"},"modified":"2023-03-14T11:54:19","modified_gmt":"2023-03-14T09:54:19","slug":"snemalnik-nvr-drn-0451rp","status":"publish","type":"product","link":"https:\/\/www.tada.si\/en\/trgovina\/alarmni-in-video-nadzor\/dvc\/snemalniki-dvc\/snemalnik-nvr-drn-0451rp\/","title":{"rendered":"Snemalnik DRN-0451RP"},"content":{"rendered":"<p>Samostojni 4 kanalni NVR, vgrajen 4 x PoE switch, podpira 5Mpx\/4Mpx\/3Mpx\/1080p DVC IP kamere, 1 x HDD (max. 6TB), quadpleks, H.264\/H.265+ kompresija, hitrost snemanja 5Mpx\/25fps; 4Mpx\/25fps; 3Mpx\/25fps; 1080p\/25fps, HDMI, VGA video izhod, P2P, LAN, DHCP, DDNS, spletni vmesnik, mobilni klient, dvojni video pretok, napajanje 48 VDC, napajalnik v kompletu, brez ventilatorja, Onvif kompatibilen, FULL VCA video analitika: Pre\u010dkanje linije (\u010dlovek ali vozilo), vdor (\u010dlovek ali vozilo), odstranitev predmeta, \u0161tetje vozil , \u0161tetje ljudi, sledenje osebi, zaznava zameglitve slike, zaznava spremembe kadra, zaznava pokritja kamere, prepoznava in zajem obrazov, prepoznava gne\u010de oseb (umetna inteligenca), z mi\u0161ko in daljincem, brez diska, 2 leti garancije.<\/p>","protected":false},"excerpt":{"rendered":"<p>Samostojni 4 kanalni NVR, vgrajen 4 x PoE switch, podpira 5Mpx\/4Mpx\/3Mpx\/1080p DVC IP kamere, 1 x HDD (max. 6TB), quadpleks, H.264\/H.265+ kompresija, hitrost snemanja 5Mpx\/25fps; 4Mpx\/25fps; 3Mpx\/25fps; 1080p\/25fps, HDMI, VGA video izhod, P2P, LAN, DHCP, DDNS, spletni vmesnik, mobilni klient, dvojni video pretok, napajanje 48 VDC, napajalnik v kompletu, brez ventilatorja, Onvif kompatibilen, FULL VCA [&hellip;]<\/p>\n","protected":false},"featured_media":6879,"comment_status":"closed","ping_status":"closed","template":"","meta":{"inline_featured_image":false},"product_brand":[],"product_cat":[89,139],"product_tag":[],"class_list":{"0":"post-2164","1":"product","2":"type-product","3":"status-publish","4":"has-post-thumbnail","6":"product_cat-dvc","7":"product_cat-snemalniki-dvc","8":"pa_barva-214","10":"first","11":"instock","12":"taxable","13":"shipping-taxable","14":"purchasable","15":"product-type-simple","16":"czr-hentry"},"_links":{"self":[{"href":"https:\/\/www.tada.si\/en\/wp-json\/wp\/v2\/product\/2164","targetHints":{"allow":["GET"]}}],"collection":[{"href":"https:\/\/www.tada.si\/en\/wp-json\/wp\/v2\/product"}],"about":[{"href":"https:\/\/www.tada.si\/en\/wp-json\/wp\/v2\/types\/product"}],"replies":[{"embeddable":true,"href":"https:\/\/www.tada.si\/en\/wp-json\/wp\/v2\/comments?post=2164"}],"wp:featuredmedia":[{"embeddable":true,"href":"https:\/\/www.tada.si\/en\/wp-json\/wp\/v2\/media\/6879"}],"wp:attachment":[{"href":"https:\/\/www.tada.si\/en\/wp-json\/wp\/v2\/media?parent=2164"}],"wp:term":[{"taxonomy":"product_brand","embeddable":true,"href":"https:\/\/www.tada.si\/en\/wp-json\/wp\/v2\/product_brand?post=2164"},{"taxonomy":"product_cat","embeddable":true,"href":"https:\/\/www.tada.si\/en\/wp-json\/wp\/v2\/product_cat?post=2164"},{"taxonomy":"product_tag","embeddable":true,"href":"https:\/\/www.tada.si\/en\/wp-json\/wp\/v2\/product_tag?post=2164"}],"curies":[{"name":"wp","href":"https:\/\/api.w.org\/{rel}","templated":true}]}}