{"id":2234,"date":"2020-02-14T12:47:49","date_gmt":"2020-02-14T12:47:49","guid":{"rendered":"http:\/\/www.tada.si\/?post_type=product&#038;p=2234"},"modified":"2026-04-09T10:59:47","modified_gmt":"2026-04-09T08:59:47","slug":"video-kamera-dcn-bv2125s","status":"publish","type":"product","link":"https:\/\/www.tada.si\/en\/trgovina\/alarmni-in-video-nadzor\/dvc\/ip-kamere\/video-kamera-dcn-bv2125s\/","title":{"rendered":"Video Kamera DCN-BV2125SN"},"content":{"rendered":"<p>2MPX zunanja kompaktna IP video kamera, lo\u010dljivost 2Mpx\/25fps, objektiv 2.8 &#8211; 12 mm, H. 264 in H.265, 1\/2.8\u2019\u2019 Sony Starvis IMX327, 0,002Lux@F1.2 , (barvna slika kamere pri minimalni osvetlitvi- Starlight tehnologija), IR LED dometa 30-50 m, horizontalni vidni kot: 95,4\u00b0 &#8211; 35,5\u00b0, 12VDC\/PoE, podpira SD kartice do 128GB, , Onvif, IP67 za\u0161\u010dita, 2 leti garancije. VCA videoanalitika: pre\u010dkanje linije, vdor, zameglitev slike, sprememba kadra. Podno\u017eje H2 (DAJ-38, DAJ-40). NDAA kompatibilen.<\/p>","protected":false},"excerpt":{"rendered":"<p>2MPX zunanja kompaktna IP video kamera, lo\u010dljivost 2Mpx\/25fps, objektiv 2.8 &#8211; 12 mm, H. 264 in H.265, 1\/2.8\u2019\u2019 Sony Starvis IMX327, 0,002Lux@F1.2 , (barvna slika kamere pri minimalni osvetlitvi- Starlight tehnologija), IR LED dometa 30-50 m, horizontalni vidni kot: 95,4\u00b0 &#8211; 35,5\u00b0, 12VDC\/PoE, podpira SD kartice do 128GB, , Onvif, IP67 za\u0161\u010dita, 2 leti garancije. [&hellip;]<\/p>\n","protected":false},"featured_media":7075,"comment_status":"closed","ping_status":"closed","template":"","meta":{"inline_featured_image":false},"product_brand":[],"product_cat":[72,89,174],"product_tag":[],"class_list":{"0":"post-2234","1":"product","2":"type-product","3":"status-publish","4":"has-post-thumbnail","6":"product_cat-alarmni-in-video-nadzor","7":"product_cat-dvc","8":"product_cat-ip-kamere","9":"pa_barva-214","11":"first","12":"instock","13":"taxable","14":"shipping-taxable","15":"purchasable","16":"product-type-simple","17":"czr-hentry"},"_links":{"self":[{"href":"https:\/\/www.tada.si\/en\/wp-json\/wp\/v2\/product\/2234","targetHints":{"allow":["GET"]}}],"collection":[{"href":"https:\/\/www.tada.si\/en\/wp-json\/wp\/v2\/product"}],"about":[{"href":"https:\/\/www.tada.si\/en\/wp-json\/wp\/v2\/types\/product"}],"replies":[{"embeddable":true,"href":"https:\/\/www.tada.si\/en\/wp-json\/wp\/v2\/comments?post=2234"}],"wp:featuredmedia":[{"embeddable":true,"href":"https:\/\/www.tada.si\/en\/wp-json\/wp\/v2\/media\/7075"}],"wp:attachment":[{"href":"https:\/\/www.tada.si\/en\/wp-json\/wp\/v2\/media?parent=2234"}],"wp:term":[{"taxonomy":"product_brand","embeddable":true,"href":"https:\/\/www.tada.si\/en\/wp-json\/wp\/v2\/product_brand?post=2234"},{"taxonomy":"product_cat","embeddable":true,"href":"https:\/\/www.tada.si\/en\/wp-json\/wp\/v2\/product_cat?post=2234"},{"taxonomy":"product_tag","embeddable":true,"href":"https:\/\/www.tada.si\/en\/wp-json\/wp\/v2\/product_tag?post=2234"}],"curies":[{"name":"wp","href":"https:\/\/api.w.org\/{rel}","templated":true}]}}