{"id":2276,"date":"2020-03-27T08:06:38","date_gmt":"2020-03-27T06:06:38","guid":{"rendered":"http:\/\/www.tada.si\/?post_type=product&#038;p=2276"},"modified":"2026-03-10T16:25:46","modified_gmt":"2026-03-10T14:25:46","slug":"ajax-hub-plus","status":"publish","type":"product","link":"https:\/\/www.tada.si\/en\/trgovina\/alarmni-in-video-nadzor\/ajax\/alarmne-centrale-ajax\/ajax-hub-plus\/","title":{"rendered":"AJAX Hub Plus"},"content":{"rendered":"<p>Centralna enota (HUB) brez\u017ei\u010dnega protivlomnega sistema z integriranim LAN, Wi-Fi in Dual-SIM GSM\/GPRS 2G\/3G komunikatorjem, omogo\u010da dodajanje in delovanje do 150 brez\u017ei\u010dnih elementov, 25 skupin (particij) max 99 uporabnikov 99 kod, 64 scenarijev. Vgrajena back-up baterija. Garancija 2 leti razen na vgrajene baterije. Na voljo v \u010drni in beli barvi.<\/p>","protected":false},"excerpt":{"rendered":"<p>Centralna enota (HUB) brez\u017ei\u010dnega protivlomnega sistema z integriranim LAN, Wi-Fi in Dual-SIM GSM\/GPRS 2G\/3G komunikatorjem, omogo\u010da dodajanje in delovanje do 150 brez\u017ei\u010dnih elementov, 25 skupin (particij) max 99 uporabnikov 99 kod, 64 scenarijev. Vgrajena back-up baterija. Garancija 2 leti razen na vgrajene baterije. Na voljo v \u010drni in beli barvi.<\/p>","protected":false},"featured_media":6638,"comment_status":"closed","ping_status":"closed","template":"","meta":{"inline_featured_image":false},"product_brand":[],"product_cat":[87,123,72],"product_tag":[],"class_list":{"0":"post-2276","1":"product","2":"type-product","3":"status-publish","4":"has-post-thumbnail","6":"product_cat-ajax","7":"product_cat-alarmne-centrale-ajax","8":"product_cat-alarmni-in-video-nadzor","9":"pa_barva-bela","10":"pa_barva-crna","12":"first","13":"instock","14":"taxable","15":"shipping-taxable","16":"purchasable","17":"product-type-variable","18":"czr-hentry"},"_links":{"self":[{"href":"https:\/\/www.tada.si\/en\/wp-json\/wp\/v2\/product\/2276","targetHints":{"allow":["GET"]}}],"collection":[{"href":"https:\/\/www.tada.si\/en\/wp-json\/wp\/v2\/product"}],"about":[{"href":"https:\/\/www.tada.si\/en\/wp-json\/wp\/v2\/types\/product"}],"replies":[{"embeddable":true,"href":"https:\/\/www.tada.si\/en\/wp-json\/wp\/v2\/comments?post=2276"}],"wp:featuredmedia":[{"embeddable":true,"href":"https:\/\/www.tada.si\/en\/wp-json\/wp\/v2\/media\/6638"}],"wp:attachment":[{"href":"https:\/\/www.tada.si\/en\/wp-json\/wp\/v2\/media?parent=2276"}],"wp:term":[{"taxonomy":"product_brand","embeddable":true,"href":"https:\/\/www.tada.si\/en\/wp-json\/wp\/v2\/product_brand?post=2276"},{"taxonomy":"product_cat","embeddable":true,"href":"https:\/\/www.tada.si\/en\/wp-json\/wp\/v2\/product_cat?post=2276"},{"taxonomy":"product_tag","embeddable":true,"href":"https:\/\/www.tada.si\/en\/wp-json\/wp\/v2\/product_tag?post=2276"}],"curies":[{"name":"wp","href":"https:\/\/api.w.org\/{rel}","templated":true}]}}