{"id":2279,"date":"2020-03-27T08:14:48","date_gmt":"2020-03-27T06:14:48","guid":{"rendered":"http:\/\/www.tada.si\/?post_type=product&#038;p=2279"},"modified":"2026-03-10T16:25:41","modified_gmt":"2026-03-10T14:25:41","slug":"ajax-hub2","status":"publish","type":"product","link":"https:\/\/www.tada.si\/en\/trgovina\/alarmni-in-video-nadzor\/ajax\/alarmne-centrale-ajax\/ajax-hub2\/","title":{"rendered":"AJAX Hub2"},"content":{"rendered":"<p>Centralna enota (HUB) brez\u017ei\u010dnega protivlomnega sistema z integriranim LAN in Dual-SIM GSM\/GPRS 2G komunikatorjem, omogo\u010da dodajanje in delovanje do 100 brez\u017ei\u010dnih elementov, 9 skupin (particij) max 50 uporabnikov, 50 kod. Vgrajena back-up baterija. Podpira video verifikacijo z uporabo MotionCamera detektorjev. Garancija 2 leti razen na vgrajene baterije. Na voljo v \u010drni in beli barvi.<\/p>\n<table id=\"ContentPlaceHolder1_GridViewTechnicalCharacteristics\" class=\"table table-striped\" cellspacing=\"0\">\n<tbody>\n<tr>\n<td>Proizvajalec<\/td>\n<td>AJAX<\/td>\n<\/tr>\n<tr>\n<td>Tehnologija<\/td>\n<td>Brez\u017ei\u010dna<\/td>\n<\/tr>\n<tr>\n<td>\u0160tevilo vgrajenih brez\u017ei\u010dnih con<\/td>\n<td>100<\/td>\n<\/tr>\n<tr>\n<td>Max. \u0161tevilo con &#8211; skupaj<\/td>\n<td>100<\/td>\n<\/tr>\n<tr>\n<td>Skupno \u0161tevilo particij<\/td>\n<td>9<\/td>\n<\/tr>\n<tr>\n<td>Izvedba<\/td>\n<td>Modularna<\/td>\n<\/tr>\n<tr>\n<td>Brez\u017ei\u010dna frekvenca<\/td>\n<td>868 MHz<\/td>\n<\/tr>\n<tr>\n<td>Brez\u017ei\u010dna komunikacija<\/td>\n<td>Dvosmerna<\/td>\n<\/tr>\n<tr>\n<td>Max. raz\u0161iritev brez\u017ei\u010dnih con<\/td>\n<td>100<\/td>\n<\/tr>\n<tr>\n<td>Samodejno prijavljanje brez\u017ei\u010dnih naprav<\/td>\n<td>Preko QR kode<\/td>\n<\/tr>\n<tr>\n<td>Skupno \u0161tevilo pristopnih kod<\/td>\n<td>50 (preko aplikacije za pametni telefon)<\/td>\n<\/tr>\n<tr>\n<td>Skupno \u0161tevilo daljinskih upravljalnikov<\/td>\n<td>100<\/td>\n<\/tr>\n<tr>\n<td>Skupno \u0161tevilo brez\u017ei\u010dnih tipkovnic &#8211; 2 way<\/td>\n<td>100<\/td>\n<\/tr>\n<tr>\n<td>Max. \u0161tevilo nadziranih brez\u017ei\u010dnih siren<\/td>\n<td>100<\/td>\n<\/tr>\n<tr>\n<td>Javljanje na VNC<\/td>\n<td>IP\/GPRS 1 \u0161tevilka objekta<\/td>\n<\/tr>\n<tr>\n<td>Formati javljanja na VNC<\/td>\n<td>AJAX RX<\/td>\n<\/tr>\n<tr>\n<td>SMS javljanje<\/td>\n<td>Opcija<\/td>\n<\/tr>\n<tr>\n<td>GSM\/GPRS komunikator<\/td>\n<td>Integriran GSM\/GPRS<\/td>\n<\/tr>\n<tr>\n<td>IP komunikator<\/td>\n<td>Integriran<\/td>\n<\/tr>\n<tr>\n<td>Video verifikacija alarmnih dogodkov<\/td>\n<td>Da<\/td>\n<\/tr>\n<tr>\n<td>Glavno napajanje<\/td>\n<td>230VAC<\/td>\n<\/tr>\n<tr>\n<td>Stopnja za\u0161\u010dite<\/td>\n<td>EN50131, Grade 2<\/td>\n<\/tr>\n<tr>\n<td>Smartphone aplikacija<\/td>\n<td>Da<\/td>\n<\/tr>\n<tr>\n<td>Vgrajena rezervna baterija<\/td>\n<td>DA<\/td>\n<\/tr>\n<tr>\n<td>Programska oprema za programiranje<\/td>\n<td>Mobilna aplikacija AJAX<\/td>\n<\/tr>\n<tr>\n<td>Dimenzija osnovne plo\u0161\u010de<\/td>\n<td>16,7 x 16,7 x 3,59 cm<\/td>\n<\/tr>\n<tr>\n<td>Delovna temperatura<\/td>\n<td>0\u00b0C do 50\u00b0C<\/td>\n<\/tr>\n<\/tbody>\n<\/table>","protected":false},"excerpt":{"rendered":"<p>Centralna enota (HUB) brez\u017ei\u010dnega protivlomnega sistema z integriranim LAN in Dual-SIM GSM\/GPRS 2G komunikatorjem, omogo\u010da dodajanje in delovanje do 100 brez\u017ei\u010dnih elementov, 9 skupin (particij) max 50 uporabnikov, 50 kod. Vgrajena back-up baterija. Podpira video verifikacijo z uporabo MotionCamera detektorjev. Garancija 2 leti razen na vgrajene baterije. Na voljo v \u010drni in beli barvi. Proizvajalec [&hellip;]<\/p>\n","protected":false},"featured_media":6642,"comment_status":"closed","ping_status":"closed","template":"","meta":{"inline_featured_image":false},"product_brand":[],"product_cat":[87,123,72],"product_tag":[],"class_list":{"0":"post-2279","1":"product","2":"type-product","3":"status-publish","4":"has-post-thumbnail","6":"product_cat-ajax","7":"product_cat-alarmne-centrale-ajax","8":"product_cat-alarmni-in-video-nadzor","9":"pa_barva-bela","10":"pa_barva-crna","12":"first","13":"instock","14":"taxable","15":"shipping-taxable","16":"purchasable","17":"product-type-variable","18":"czr-hentry"},"_links":{"self":[{"href":"https:\/\/www.tada.si\/en\/wp-json\/wp\/v2\/product\/2279","targetHints":{"allow":["GET"]}}],"collection":[{"href":"https:\/\/www.tada.si\/en\/wp-json\/wp\/v2\/product"}],"about":[{"href":"https:\/\/www.tada.si\/en\/wp-json\/wp\/v2\/types\/product"}],"replies":[{"embeddable":true,"href":"https:\/\/www.tada.si\/en\/wp-json\/wp\/v2\/comments?post=2279"}],"wp:featuredmedia":[{"embeddable":true,"href":"https:\/\/www.tada.si\/en\/wp-json\/wp\/v2\/media\/6642"}],"wp:attachment":[{"href":"https:\/\/www.tada.si\/en\/wp-json\/wp\/v2\/media?parent=2279"}],"wp:term":[{"taxonomy":"product_brand","embeddable":true,"href":"https:\/\/www.tada.si\/en\/wp-json\/wp\/v2\/product_brand?post=2279"},{"taxonomy":"product_cat","embeddable":true,"href":"https:\/\/www.tada.si\/en\/wp-json\/wp\/v2\/product_cat?post=2279"},{"taxonomy":"product_tag","embeddable":true,"href":"https:\/\/www.tada.si\/en\/wp-json\/wp\/v2\/product_tag?post=2279"}],"curies":[{"name":"wp","href":"https:\/\/api.w.org\/{rel}","templated":true}]}}