{"id":2292,"date":"2020-03-27T09:44:09","date_gmt":"2020-03-27T07:44:09","guid":{"rendered":"http:\/\/www.tada.si\/?post_type=product&#038;p=2292"},"modified":"2026-02-12T09:03:11","modified_gmt":"2026-02-12T07:03:11","slug":"ajax-motionprotect-curtain-brezzicni-notranji-detektor","status":"publish","type":"product","link":"https:\/\/www.tada.si\/en\/trgovina\/alarmni-in-video-nadzor\/ajax\/detektorji-senzorji-ajax\/ajax-motionprotect-curtain-brezzicni-notranji-detektor\/","title":{"rendered":"AJAX MotionProtect Curtain, brez\u017ei\u010dni notranji detektor"},"content":{"rendered":"<h3><a href=\"https:\/\/ajax.systems\/products\/motionprotect-curtain\/\" target=\"_blank\" rel=\"noopener\">AJAX MotionProtect Curtain<\/a> brez\u017ei\u010dni notranji detektor gibanja ozkega snopa \u0161\u010diti okna, vrata in dragocenosti.<\/h3>\n<ul>\n<li style=\"list-style-type: none;\">\n<ul>\n<li>Za dom, pisarno, trgovine, kavarne, galerije\u2026<\/li>\n<li>Prejme dvakrat ve\u010d informacij o dogajanju na za\u0161\u010ditenem obmo\u010dju in takoj reagira na \u010dlovekovo prisotnost.<\/li>\n<li>Vgrajena dva IR senzorja ter ve\u010dplastno ogledalo.<\/li>\n<\/ul>\n<\/li>\n<\/ul>\n<p><strong data-start=\"0\" data-end=\"8\">Doma<\/strong><br data-start=\"8\" data-end=\"11\" \/>Z detektorji MotionProtect Curtain lahko za\u0161\u010ditite obod svojega doma in se prosto gibljete po notranjosti. \u010ce vsiljivec vdre, sistem spro\u017ei alarm in obvesti varnostno slu\u017ebo.<\/p>\n<p><img loading=\"lazy\" decoding=\"async\" class=\"alignnone\" src=\"https:\/\/ajax.systems\/api\/cdn-img\/?img=%2Fupload%2Fapartment_2x_5408aff2bb%402.jpg&amp;1754557619\" alt=\"Ajax MotionProtect Curtain\" width=\"535\" height=\"303\" \/><\/p>\n<p><strong data-start=\"203\" data-end=\"215\">V gara\u017ei<\/strong><br data-start=\"215\" data-end=\"218\" \/>Vlomec ne bo mogel neopa\u017eeno skozi gara\u017ena vrata, ko je MotionProtect Curtain aktiven. Zavesni detektor deluje zanesljivo tudi pri temperaturah do -10 \u00b0C.<\/p>\n<p><img loading=\"lazy\" decoding=\"async\" class=\"alignnone\" src=\"https:\/\/ajax.systems\/api\/cdn-img\/?img=%2Fupload%2Fgarage_2x_0663246d59%402.jpg&amp;1754557627\" alt=\"Ajax MotionProtect Curtain\" width=\"539\" height=\"305\" \/><\/p>\n<p><strong data-start=\"386\" data-end=\"398\">V muzeju<\/strong><br data-start=\"398\" data-end=\"401\" \/>Obiskovalci se lahko prosto sprehajajo med razstavnimi eksponati. \u010ce pa prestopijo za\u0161\u010diteno linijo in se pribli\u017eajo umetni\u0161kemu delu, se spro\u017ei alarm.<\/p>\n<p><img loading=\"lazy\" decoding=\"async\" class=\"alignnone\" src=\"https:\/\/ajax.systems\/api\/cdn-img\/?img=%2Fupload%2Fmuseum_2x_56c494db78%402.jpg&amp;1754557622\" alt=\"Ajax MotionProtect Curtain\" width=\"540\" height=\"306\" \/><\/p>\n<p><strong data-start=\"565\" data-end=\"618\">V stanovanju, kjer so dovoljeni hi\u0161ni ljubljen\u010dki<\/strong><br data-start=\"618\" data-end=\"621\" \/>Ob pravilni namestitvi MotionProtect Curtain varuje va\u0161o lastnino in ignorira hi\u0161ne ljubljen\u010dke, tudi ve\u010dje, kot je bernardinec.<\/p>\n<p><img loading=\"lazy\" decoding=\"async\" class=\"alignnone\" src=\"https:\/\/ajax.systems\/api\/cdn-img\/?img=%2Fupload%2Fapartment_dog_2x_5bfd817590%402.jpg&amp;1754557633\" alt=\"Ajax MotionProtect Curtain\" width=\"554\" height=\"314\" \/><\/p>\n<h3>Lastnosti<\/h3>\n<p>Detektor prena\u0161a alarme na razdalji do 1.700 metrov od vozli\u0161\u010da. Jeweler, dvosmerni komunikacijski protokol, \u0161\u010diti prenose podatkov z naprednim \u0161ifriranjem. V primeru motenj ali zastojev varnostni sistem preklopi med frekvencami in opozori vas in va\u0161o varnostno slu\u017ebo na alarme.<\/p>\n<p><strong data-start=\"789\" data-end=\"819\">Lastna opti\u010dna tehnologija<\/strong><br data-start=\"819\" data-end=\"822\" \/>Opti\u010dni sistem z dvema infrarde\u010dima senzorjema in ve\u010dplastnim ogledalom. Ta sistem omogo\u010da detektorju, da zazna dvakrat ve\u010d informacij o dogajanju v varovanem obmo\u010dju in se takoj odzove na prisotnost \u010dloveka.<\/p>\n<p><strong data-start=\"1101\" data-end=\"1127\">Hiter odziv na gro\u017enje<\/strong><br data-start=\"1127\" data-end=\"1130\" \/>Ne glede na to, ali se vsiljivec premika hitro ali po\u010dasi, je MotionProtect Curtain vedno pripravljen. Takoj ko vstopi v obmo\u010dje zaznavanja, detektor analizira signale obeh PIR senzorjev in nemudoma po\u0161lje opozorilo.<\/p>\n<h3>Enostavna namestitev in nastavitev<\/h3>\n<p>Detektor se pove\u017ee z varnostnim sistemom prek mobilne aplikacije: skenirajte QR kodo, dodajte detektor v izbrano sobo in nadaljujte s fizi\u010dno namestitvijo s pomo\u010djo SmartBracket zidnega nosilca.<\/p>\n<p><a href=\"https:\/\/www.tada.si\/wp-content\/uploads\/2020\/03\/Ajax-MotionProtect-Curtain-1-1.jpg\"><img loading=\"lazy\" decoding=\"async\" class=\"wp-image-10051 size-medium\" src=\"https:\/\/www.tada.si\/wp-content\/uploads\/2020\/03\/Ajax-MotionProtect-Curtain-1-1-300x224.jpg\" alt=\"Ajax MotionProtect Curtain\" width=\"300\" height=\"224\" srcset=\"https:\/\/www.tada.si\/wp-content\/uploads\/2020\/03\/Ajax-MotionProtect-Curtain-1-1-300x224.jpg 300w, https:\/\/www.tada.si\/wp-content\/uploads\/2020\/03\/Ajax-MotionProtect-Curtain-1-1-16x12.jpg 16w, https:\/\/www.tada.si\/wp-content\/uploads\/2020\/03\/Ajax-MotionProtect-Curtain-1-1-570x427.jpg 570w, https:\/\/www.tada.si\/wp-content\/uploads\/2020\/03\/Ajax-MotionProtect-Curtain-1-1-600x449.jpg 600w, https:\/\/www.tada.si\/wp-content\/uploads\/2020\/03\/Ajax-MotionProtect-Curtain-1-1-64x48.jpg 64w, https:\/\/www.tada.si\/wp-content\/uploads\/2020\/03\/Ajax-MotionProtect-Curtain-1-1.jpg 739w\" sizes=\"auto, (max-width: 300px) 100vw, 300px\" \/><\/a><\/p>","protected":false},"excerpt":{"rendered":"<p>Brez\u017ei\u010dni zavesni IR detektor je idealna re\u0161itev za zanesljivo varovanje vrat, oken, hodnikov in drugih prehodnih povr\u0161in. Zahvaljujo\u010d dvema vgrajenima infrarde\u010dima senzorjema zagotavlja natan\u010dno zaznavanje gibanja z ozkim horizontalnim kotom 6\u00b0 in \u0161irokim vertikalnim kotom 90\u00b0, kar omogo\u010da u\u010dinkovito za\u0161\u010dito brez la\u017enih alarmov.<\/p>\n<p>Oglejte si \u0161e ostalo ponudbo <a href=\"https:\/\/www.tada.si\/en\/product-category\/alarmni-sistemi\/ajax\/\">AJAX alarmnega sistema na na\u0161i spletni strani.<\/a><\/p>","protected":false},"featured_media":6663,"comment_status":"open","ping_status":"closed","template":"","meta":{"inline_featured_image":false},"product_brand":[],"product_cat":[87,72,114],"product_tag":[],"class_list":{"0":"post-2292","1":"product","2":"type-product","3":"status-publish","4":"has-post-thumbnail","6":"product_cat-ajax","7":"product_cat-alarmni-in-video-nadzor","8":"product_cat-detektorji-senzorji-ajax","9":"pa_barva-bela","10":"pa_barva-crna","12":"first","13":"instock","14":"taxable","15":"shipping-taxable","16":"purchasable","17":"product-type-variable","18":"czr-hentry"},"_links":{"self":[{"href":"https:\/\/www.tada.si\/en\/wp-json\/wp\/v2\/product\/2292","targetHints":{"allow":["GET"]}}],"collection":[{"href":"https:\/\/www.tada.si\/en\/wp-json\/wp\/v2\/product"}],"about":[{"href":"https:\/\/www.tada.si\/en\/wp-json\/wp\/v2\/types\/product"}],"replies":[{"embeddable":true,"href":"https:\/\/www.tada.si\/en\/wp-json\/wp\/v2\/comments?post=2292"}],"wp:featuredmedia":[{"embeddable":true,"href":"https:\/\/www.tada.si\/en\/wp-json\/wp\/v2\/media\/6663"}],"wp:attachment":[{"href":"https:\/\/www.tada.si\/en\/wp-json\/wp\/v2\/media?parent=2292"}],"wp:term":[{"taxonomy":"product_brand","embeddable":true,"href":"https:\/\/www.tada.si\/en\/wp-json\/wp\/v2\/product_brand?post=2292"},{"taxonomy":"product_cat","embeddable":true,"href":"https:\/\/www.tada.si\/en\/wp-json\/wp\/v2\/product_cat?post=2292"},{"taxonomy":"product_tag","embeddable":true,"href":"https:\/\/www.tada.si\/en\/wp-json\/wp\/v2\/product_tag?post=2292"}],"curies":[{"name":"wp","href":"https:\/\/api.w.org\/{rel}","templated":true}]}}